{"id":287776,"date":"2022-06-17T13:43:12","date_gmt":"2022-06-17T11:43:12","guid":{"rendered":"https:\/\/www.huntersfriend.eu\/product\/sitka-ballistisk-mossa\/"},"modified":"2025-08-27T10:56:49","modified_gmt":"2025-08-27T08:56:49","slug":"sitka-ballistisk-mossa","status":"publish","type":"product","link":"https:\/\/www.huntersfriend.eu\/sv\/produkt\/sitka-ballistisk-mossa\/","title":{"rendered":"SITKA ballistisk m\u00f6ssa"},"content":{"rendered":"<p>Den ballistiska m\u00f6ssan \u00e4r gjord f\u00f6r j\u00e4gare och guider som beh\u00f6ver maximal v\u00e4rme och synlighet f\u00f6r sena s\u00e4songens jakt med gev\u00e4r. Ett ultramjukt Berber-foder och ett slitstarkt dubbelv\u00e4vt orange tyg omsluter 60 g\/m2 PrimaLoft\u00ae Silver-isolering. <\/p>\n<ul class=\"HeroSpecs__list\">\n<li>\n<p class=\"Hero-desc\"><strong>Vikt:<\/strong> 90 g<\/p>\n<\/li>\n<li>\n<p class=\"Hero-desc\"><strong>Material:<\/strong> dubbelv\u00e4vd polyester, borstad polyesterfleece med h\u00f6g loft.<\/p>\n<\/li>\n<li>\n<p class=\"Hero-desc\"><strong>Isolering:<\/strong> 60 g\/m2 PrimaLoft\u00ae Silver-isolering.<\/p>\n<\/li>\n<li>\n<p class=\"Hero-desc\"><strong>Stretchpanel baktill:<\/strong> Stretchpanelen baktill ger en \u00e5tsittande och bekv\u00e4m passform.<\/p>\n<\/li>\n<li>\n<p class=\"Hero-desc\"><strong>Berber-foder med h\u00f6g loft:<\/strong> F\u00f6r extra isolering och v\u00e4rme.<\/p>\n<\/li>\n<li>\n<p class=\"Hero-desc\"><strong>Slitstark vattenavvisande<\/strong> finish som motst\u00e5r l\u00e4tt nederb\u00f6rd och f\u00f6rhindrar att tyget p\u00e5 framsidan blir bl\u00f6tt.<\/p>\n<\/li>\n<li>\n<p class=\"Hero-desc\"><strong>PrimaLoft\u00ae-teknik:<\/strong> PrimaLoft\u00ae-produkter \u00e4r det ultimata inom isoleringsteknik f\u00f6r j\u00e4gare. Ultrafina fibrer \u00e4r konstruerade f\u00f6r att beh\u00e5lla maximal v\u00e4rme \u00e4ven n\u00e4r de \u00e4r v\u00e5ta. <\/p>\n<\/li>\n<\/ul>\n","protected":false},"excerpt":{"rendered":"<p>Den ballistiska m\u00f6ssan \u00e4r gjord f\u00f6r j\u00e4gare och guider som beh\u00f6ver maximal v\u00e4rme och synlighet f\u00f6r sena s\u00e4songens jakt med gev\u00e4r. Ett ultramjukt Berber-foder och ett slitstarkt dubbelv\u00e4vt orange tyg omsluter 60 g\/m2 PrimaLoft\u00ae Silver-isolering. Vikt: 90 g Material: dubbelv\u00e4vd polyester, borstad polyesterfleece med h\u00f6g loft. Isolering: 60 g\/m2 PrimaLoft\u00ae Silver-isolering. Stretchpanel baktill: Stretchpanelen baktill [&#8230;]\n","protected":false},"featured_media":237690,"comment_status":"open","ping_status":"closed","template":"","meta":[],"product_brand":[],"product_cat":[878],"product_tag":[],"class_list":{"0":"post-287776","1":"product","2":"type-product","3":"status-publish","4":"has-post-thumbnail","6":"product_cat-uncategorized-sv","8":"first","9":"outofstock","10":"sale","11":"taxable","12":"shipping-taxable","13":"purchasable","14":"product-type-simple"},"composite_virtual":false,"composite_layout":"","composite_add_to_cart_form_location":"","composite_editable_in_cart":false,"composite_sold_individually_context":"","composite_shop_price_calc":"","composite_components":[],"composite_scenarios":[],"group_of_quantity":0,"min_quantity":0,"max_quantity":"","exclude_order_quantity_value_rules":"no","exclude_category_quantity_rules":"no","combine_variations":"no","exclude_global_add_ons":[],"addons":[],"_links":{"self":[{"href":"https:\/\/www.huntersfriend.eu\/sv\/wp-json\/wp\/v2\/product\/287776","targetHints":{"allow":["GET"]}}],"collection":[{"href":"https:\/\/www.huntersfriend.eu\/sv\/wp-json\/wp\/v2\/product"}],"about":[{"href":"https:\/\/www.huntersfriend.eu\/sv\/wp-json\/wp\/v2\/types\/product"}],"replies":[{"embeddable":true,"href":"https:\/\/www.huntersfriend.eu\/sv\/wp-json\/wp\/v2\/comments?post=287776"}],"wp:featuredmedia":[{"embeddable":true,"href":"https:\/\/www.huntersfriend.eu\/sv\/wp-json\/wp\/v2\/media\/237690"}],"wp:attachment":[{"href":"https:\/\/www.huntersfriend.eu\/sv\/wp-json\/wp\/v2\/media?parent=287776"}],"wp:term":[{"taxonomy":"product_brand","embeddable":true,"href":"https:\/\/www.huntersfriend.eu\/sv\/wp-json\/wp\/v2\/product_brand?post=287776"},{"taxonomy":"product_cat","embeddable":true,"href":"https:\/\/www.huntersfriend.eu\/sv\/wp-json\/wp\/v2\/product_cat?post=287776"},{"taxonomy":"product_tag","embeddable":true,"href":"https:\/\/www.huntersfriend.eu\/sv\/wp-json\/wp\/v2\/product_tag?post=287776"}],"curies":[{"name":"wp","href":"https:\/\/api.w.org\/{rel}","templated":true}]}}