{"id":287775,"date":"2022-06-14T13:15:16","date_gmt":"2022-06-14T11:15:16","guid":{"rendered":"https:\/\/www.huntersfriend.eu\/product\/smygjaktprodukter-360-predator-markgomme\/"},"modified":"2026-03-27T23:19:23","modified_gmt":"2026-03-27T21:19:23","slug":"smygjaktprodukter-360-predator-markgomme","status":"publish","type":"product","link":"https:\/\/www.huntersfriend.eu\/sv\/produkt\/smygjaktprodukter-360-predator-markgomme\/","title":{"rendered":"Smygjaktprodukter \u2013 360 predator markg\u00f6mme"},"content":{"rendered":"<div>Har du ocks\u00e5 irriterats \u00f6ver den d\u00e5liga sikten n\u00e4r du sitter i markg\u00f6mmet? Har djuret n\u00e5gonsin uppt\u00e4ckt dig i g\u00f6mmet n\u00e4r du har \u00f6ppnat f\u00f6r m\u00e5nga f\u00f6nster f\u00f6r att f\u00f6rb\u00e4ttra sikten och avsl\u00f6jat dig sj\u00e4lv? <\/div>\n<div><\/div>\n<div>Du beh\u00f6ver inte oroa dig f\u00f6r detta l\u00e4ngre! Genom att anv\u00e4nda det nya Stealth Hunting Products \u2013 360 Predator markg\u00f6mme elimineras det irriterande problemet, eftersom de enda delarna du inte kan se igenom t\u00e4ltet \u00e4r taket och bakv\u00e4ggen. S\u00e5 ditt synf\u00e4lt inuti t\u00e4ltet \u00e4r hela 270 grader och du kan s\u00e4ga adj\u00f6 till de irriterande d\u00f6da vinklarna! Skjut-\/visningsf\u00f6nstren \u00e4r justerbara, s\u00e5 du kan h\u00e5lla f\u00f6nstren \u00f6ppna s\u00e5 lite som du vill. T\u00e4ltets tak och bakv\u00e4gg \u00e4r gjorda av vattent\u00e4tt tyg, s\u00e5 du beh\u00f6ver inte oroa dig f\u00f6r att bli bl\u00f6t. G\u00f6mmena har 188 cm inv\u00e4ndig h\u00f6jd och 208 cm diameter vilket ger gott om utrymme att man\u00f6vrera i g\u00f6mmet \u00e4ven med en pilb\u00e5ge. Det finns s\u00e5 mycket utrymme att det bekv\u00e4mt rymmer tv\u00e5 j\u00e4gare inuti. T\u00e4ltet med pop-up-mekanism kan s\u00e4ttas upp och tas ner p\u00e5 mindre \u00e4n en minut!       <\/div>\n<div><\/div>\n<ul>\n<li>Camouflagem\u00f6nster som sm\u00e4lter v\u00e4l in i n\u00e4stan alla typer av skogar<\/li>\n<li>Vattent\u00e4tt tak och bakv\u00e4gg<\/li>\n<li>H\u00f6jd: 188 cm<\/li>\n<li>Diameter: 208 cm<\/li>\n<li>Basens storlek: 165 cm x 165 cm<\/li>\n<\/ul>\n<div><\/div>\n<div><a href=\"https:\/\/www.huntersfriend.eu\/app\/uploads\/2022\/06\/5-scaled.jpg\"><img decoding=\"async\" class=\"alignnone size-medium wp-image-233155\" src=\"https:\/\/www.huntersfriend.eu\/app\/uploads\/2022\/06\/5-600x450.jpg\" alt=\"\" width=\"600\" height=\"450\" srcset=\"https:\/\/www.huntersfriend.eu\/app\/uploads\/2022\/06\/5-600x450.jpg 600w, https:\/\/www.huntersfriend.eu\/app\/uploads\/2022\/06\/5-1024x768.jpg 1024w, https:\/\/www.huntersfriend.eu\/app\/uploads\/2022\/06\/5-768x576.jpg 768w, https:\/\/www.huntersfriend.eu\/app\/uploads\/2022\/06\/5-1536x1152.jpg 1536w, https:\/\/www.huntersfriend.eu\/app\/uploads\/2022\/06\/5-2048x1536.jpg 2048w, https:\/\/www.huntersfriend.eu\/app\/uploads\/2022\/06\/5-300x225.jpg 300w, https:\/\/www.huntersfriend.eu\/app\/uploads\/2022\/06\/5-200x150.jpg 200w\" sizes=\"(max-width: 600px) 100vw, 600px\" \/><\/a><\/div>\n","protected":false},"excerpt":{"rendered":"<p><strong>Observera: Onlinebest\u00e4llningar \u00e4r begr\u00e4nsade till en per best\u00e4llning. F\u00f6r st\u00f6rre m\u00e4ngder, v\u00e4nligen kontakta kundtj\u00e4nst direkt f\u00f6r att se om leveranskostnader <\/strong><\/p>\n","protected":false},"featured_media":233143,"comment_status":"open","ping_status":"closed","template":"","meta":[],"product_brand":[],"product_cat":[2879,2718],"product_tag":[],"class_list":{"0":"post-287775","1":"product","2":"type-product","3":"status-publish","4":"has-post-thumbnail","6":"product_cat-markgomslen-sv","7":"product_cat-markgomslen","8":"product_shipping_class-big-sv","10":"first","11":"instock","12":"featured","13":"taxable","14":"shipping-taxable","15":"purchasable","16":"product-type-simple"},"composite_virtual":false,"composite_layout":"","composite_add_to_cart_form_location":"","composite_editable_in_cart":false,"composite_sold_individually_context":"","composite_shop_price_calc":"","composite_components":[],"composite_scenarios":[],"group_of_quantity":0,"min_quantity":0,"max_quantity":"","exclude_order_quantity_value_rules":"no","exclude_category_quantity_rules":"no","combine_variations":"no","exclude_global_add_ons":[],"addons":[],"_links":{"self":[{"href":"https:\/\/www.huntersfriend.eu\/sv\/wp-json\/wp\/v2\/product\/287775","targetHints":{"allow":["GET"]}}],"collection":[{"href":"https:\/\/www.huntersfriend.eu\/sv\/wp-json\/wp\/v2\/product"}],"about":[{"href":"https:\/\/www.huntersfriend.eu\/sv\/wp-json\/wp\/v2\/types\/product"}],"replies":[{"embeddable":true,"href":"https:\/\/www.huntersfriend.eu\/sv\/wp-json\/wp\/v2\/comments?post=287775"}],"wp:featuredmedia":[{"embeddable":true,"href":"https:\/\/www.huntersfriend.eu\/sv\/wp-json\/wp\/v2\/media\/233143"}],"wp:attachment":[{"href":"https:\/\/www.huntersfriend.eu\/sv\/wp-json\/wp\/v2\/media?parent=287775"}],"wp:term":[{"taxonomy":"product_brand","embeddable":true,"href":"https:\/\/www.huntersfriend.eu\/sv\/wp-json\/wp\/v2\/product_brand?post=287775"},{"taxonomy":"product_cat","embeddable":true,"href":"https:\/\/www.huntersfriend.eu\/sv\/wp-json\/wp\/v2\/product_cat?post=287775"},{"taxonomy":"product_tag","embeddable":true,"href":"https:\/\/www.huntersfriend.eu\/sv\/wp-json\/wp\/v2\/product_tag?post=287775"}],"curies":[{"name":"wp","href":"https:\/\/api.w.org\/{rel}","templated":true}]}}