{"id":287770,"date":"2022-06-17T13:43:11","date_gmt":"2022-06-17T11:43:11","guid":{"rendered":"https:\/\/www.huntersfriend.eu\/product\/sitka-halsvarmare\/"},"modified":"2025-08-27T10:56:53","modified_gmt":"2025-08-27T08:56:53","slug":"sitka-halsvarmare","status":"publish","type":"product","link":"https:\/\/www.huntersfriend.eu\/sv\/produkt\/sitka-halsvarmare\/","title":{"rendered":"SITKA halsv\u00e4rmare"},"content":{"rendered":"<p>V\u00e5r halsv\u00e4rmare \u00e4r silkeslen och fodrad med dubbeltjock, h\u00f6g luggfleece, och ger dig extra v\u00e4rme och skydd fr\u00e5n tr\u00e4dstammen till g\u00f6mslet.<\/p>\n<ul class=\"HeroSpecs__list\">\n<li>\n<p class=\"Hero-desc\"><strong>GORE\u2122 OPTIFADE\u2122 Concealment Elevated II <\/strong>\u00e4r designad f\u00f6r att f\u00f6rf\u00f6lja och \u00f6verfalla hovdjur fr\u00e5n markniv\u00e5 i tr\u00e4dbevuxen och vegeterad terr\u00e4ng.<\/p>\n<\/li>\n<li>\n<p class=\"Hero-desc\"><strong>Material:<\/strong> stretch polyesterstickning med polyesterfleecefoder med h\u00f6g lugg.<\/p>\n<\/li>\n<li>\n<p class=\"Hero-desc\">En mjuk fleeceinsida med h\u00f6g lugg ger rikligt med v\u00e4rme och maximal komfort<\/p>\n<\/li>\n<\/ul>\n","protected":false},"excerpt":{"rendered":"<p>V\u00e5r halsv\u00e4rmare \u00e4r silkeslen och fodrad med dubbeltjock, h\u00f6g luggfleece, och ger dig extra v\u00e4rme och skydd fr\u00e5n tr\u00e4dstammen till g\u00f6mslet. GORE\u2122 OPTIFADE\u2122 Concealment Elevated II \u00e4r designad f\u00f6r att f\u00f6rf\u00f6lja och \u00f6verfalla hovdjur fr\u00e5n markniv\u00e5 i tr\u00e4dbevuxen och vegeterad terr\u00e4ng. Material: stretch polyesterstickning med polyesterfleecefoder med h\u00f6g lugg. En mjuk fleeceinsida med h\u00f6g lugg [&#8230;]\n","protected":false},"featured_media":287771,"comment_status":"open","ping_status":"closed","template":"","meta":[],"product_brand":[],"product_cat":[2716],"product_tag":[],"class_list":{"0":"post-287770","1":"product","2":"type-product","3":"status-publish","4":"has-post-thumbnail","6":"product_cat-hattar-och-huvudbonader","8":"first","9":"outofstock","10":"taxable","11":"shipping-taxable","12":"purchasable","13":"product-type-simple"},"composite_virtual":false,"composite_layout":"","composite_add_to_cart_form_location":"","composite_editable_in_cart":false,"composite_sold_individually_context":"","composite_shop_price_calc":"","composite_components":[],"composite_scenarios":[],"group_of_quantity":0,"min_quantity":0,"max_quantity":"","exclude_order_quantity_value_rules":"no","exclude_category_quantity_rules":"no","combine_variations":"no","exclude_global_add_ons":[],"addons":[],"_links":{"self":[{"href":"https:\/\/www.huntersfriend.eu\/sv\/wp-json\/wp\/v2\/product\/287770","targetHints":{"allow":["GET"]}}],"collection":[{"href":"https:\/\/www.huntersfriend.eu\/sv\/wp-json\/wp\/v2\/product"}],"about":[{"href":"https:\/\/www.huntersfriend.eu\/sv\/wp-json\/wp\/v2\/types\/product"}],"replies":[{"embeddable":true,"href":"https:\/\/www.huntersfriend.eu\/sv\/wp-json\/wp\/v2\/comments?post=287770"}],"wp:featuredmedia":[{"embeddable":true,"href":"https:\/\/www.huntersfriend.eu\/sv\/wp-json\/wp\/v2\/media\/287771"}],"wp:attachment":[{"href":"https:\/\/www.huntersfriend.eu\/sv\/wp-json\/wp\/v2\/media?parent=287770"}],"wp:term":[{"taxonomy":"product_brand","embeddable":true,"href":"https:\/\/www.huntersfriend.eu\/sv\/wp-json\/wp\/v2\/product_brand?post=287770"},{"taxonomy":"product_cat","embeddable":true,"href":"https:\/\/www.huntersfriend.eu\/sv\/wp-json\/wp\/v2\/product_cat?post=287770"},{"taxonomy":"product_tag","embeddable":true,"href":"https:\/\/www.huntersfriend.eu\/sv\/wp-json\/wp\/v2\/product_tag?post=287770"}],"curies":[{"name":"wp","href":"https:\/\/api.w.org\/{rel}","templated":true}]}}