{"id":287765,"date":"2022-06-17T13:43:12","date_gmt":"2022-06-17T11:43:12","guid":{"rendered":"https:\/\/www.huntersfriend.eu\/product\/sitka-ws-cadence-byxa\/"},"modified":"2025-10-13T08:30:00","modified_gmt":"2025-10-13T06:30:00","slug":"sitka-ws-cadence-byxa-2","status":"publish","type":"product","link":"https:\/\/www.huntersfriend.eu\/sv\/produkt\/sitka-ws-cadence-byxa-2\/","title":{"rendered":"SITKA WS Cadence-byxa"},"content":{"rendered":"<p>Den m\u00e5ngsidiga och bekv\u00e4ma Cadence-byxan \u00e4r tillverkad av ett ultral\u00e4tt, fyrv\u00e4gsstretchigt polyestertyg som uppn\u00e5r fj\u00e4derl\u00e4tt h\u00e5llbarhet. En f\u00f6rskjuten midjeknapp minskar bulk och ihopklumpning vid anv\u00e4ndning som ett lager, och ledad m\u00f6nstring och stretch kombineras f\u00f6r optimerad r\u00f6rlighet som ytterkl\u00e4der under tidiga h\u00f6stjakter eller som ett mellanlager l\u00e5ngt in p\u00e5 sen s\u00e4song.  Cadence-byxan \u00e4r den perfekta jaktbyxan f\u00f6r damer f\u00f6r anv\u00e4ndning under alla \u00e5rstider.<\/p>\n<ul class=\"HeroSpecs__list\">\n<li>\n<p class=\"Hero-desc\"><strong>Material:<\/strong> Fyrv\u00e4gsstretchigt v\u00e4vt dubbelv\u00e4v (92 % polyester, 8 % spandex).<\/p>\n<\/li>\n<li>\n<p class=\"Hero-desc\">N\u00f6tningsbest\u00e4ndig dedikerad knivficka.<\/p>\n<\/li>\n<li>\n<p class=\"Hero-desc\">Diagonala, n\u00e4tfodrade fickor med dragkedja p\u00e5 l\u00e5ren.<\/p>\n<\/li>\n<li>\n<p class=\"Hero-desc\"><strong>L\u00e5gprofilmidja:<\/strong> Av kvinnor. F\u00f6r kvinnor. 100 % SITKA.  <\/p>\n<\/li>\n<li>\n<p class=\"Hero-desc\"><strong>N\u00f6tningsbest\u00e4ndig knivficka:<\/strong> H\u00e5ll kniven n\u00e4ra till hands.<\/p>\n<\/li>\n<\/ul>\n","protected":false},"excerpt":{"rendered":"<p>Den m\u00e5ngsidiga och bekv\u00e4ma Cadence-byxan \u00e4r tillverkad av ett ultral\u00e4tt, fyrv\u00e4gsstretchigt polyestertyg som uppn\u00e5r fj\u00e4derl\u00e4tt h\u00e5llbarhet. En f\u00f6rskjuten midjeknapp minskar bulk och ihopklumpning vid anv\u00e4ndning som ett lager, och ledad m\u00f6nstring och stretch kombineras f\u00f6r optimerad r\u00f6rlighet som ytterkl\u00e4der under tidiga h\u00f6stjakter eller som ett mellanlager l\u00e5ngt in p\u00e5 sen s\u00e4song. Cadence-byxan \u00e4r den perfekta [&#8230;]\n","protected":false},"featured_media":237672,"comment_status":"open","ping_status":"closed","template":"","meta":[],"product_brand":[],"product_cat":[2765,2710],"product_tag":[],"class_list":{"0":"post-287765","1":"product","2":"type-product","3":"status-publish","4":"has-post-thumbnail","6":"product_cat-fyndlada-slutrea","7":"product_cat-jaktklader-for-dam","9":"first","10":"instock","11":"sale","12":"taxable","13":"shipping-taxable","14":"purchasable","15":"product-type-variable"},"composite_virtual":false,"composite_layout":"","composite_add_to_cart_form_location":"","composite_editable_in_cart":false,"composite_sold_individually_context":"","composite_shop_price_calc":"","composite_components":[],"composite_scenarios":[],"group_of_quantity":0,"min_quantity":0,"max_quantity":"","exclude_order_quantity_value_rules":"no","exclude_category_quantity_rules":"no","combine_variations":"no","exclude_global_add_ons":[],"addons":[],"_links":{"self":[{"href":"https:\/\/www.huntersfriend.eu\/sv\/wp-json\/wp\/v2\/product\/287765","targetHints":{"allow":["GET"]}}],"collection":[{"href":"https:\/\/www.huntersfriend.eu\/sv\/wp-json\/wp\/v2\/product"}],"about":[{"href":"https:\/\/www.huntersfriend.eu\/sv\/wp-json\/wp\/v2\/types\/product"}],"replies":[{"embeddable":true,"href":"https:\/\/www.huntersfriend.eu\/sv\/wp-json\/wp\/v2\/comments?post=287765"}],"wp:featuredmedia":[{"embeddable":true,"href":"https:\/\/www.huntersfriend.eu\/sv\/wp-json\/wp\/v2\/media\/237672"}],"wp:attachment":[{"href":"https:\/\/www.huntersfriend.eu\/sv\/wp-json\/wp\/v2\/media?parent=287765"}],"wp:term":[{"taxonomy":"product_brand","embeddable":true,"href":"https:\/\/www.huntersfriend.eu\/sv\/wp-json\/wp\/v2\/product_brand?post=287765"},{"taxonomy":"product_cat","embeddable":true,"href":"https:\/\/www.huntersfriend.eu\/sv\/wp-json\/wp\/v2\/product_cat?post=287765"},{"taxonomy":"product_tag","embeddable":true,"href":"https:\/\/www.huntersfriend.eu\/sv\/wp-json\/wp\/v2\/product_tag?post=287765"}],"curies":[{"name":"wp","href":"https:\/\/api.w.org\/{rel}","templated":true}]}}