{"id":287764,"date":"2022-06-21T09:44:04","date_gmt":"2022-06-21T07:44:04","guid":{"rendered":"https:\/\/www.huntersfriend.eu\/product\/trophy-ridge-react-alpha-1-pin\/"},"modified":"2025-08-27T10:56:28","modified_gmt":"2025-08-27T08:56:28","slug":"trophy-ridge-react-alpha-1-pin","status":"publish","type":"product","link":"https:\/\/www.huntersfriend.eu\/sv\/produkt\/trophy-ridge-react-alpha-1-pin\/","title":{"rendered":"Trophy Ridge React Alpha 1-pin"},"content":{"rendered":"<p>Till alla er som skjuter med enkel-pin! React Alpha har en enkel 0,019-pin med en unik A-ramdesign som \u00f6kar din precision i varje skott. <\/p>\n<ul>\n<li>Sikte med enkel pin och skjutreglage<\/li>\n<li>Har React-teknik som exakt f\u00f6ruts\u00e4ger din pin-position f\u00f6r olika avst\u00e5nd<\/li>\n<li>Pin-form utformad f\u00f6r att dra blicken mot m\u00e5let<\/li>\n<li>Funktion f\u00f6r nivellering av tredje axeln<\/li>\n<li>Optimalt f\u00f6r skytte vid 265\u2013330 fps<\/li>\n<\/ul>\n","protected":false},"excerpt":{"rendered":"<p>Till alla er som skjuter med enkel-pin! React Alpha har en enkel 0,019-pin med en unik A-ramdesign som \u00f6kar din precision i varje skott. Sikte med enkel pin och skjutreglage Har React-teknik som exakt f\u00f6ruts\u00e4ger din pin-position f\u00f6r olika avst\u00e5nd Pin-form utformad f\u00f6r att dra blicken mot m\u00e5let Funktion f\u00f6r nivellering av tredje axeln Optimalt [&#8230;]\n","protected":false},"featured_media":236766,"comment_status":"open","ping_status":"closed","template":"","meta":[],"product_brand":[],"product_cat":[2690],"product_tag":[],"class_list":{"0":"post-287764","1":"product","2":"type-product","3":"status-publish","4":"has-post-thumbnail","6":"product_cat-bagjaktsikten","8":"first","9":"instock","10":"taxable","11":"shipping-taxable","12":"purchasable","13":"product-type-simple"},"composite_virtual":false,"composite_layout":"","composite_add_to_cart_form_location":"","composite_editable_in_cart":false,"composite_sold_individually_context":"","composite_shop_price_calc":"","composite_components":[],"composite_scenarios":[],"group_of_quantity":0,"min_quantity":0,"max_quantity":"","exclude_order_quantity_value_rules":"no","exclude_category_quantity_rules":"no","combine_variations":"no","exclude_global_add_ons":[],"addons":[],"_links":{"self":[{"href":"https:\/\/www.huntersfriend.eu\/sv\/wp-json\/wp\/v2\/product\/287764","targetHints":{"allow":["GET"]}}],"collection":[{"href":"https:\/\/www.huntersfriend.eu\/sv\/wp-json\/wp\/v2\/product"}],"about":[{"href":"https:\/\/www.huntersfriend.eu\/sv\/wp-json\/wp\/v2\/types\/product"}],"replies":[{"embeddable":true,"href":"https:\/\/www.huntersfriend.eu\/sv\/wp-json\/wp\/v2\/comments?post=287764"}],"wp:featuredmedia":[{"embeddable":true,"href":"https:\/\/www.huntersfriend.eu\/sv\/wp-json\/wp\/v2\/media\/236766"}],"wp:attachment":[{"href":"https:\/\/www.huntersfriend.eu\/sv\/wp-json\/wp\/v2\/media?parent=287764"}],"wp:term":[{"taxonomy":"product_brand","embeddable":true,"href":"https:\/\/www.huntersfriend.eu\/sv\/wp-json\/wp\/v2\/product_brand?post=287764"},{"taxonomy":"product_cat","embeddable":true,"href":"https:\/\/www.huntersfriend.eu\/sv\/wp-json\/wp\/v2\/product_cat?post=287764"},{"taxonomy":"product_tag","embeddable":true,"href":"https:\/\/www.huntersfriend.eu\/sv\/wp-json\/wp\/v2\/product_tag?post=287764"}],"curies":[{"name":"wp","href":"https:\/\/api.w.org\/{rel}","templated":true}]}}