{"id":287751,"date":"2022-07-19T11:10:45","date_gmt":"2022-07-19T09:10:45","guid":{"rendered":"https:\/\/www.huntersfriend.eu\/product\/final-approach-branta-hangselbyxor\/"},"modified":"2025-08-27T10:56:03","modified_gmt":"2025-08-27T08:56:03","slug":"final-approach-branta-hangselbyxor","status":"publish","type":"product","link":"https:\/\/www.huntersfriend.eu\/sv\/produkt\/final-approach-branta-hangselbyxor\/","title":{"rendered":"Final Approach Branta-h\u00e4ngselbyxor"},"content":{"rendered":"<div>Dessa kommer att bli dina favorith\u00e4ngselbyxor n\u00e5gonsin. Vi har designat dem med isolering fr\u00e5n topp till t\u00e5 samtidigt som de \u00e4r vindt\u00e4ta och vattent\u00e4ta. Axelremmarna \u00e4r l\u00e4tta att justera och \u00e4r utformade f\u00f6r att vara bekv\u00e4mare p\u00e5 axlarna. Du hittar gott om fickor p\u00e5 dessa f\u00f6r att h\u00e5lla dina tillh\u00f6righeter redo. Dessa h\u00e4ngselbyxor h\u00e5ller dig varm fr\u00e5n br\u00f6stet och ner och g\u00f6r din jaktupplevelse mycket bekv\u00e4mare.    <\/div>\n<ul>\n<li>Ripstop yttertyg och formsydda och flexibla kn\u00e4n och gren<\/li>\n<li>100 % vattent\u00e4t och vindt\u00e4t med 100 gram Primaloft Silver<\/li>\n<li>Dragkedjef\u00f6rsedda framfickor f\u00f6r f\u00f6rvaring.<\/li>\n<li>\u00d6vre fleecefodrade handv\u00e4rmarfickor p\u00e5 br\u00f6stet<\/li>\n<li>YKK AquaGuard-dragkedjor i full l\u00e4ngd p\u00e5 utsidan av benen.<\/li>\n<li>Justerbara breda axelremmar f\u00f6r b\u00e4ttre komfort och passform<\/li>\n<\/ul>\n<p>&nbsp;<\/p>\n","protected":false},"excerpt":{"rendered":"<p>Dessa kommer att bli dina favorith\u00e4ngselbyxor n\u00e5gonsin. Vi har designat dem med isolering fr\u00e5n topp till t\u00e5 samtidigt som de \u00e4r vindt\u00e4ta och vattent\u00e4ta. Axelremmarna \u00e4r l\u00e4tta att justera och \u00e4r utformade f\u00f6r att vara bekv\u00e4mare p\u00e5 axlarna. Du hittar gott om fickor p\u00e5 dessa f\u00f6r att h\u00e5lla dina tillh\u00f6righeter redo. Dessa h\u00e4ngselbyxor h\u00e5ller dig [&#8230;]\n","protected":false},"featured_media":235580,"comment_status":"open","ping_status":"closed","template":"","meta":[],"product_brand":[],"product_cat":[2814],"product_tag":[],"class_list":{"0":"post-287751","1":"product","2":"type-product","3":"status-publish","4":"has-post-thumbnail","6":"product_cat-byxor-sv","7":"product_shipping_class-medium-sv","9":"first","10":"instock","11":"taxable","12":"shipping-taxable","13":"purchasable","14":"product-type-variable"},"composite_virtual":false,"composite_layout":"","composite_add_to_cart_form_location":"","composite_editable_in_cart":false,"composite_sold_individually_context":"","composite_shop_price_calc":"","composite_components":[],"composite_scenarios":[],"group_of_quantity":0,"min_quantity":0,"max_quantity":"","exclude_order_quantity_value_rules":"no","exclude_category_quantity_rules":"no","combine_variations":"no","exclude_global_add_ons":[],"addons":[],"_links":{"self":[{"href":"https:\/\/www.huntersfriend.eu\/sv\/wp-json\/wp\/v2\/product\/287751","targetHints":{"allow":["GET"]}}],"collection":[{"href":"https:\/\/www.huntersfriend.eu\/sv\/wp-json\/wp\/v2\/product"}],"about":[{"href":"https:\/\/www.huntersfriend.eu\/sv\/wp-json\/wp\/v2\/types\/product"}],"replies":[{"embeddable":true,"href":"https:\/\/www.huntersfriend.eu\/sv\/wp-json\/wp\/v2\/comments?post=287751"}],"wp:featuredmedia":[{"embeddable":true,"href":"https:\/\/www.huntersfriend.eu\/sv\/wp-json\/wp\/v2\/media\/235580"}],"wp:attachment":[{"href":"https:\/\/www.huntersfriend.eu\/sv\/wp-json\/wp\/v2\/media?parent=287751"}],"wp:term":[{"taxonomy":"product_brand","embeddable":true,"href":"https:\/\/www.huntersfriend.eu\/sv\/wp-json\/wp\/v2\/product_brand?post=287751"},{"taxonomy":"product_cat","embeddable":true,"href":"https:\/\/www.huntersfriend.eu\/sv\/wp-json\/wp\/v2\/product_cat?post=287751"},{"taxonomy":"product_tag","embeddable":true,"href":"https:\/\/www.huntersfriend.eu\/sv\/wp-json\/wp\/v2\/product_tag?post=287751"}],"curies":[{"name":"wp","href":"https:\/\/api.w.org\/{rel}","templated":true}]}}