{"id":287750,"date":"2022-07-19T11:10:46","date_gmt":"2022-07-19T09:10:46","guid":{"rendered":"https:\/\/www.huntersfriend.eu\/product\/final-approach-branta-vadarjacka\/"},"modified":"2025-08-27T10:56:17","modified_gmt":"2025-08-27T08:56:17","slug":"final-approach-branta-vadarjacka","status":"publish","type":"product","link":"https:\/\/www.huntersfriend.eu\/sv\/produkt\/final-approach-branta-vadarjacka\/","title":{"rendered":"Final Approach Branta vadarjacka"},"content":{"rendered":"<div>Branta vadarjackan \u00e4r fullpackad med funktioner som en vattenf\u00e5gelj\u00e4gare kommer att \u00e4lska. Den \u00e4r extremt varm, vindt\u00e4t och vattent\u00e4t. Vi har f\u00f6rst\u00e4rkt underarmarna och armb\u00e5garna d\u00e4r andra jackor misslyckas. Branta vadarjackan h\u00e5ller dig varm p\u00e5 insidan och l\u00e4mnar elementen p\u00e5 utsidan.   <\/div>\n<ul>\n<li>170 gram Primaloft Silver, YKK AquaGuard-dragkedjor<\/li>\n<li>Formsydda och flexibla \u00e4rmar och underarmar<\/li>\n<li>100 % vattent\u00e4t och vindt\u00e4t med tejpade s\u00f6mmar<\/li>\n<li>F\u00f6rst\u00e4rkta, vattent\u00e4ta underarmar och armb\u00e5gar d\u00e4r alla andra jackor misslyckas<\/li>\n<li>H\u00f6ga br\u00f6stfickor med fleecefoder f\u00f6r att v\u00e4rma h\u00e4nderna och justerbara polyester\u00e4rmslut<\/li>\n<li>H\u00f6g dragkedja fram och fleecefodrad avtagbar huva<\/li>\n<li>2 nedre magnetiska dumpfickor<\/li>\n<li>Halkfri axeldesign f\u00f6r en s\u00e4krare yta p\u00e5 dina axlar f\u00f6r vapen och v\u00e4skor<\/li>\n<\/ul>\n","protected":false},"excerpt":{"rendered":"<p>Branta vadarjackan \u00e4r fullpackad med funktioner som en vattenf\u00e5gelj\u00e4gare kommer att \u00e4lska. Den \u00e4r extremt varm, vindt\u00e4t och vattent\u00e4t. Vi har f\u00f6rst\u00e4rkt underarmarna och armb\u00e5garna d\u00e4r andra jackor misslyckas. Branta vadarjackan h\u00e5ller dig varm p\u00e5 insidan och l\u00e4mnar elementen p\u00e5 utsidan. 170 gram Primaloft Silver, YKK AquaGuard-dragkedjor Formsydda och flexibla \u00e4rmar och underarmar 100 % [&#8230;]\n","protected":false},"featured_media":235590,"comment_status":"open","ping_status":"closed","template":"","meta":[],"product_brand":[],"product_cat":[878],"product_tag":[],"class_list":{"0":"post-287750","1":"product","2":"type-product","3":"status-publish","4":"has-post-thumbnail","6":"product_cat-uncategorized-sv","7":"product_shipping_class-medium-sv","9":"first","10":"outofstock","11":"taxable","12":"shipping-taxable","13":"purchasable","14":"product-type-variable"},"composite_virtual":false,"composite_layout":"","composite_add_to_cart_form_location":"","composite_editable_in_cart":false,"composite_sold_individually_context":"","composite_shop_price_calc":"","composite_components":[],"composite_scenarios":[],"group_of_quantity":0,"min_quantity":0,"max_quantity":"","exclude_order_quantity_value_rules":"no","exclude_category_quantity_rules":"no","combine_variations":"no","exclude_global_add_ons":[],"addons":[],"_links":{"self":[{"href":"https:\/\/www.huntersfriend.eu\/sv\/wp-json\/wp\/v2\/product\/287750","targetHints":{"allow":["GET"]}}],"collection":[{"href":"https:\/\/www.huntersfriend.eu\/sv\/wp-json\/wp\/v2\/product"}],"about":[{"href":"https:\/\/www.huntersfriend.eu\/sv\/wp-json\/wp\/v2\/types\/product"}],"replies":[{"embeddable":true,"href":"https:\/\/www.huntersfriend.eu\/sv\/wp-json\/wp\/v2\/comments?post=287750"}],"wp:featuredmedia":[{"embeddable":true,"href":"https:\/\/www.huntersfriend.eu\/sv\/wp-json\/wp\/v2\/media\/235590"}],"wp:attachment":[{"href":"https:\/\/www.huntersfriend.eu\/sv\/wp-json\/wp\/v2\/media?parent=287750"}],"wp:term":[{"taxonomy":"product_brand","embeddable":true,"href":"https:\/\/www.huntersfriend.eu\/sv\/wp-json\/wp\/v2\/product_brand?post=287750"},{"taxonomy":"product_cat","embeddable":true,"href":"https:\/\/www.huntersfriend.eu\/sv\/wp-json\/wp\/v2\/product_cat?post=287750"},{"taxonomy":"product_tag","embeddable":true,"href":"https:\/\/www.huntersfriend.eu\/sv\/wp-json\/wp\/v2\/product_tag?post=287750"}],"curies":[{"name":"wp","href":"https:\/\/api.w.org\/{rel}","templated":true}]}}