{"id":287749,"date":"2022-07-18T13:19:04","date_gmt":"2022-07-18T11:19:04","guid":{"rendered":"https:\/\/www.huntersfriend.eu\/product\/bcy-020-nock-point-trad\/"},"modified":"2026-04-13T10:13:28","modified_gmt":"2026-04-13T08:13:28","slug":"bcy-020-nock-point-trad","status":"publish","type":"product","link":"https:\/\/www.huntersfriend.eu\/sv\/produkt\/bcy-020-nock-point-trad\/","title":{"rendered":"BCY .020 nock point-tr\u00e5d"},"content":{"rendered":"<p>100 % h\u00f6gh\u00e5llfast nylon, f\u00f6rst\u00e4rkt f\u00f6r att f\u00f6rb\u00e4ttra n\u00f6tningsbest\u00e4ndigheten. Trasas inte upp vid klippning. H\u00f6g styrka, v\u00e4derbest\u00e4ndig.  <\/p>\n<p>Svart<\/p>\n","protected":false},"excerpt":{"rendered":"<p>100 % h\u00f6gh\u00e5llfast nylon, f\u00f6rst\u00e4rkt f\u00f6r att f\u00f6rb\u00e4ttra n\u00f6tningsbest\u00e4ndigheten. Trasas inte upp vid klippning. H\u00f6g styrka, v\u00e4derbest\u00e4ndig. Svart<\/p>\n","protected":false},"featured_media":245057,"comment_status":"open","ping_status":"closed","template":"","meta":[],"product_brand":[],"product_cat":[3024,2634],"product_tag":[],"class_list":{"0":"post-287749","1":"product","2":"type-product","3":"status-publish","4":"has-post-thumbnail","6":"product_cat-servingmaterial","7":"product_cat-sikten-nockpunkter-kindpussar-och-tillbehor","9":"first","10":"onbackorder","11":"taxable","12":"shipping-taxable","13":"purchasable","14":"product-type-simple"},"composite_virtual":false,"composite_layout":"","composite_add_to_cart_form_location":"","composite_editable_in_cart":false,"composite_sold_individually_context":"","composite_shop_price_calc":"","composite_components":[],"composite_scenarios":[],"group_of_quantity":0,"min_quantity":0,"max_quantity":"","exclude_order_quantity_value_rules":"no","exclude_category_quantity_rules":"no","combine_variations":"no","exclude_global_add_ons":[],"addons":[],"_links":{"self":[{"href":"https:\/\/www.huntersfriend.eu\/sv\/wp-json\/wp\/v2\/product\/287749","targetHints":{"allow":["GET"]}}],"collection":[{"href":"https:\/\/www.huntersfriend.eu\/sv\/wp-json\/wp\/v2\/product"}],"about":[{"href":"https:\/\/www.huntersfriend.eu\/sv\/wp-json\/wp\/v2\/types\/product"}],"replies":[{"embeddable":true,"href":"https:\/\/www.huntersfriend.eu\/sv\/wp-json\/wp\/v2\/comments?post=287749"}],"wp:featuredmedia":[{"embeddable":true,"href":"https:\/\/www.huntersfriend.eu\/sv\/wp-json\/wp\/v2\/media\/245057"}],"wp:attachment":[{"href":"https:\/\/www.huntersfriend.eu\/sv\/wp-json\/wp\/v2\/media?parent=287749"}],"wp:term":[{"taxonomy":"product_brand","embeddable":true,"href":"https:\/\/www.huntersfriend.eu\/sv\/wp-json\/wp\/v2\/product_brand?post=287749"},{"taxonomy":"product_cat","embeddable":true,"href":"https:\/\/www.huntersfriend.eu\/sv\/wp-json\/wp\/v2\/product_cat?post=287749"},{"taxonomy":"product_tag","embeddable":true,"href":"https:\/\/www.huntersfriend.eu\/sv\/wp-json\/wp\/v2\/product_tag?post=287749"}],"curies":[{"name":"wp","href":"https:\/\/api.w.org\/{rel}","templated":true}]}}