{"id":287748,"date":"2022-07-19T13:32:19","date_gmt":"2022-07-19T11:32:19","guid":{"rendered":"https:\/\/www.huntersfriend.eu\/product\/final-approach-strukturerad-silhuett-lockfagelvaska\/"},"modified":"2025-09-09T10:46:32","modified_gmt":"2025-09-09T08:46:32","slug":"final-approach-strukturerad-silhuett-lockfagelvaska","status":"publish","type":"product","link":"https:\/\/www.huntersfriend.eu\/sv\/produkt\/final-approach-strukturerad-silhuett-lockfagelvaska\/","title":{"rendered":"Final Approach strukturerad silhuett lockf\u00e5gelv\u00e4ska"},"content":{"rendered":"<p>Silhuetter har \u00f6kat i popularitet och den h\u00e4r v\u00e4skan tar det ett steg l\u00e4ngre. Strukturerade sidor och ovansida g\u00f6r det enkelt att packa och packa upp silhuetter. Att g\u00e5 till din plats \u00e4r \u00e4nnu enklare med sidohandtagen, axelremmen och ryggs\u00e4cksremmarna som g\u00f6r att du kan r\u00f6ra dig handsfree. Sp\u00e4nn bara fast locket, sl\u00e4ng den h\u00e4r v\u00e4skan p\u00e5 axlarna och ge dig iv\u00e4g!   <\/p>\n<h2>FUNKTIONER<\/h2>\n<ul>\n<li>T\u00e5lig fyrkantig v\u00e4ska f\u00f6r f\u00f6rvaring av silhuetter och sn\u00f6strumpor<\/li>\n<li>B\u00e4rhandtag och axelrem<\/li>\n<li>Rymmer 5 dussin silhuetter eller 10 dussin sn\u00f6strumpor<\/li>\n<li>Ryggs\u00e4cksremmar<\/li>\n<li>Kardborreband och sp\u00e4nnen f\u00f6r att h\u00e5lla v\u00e4skan st\u00e4ngd<\/li>\n<li>Interna m\u00e5tt (ungef\u00e4r): 71 cm l\u00e5ng x 28 cm bred x 48 cm h\u00f6g<\/li>\n<\/ul>\n","protected":false},"excerpt":{"rendered":"<p>Silhuetter har \u00f6kat i popularitet och den h\u00e4r v\u00e4skan tar det ett steg l\u00e4ngre. Strukturerade sidor och ovansida g\u00f6r det enkelt att packa och packa upp silhuetter. Att g\u00e5 till din plats \u00e4r \u00e4nnu enklare med sidohandtagen, axelremmen och ryggs\u00e4cksremmarna som g\u00f6r att du kan r\u00f6ra dig handsfree. Sp\u00e4nn bara fast locket, sl\u00e4ng den h\u00e4r [&#8230;]\n","protected":false},"featured_media":235604,"comment_status":"open","ping_status":"closed","template":"","meta":[],"product_brand":[],"product_cat":[2818],"product_tag":[],"class_list":{"0":"post-287748","1":"product","2":"type-product","3":"status-publish","4":"has-post-thumbnail","6":"product_cat-lockfagelsvaskor","8":"first","9":"instock","10":"taxable","11":"shipping-taxable","12":"purchasable","13":"product-type-simple"},"composite_virtual":false,"composite_layout":"","composite_add_to_cart_form_location":"","composite_editable_in_cart":false,"composite_sold_individually_context":"","composite_shop_price_calc":"","composite_components":[],"composite_scenarios":[],"group_of_quantity":0,"min_quantity":0,"max_quantity":"","exclude_order_quantity_value_rules":"no","exclude_category_quantity_rules":"no","combine_variations":"no","exclude_global_add_ons":[],"addons":[],"_links":{"self":[{"href":"https:\/\/www.huntersfriend.eu\/sv\/wp-json\/wp\/v2\/product\/287748","targetHints":{"allow":["GET"]}}],"collection":[{"href":"https:\/\/www.huntersfriend.eu\/sv\/wp-json\/wp\/v2\/product"}],"about":[{"href":"https:\/\/www.huntersfriend.eu\/sv\/wp-json\/wp\/v2\/types\/product"}],"replies":[{"embeddable":true,"href":"https:\/\/www.huntersfriend.eu\/sv\/wp-json\/wp\/v2\/comments?post=287748"}],"wp:featuredmedia":[{"embeddable":true,"href":"https:\/\/www.huntersfriend.eu\/sv\/wp-json\/wp\/v2\/media\/235604"}],"wp:attachment":[{"href":"https:\/\/www.huntersfriend.eu\/sv\/wp-json\/wp\/v2\/media?parent=287748"}],"wp:term":[{"taxonomy":"product_brand","embeddable":true,"href":"https:\/\/www.huntersfriend.eu\/sv\/wp-json\/wp\/v2\/product_brand?post=287748"},{"taxonomy":"product_cat","embeddable":true,"href":"https:\/\/www.huntersfriend.eu\/sv\/wp-json\/wp\/v2\/product_cat?post=287748"},{"taxonomy":"product_tag","embeddable":true,"href":"https:\/\/www.huntersfriend.eu\/sv\/wp-json\/wp\/v2\/product_tag?post=287748"}],"curies":[{"name":"wp","href":"https:\/\/api.w.org\/{rel}","templated":true}]}}