{"id":287738,"date":"2022-07-19T11:56:04","date_gmt":"2022-07-19T09:56:04","guid":{"rendered":"https:\/\/www.huntersfriend.eu\/product\/final-approach-branta-decoy-handskar\/"},"modified":"2025-08-27T10:55:36","modified_gmt":"2025-08-27T08:55:36","slug":"final-approach-branta-decoy-handskar","status":"publish","type":"product","link":"https:\/\/www.huntersfriend.eu\/sv\/produkt\/final-approach-branta-decoy-handskar\/","title":{"rendered":"Final Approach Branta decoy-handskar"},"content":{"rendered":"<p>H\u00e5ll h\u00e4nderna varma och torra n\u00e4r du \u00e4r ute i f\u00e4lt. Dessa 100 % vattent\u00e4ta handskar \u00e4r gjorda f\u00f6r att plocka upp beten i kallt vatten, men de kan ocks\u00e5 anv\u00e4ndas f\u00f6r att flytta isflak, paddla kajak, k\u00f6ra b\u00e5t eller vad du \u00e4n kan t\u00e4nka dig. Den h\u00e4r handsken i handskmodell ger dig m\u00f6jlighet att str\u00e4cka dig ner i vattnet utan att beh\u00f6va oroa dig f\u00f6r att bli bl\u00f6t om armarna. 100 g Primaloft-isolering h\u00e5ller dina h\u00e4nder varma och sk\u00f6na medan du g\u00f6r det du \u00e4lskar.   <\/p>\n<h2>FUNKTIONER<\/h2>\n<ul>\n<li>100 % vattent\u00e4t\/ventilerande design<\/li>\n<li>100 g Primaloft-isolering f\u00f6r v\u00e4rme utan vikten<\/li>\n<li>DWR-finish st\u00f6ter bort vatten<\/li>\n<li>Enhands dragsko-st\u00e4ngning och -\u00f6ppning<\/li>\n<\/ul>\n","protected":false},"excerpt":{"rendered":"<p>H\u00e5ll h\u00e4nderna varma och torra n\u00e4r du \u00e4r ute i f\u00e4lt. Dessa 100 % vattent\u00e4ta handskar \u00e4r gjorda f\u00f6r att plocka upp beten i kallt vatten, men de kan ocks\u00e5 anv\u00e4ndas f\u00f6r att flytta isflak, paddla kajak, k\u00f6ra b\u00e5t eller vad du \u00e4n kan t\u00e4nka dig. Den h\u00e4r handsken i handskmodell ger dig m\u00f6jlighet att [&#8230;]\n","protected":false},"featured_media":235602,"comment_status":"open","ping_status":"closed","template":"","meta":[],"product_brand":[],"product_cat":[2809],"product_tag":[],"class_list":{"0":"post-287738","1":"product","2":"type-product","3":"status-publish","4":"has-post-thumbnail","6":"product_cat-handskar","8":"first","9":"instock","10":"taxable","11":"shipping-taxable","12":"purchasable","13":"product-type-variable"},"composite_virtual":false,"composite_layout":"","composite_add_to_cart_form_location":"","composite_editable_in_cart":false,"composite_sold_individually_context":"","composite_shop_price_calc":"","composite_components":[],"composite_scenarios":[],"group_of_quantity":0,"min_quantity":0,"max_quantity":"","exclude_order_quantity_value_rules":"no","exclude_category_quantity_rules":"no","combine_variations":"no","exclude_global_add_ons":[],"addons":[],"_links":{"self":[{"href":"https:\/\/www.huntersfriend.eu\/sv\/wp-json\/wp\/v2\/product\/287738","targetHints":{"allow":["GET"]}}],"collection":[{"href":"https:\/\/www.huntersfriend.eu\/sv\/wp-json\/wp\/v2\/product"}],"about":[{"href":"https:\/\/www.huntersfriend.eu\/sv\/wp-json\/wp\/v2\/types\/product"}],"replies":[{"embeddable":true,"href":"https:\/\/www.huntersfriend.eu\/sv\/wp-json\/wp\/v2\/comments?post=287738"}],"wp:featuredmedia":[{"embeddable":true,"href":"https:\/\/www.huntersfriend.eu\/sv\/wp-json\/wp\/v2\/media\/235602"}],"wp:attachment":[{"href":"https:\/\/www.huntersfriend.eu\/sv\/wp-json\/wp\/v2\/media?parent=287738"}],"wp:term":[{"taxonomy":"product_brand","embeddable":true,"href":"https:\/\/www.huntersfriend.eu\/sv\/wp-json\/wp\/v2\/product_brand?post=287738"},{"taxonomy":"product_cat","embeddable":true,"href":"https:\/\/www.huntersfriend.eu\/sv\/wp-json\/wp\/v2\/product_cat?post=287738"},{"taxonomy":"product_tag","embeddable":true,"href":"https:\/\/www.huntersfriend.eu\/sv\/wp-json\/wp\/v2\/product_tag?post=287738"}],"curies":[{"name":"wp","href":"https:\/\/api.w.org\/{rel}","templated":true}]}}