{"id":287725,"date":"2022-07-21T13:17:10","date_gmt":"2022-07-21T11:17:10","guid":{"rendered":"https:\/\/www.huntersfriend.eu\/product\/meat-seeker-kevlar-skyttehandske-for-bagskytte-vansterskytt\/"},"modified":"2025-08-27T10:55:08","modified_gmt":"2025-08-27T08:55:08","slug":"meat-seeker-kevlar-skyttehandske-for-bagskytte-vansterskytt","status":"publish","type":"product","link":"https:\/\/www.huntersfriend.eu\/sv\/produkt\/meat-seeker-kevlar-skyttehandske-for-bagskytte-vansterskytt\/","title":{"rendered":"Meat Seeker kevlar skyttehandske f\u00f6r b\u00e5gskytte \u2013 v\u00e4nsterskytt"},"content":{"rendered":"<p class=\"font_7\"><strong><span class=\"color_15\">OBSERVERA: N\u00e4r du v\u00e4ljer en Meat Seeker Kevlar-skyttehandske v\u00e4ljer du en handske f\u00f6r din &#8221;b\u00e5g-hand&#8221;, inte din draghand. V\u00e4lj handske beroende p\u00e5 vilken hand du h\u00e5ller din pilb\u00e5ge med. Om du har n\u00e5gra fr\u00e5gor, kontakta oss f\u00f6r r\u00e5d.  <\/span><\/strong><\/p>\n<p><em><strong>DETTA HANDSKVAL G\u00c4LLER DIN H\u00d6GER HAND (d\u00e4rf\u00f6r drar du i str\u00e4ngen med din v\u00e4nstra hand)<\/strong><\/em><\/p>\n<p class=\"font_7\"><span class=\"color_15\">Meat Seeker Kevlar-skyttehandske \u00e4r gjord f\u00f6r att skydda din hand n\u00e4r det v\u00e4rsta t\u00e4nkbara h\u00e4nder under skyttet, och det \u00e4r en trasig pil under skottet. Tuff kevlar-sk\u00f6ld ovanp\u00e5 handen hj\u00e4lper till att skydda din hand fr\u00e5n splittrade bitar av kol som tr\u00e4nger in i din hand. Det \u00e4r en mycket prisv\u00e4rd sjukf\u00f6rs\u00e4kring f\u00f6r din hand.  <\/span><\/p>\n<p>Storlekshj\u00e4lp:<\/p>\n<ul>\n<li>Small 20,3 cm \u00f6ver handens knogar<\/li>\n<li>Medium 21,6 cm \u00f6ver handens knogar<\/li>\n<li>Large 22,9 cm \u00f6ver handens knogar<\/li>\n<li>XL 24,1 cm \u00f6ver handens knogar<\/li>\n<li>2XL 25,4 cm \u00f6ver handens knogar<\/li>\n<\/ul>\n<h3>H\u00e4r \u00e4r en lista \u00f6ver vanliga orsaker till att pilar g\u00e5r s\u00f6nder:<\/h3>\n<ul>\n<li>Skytten \u00e4r inte ordentligt utbildad<\/li>\n<li>Underdimensionerad pil<\/li>\n<li>Skadad pil f\u00f6re skottet<\/li>\n<li>\u00d6verdriven vridning vid b\u00e5ggreppet<\/li>\n<li>Inkonsekvent kontakt med b\u00e5ggreppet<\/li>\n<li>Vilan \u00e4r inte ordentligt justerad<\/li>\n<li>\u00d6verdriven kamvinkel som orsakar sp\u00e5rning av str\u00e4ngen<\/li>\n<li>Torr avfyrning av pilb\u00e5gen<\/li>\n<li>Trasig nock<\/li>\n<li>Pilen \u00e4r f\u00f6r kort<\/li>\n<li>Pilen har fastnat mellan vila och stigh\u00f6jden<\/li>\n<li>Pilen faller av nockstr\u00e4ngen<\/li>\n<li>Pilb\u00e5gen \u00e4r inte ordentligt servad<\/li>\n<li>F\u00f6rtida sl\u00e4pp<\/li>\n<li>Sl\u00e4ppet g\u00e5r s\u00f6nder<\/li>\n<li>Trasiga str\u00e4ngar\/kablar<\/li>\n<li>Lemmen g\u00e5r s\u00f6nder<\/li>\n<li>Kammen g\u00e5r s\u00f6nder<\/li>\n<li>Felaktig skyttkonditionering<\/li>\n<li>Felaktig dragl\u00e4ngd<\/li>\n<\/ul>\n<p>Vi kan inte garantera 100 % skydd under n\u00e5gon olycka med en trasig pil, men designen \u00e4r utformad och testad till en mycket h\u00f6g niv\u00e5.<\/p>\n","protected":false},"excerpt":{"rendered":"<p>H\u00f6gerhandske f\u00f6r v\u00e4nsterh\u00e4nta skyttar<\/p>\n","protected":false},"featured_media":233826,"comment_status":"open","ping_status":"closed","template":"","meta":[],"product_brand":[],"product_cat":[2926,2992],"product_tag":[],"class_list":{"0":"post-287725","1":"product","2":"type-product","3":"status-publish","4":"has-post-thumbnail","6":"product_cat-armskydd-for-jakt-och-malskytte","7":"product_cat-bagskyttehandskar","9":"first","10":"instock","11":"featured","12":"taxable","13":"shipping-taxable","14":"purchasable","15":"product-type-variable"},"composite_virtual":false,"composite_layout":"","composite_add_to_cart_form_location":"","composite_editable_in_cart":false,"composite_sold_individually_context":"","composite_shop_price_calc":"","composite_components":[],"composite_scenarios":[],"group_of_quantity":0,"min_quantity":0,"max_quantity":"","exclude_order_quantity_value_rules":"no","exclude_category_quantity_rules":"no","combine_variations":"no","exclude_global_add_ons":[],"addons":[],"_links":{"self":[{"href":"https:\/\/www.huntersfriend.eu\/sv\/wp-json\/wp\/v2\/product\/287725","targetHints":{"allow":["GET"]}}],"collection":[{"href":"https:\/\/www.huntersfriend.eu\/sv\/wp-json\/wp\/v2\/product"}],"about":[{"href":"https:\/\/www.huntersfriend.eu\/sv\/wp-json\/wp\/v2\/types\/product"}],"replies":[{"embeddable":true,"href":"https:\/\/www.huntersfriend.eu\/sv\/wp-json\/wp\/v2\/comments?post=287725"}],"wp:featuredmedia":[{"embeddable":true,"href":"https:\/\/www.huntersfriend.eu\/sv\/wp-json\/wp\/v2\/media\/233826"}],"wp:attachment":[{"href":"https:\/\/www.huntersfriend.eu\/sv\/wp-json\/wp\/v2\/media?parent=287725"}],"wp:term":[{"taxonomy":"product_brand","embeddable":true,"href":"https:\/\/www.huntersfriend.eu\/sv\/wp-json\/wp\/v2\/product_brand?post=287725"},{"taxonomy":"product_cat","embeddable":true,"href":"https:\/\/www.huntersfriend.eu\/sv\/wp-json\/wp\/v2\/product_cat?post=287725"},{"taxonomy":"product_tag","embeddable":true,"href":"https:\/\/www.huntersfriend.eu\/sv\/wp-json\/wp\/v2\/product_tag?post=287725"}],"curies":[{"name":"wp","href":"https:\/\/api.w.org\/{rel}","templated":true}]}}