{"id":287724,"date":"2022-07-21T12:54:52","date_gmt":"2022-07-21T10:54:52","guid":{"rendered":"https:\/\/www.huntersfriend.eu\/product\/eberlestock-6-pack-faltreparationsspanne-kit\/"},"modified":"2025-08-27T10:54:49","modified_gmt":"2025-08-27T08:54:49","slug":"eberlestock-6-pack-faltreparationsspanne-kit","status":"publish","type":"product","link":"https:\/\/www.huntersfriend.eu\/sv\/produkt\/eberlestock-6-pack-faltreparationsspanne-kit\/","title":{"rendered":"Eberlestock 6-pack f\u00e4ltreparationssp\u00e4nne-kit"},"content":{"rendered":"<p>Detta sp\u00e4nne-kit inneh\u00e5ller 6 HD-f\u00e4ltreparationssp\u00e4nnen (hona) och 6 HD-sp\u00e4nnen (hane). Detta konverterar en ryggs\u00e4ck med Stealth-sp\u00e4nnen till HD-sp\u00e4nnen. Inga verktyg kr\u00e4vs f\u00f6r att installera f\u00e4ltreparationssp\u00e4nnena, du beh\u00f6ver en avbitart\u00e5ng f\u00f6r att ta bort Stealth-sp\u00e4nnen (hona). Sp\u00e4nnets f\u00e4rg \u00e4r Dry Earth.   <\/p>\n","protected":false},"excerpt":{"rendered":"<p>Detta sp\u00e4nne-kit inneh\u00e5ller 6 HD-f\u00e4ltreparationssp\u00e4nnen (hona) och 6 HD-sp\u00e4nnen (hane). Detta konverterar en ryggs\u00e4ck med Stealth-sp\u00e4nnen till HD-sp\u00e4nnen. Inga verktyg kr\u00e4vs f\u00f6r att installera f\u00e4ltreparationssp\u00e4nnena, du beh\u00f6ver en avbitart\u00e5ng f\u00f6r att ta bort Stealth-sp\u00e4nnen (hona). Sp\u00e4nnets f\u00e4rg \u00e4r Dry Earth.<\/p>\n","protected":false},"featured_media":246979,"comment_status":"open","ping_status":"closed","template":"","meta":[],"product_brand":[],"product_cat":[2565],"product_tag":[],"class_list":{"0":"post-287724","1":"product","2":"type-product","3":"status-publish","4":"has-post-thumbnail","6":"product_cat-jaktryggsackar","8":"first","9":"outofstock","10":"taxable","11":"shipping-taxable","12":"purchasable","13":"product-type-simple"},"composite_virtual":false,"composite_layout":"","composite_add_to_cart_form_location":"","composite_editable_in_cart":false,"composite_sold_individually_context":"","composite_shop_price_calc":"","composite_components":[],"composite_scenarios":[],"group_of_quantity":0,"min_quantity":0,"max_quantity":"","exclude_order_quantity_value_rules":"no","exclude_category_quantity_rules":"no","combine_variations":"no","exclude_global_add_ons":[],"addons":[],"_links":{"self":[{"href":"https:\/\/www.huntersfriend.eu\/sv\/wp-json\/wp\/v2\/product\/287724","targetHints":{"allow":["GET"]}}],"collection":[{"href":"https:\/\/www.huntersfriend.eu\/sv\/wp-json\/wp\/v2\/product"}],"about":[{"href":"https:\/\/www.huntersfriend.eu\/sv\/wp-json\/wp\/v2\/types\/product"}],"replies":[{"embeddable":true,"href":"https:\/\/www.huntersfriend.eu\/sv\/wp-json\/wp\/v2\/comments?post=287724"}],"wp:featuredmedia":[{"embeddable":true,"href":"https:\/\/www.huntersfriend.eu\/sv\/wp-json\/wp\/v2\/media\/246979"}],"wp:attachment":[{"href":"https:\/\/www.huntersfriend.eu\/sv\/wp-json\/wp\/v2\/media?parent=287724"}],"wp:term":[{"taxonomy":"product_brand","embeddable":true,"href":"https:\/\/www.huntersfriend.eu\/sv\/wp-json\/wp\/v2\/product_brand?post=287724"},{"taxonomy":"product_cat","embeddable":true,"href":"https:\/\/www.huntersfriend.eu\/sv\/wp-json\/wp\/v2\/product_cat?post=287724"},{"taxonomy":"product_tag","embeddable":true,"href":"https:\/\/www.huntersfriend.eu\/sv\/wp-json\/wp\/v2\/product_tag?post=287724"}],"curies":[{"name":"wp","href":"https:\/\/api.w.org\/{rel}","templated":true}]}}