{"id":287716,"date":"2022-08-05T12:29:04","date_gmt":"2022-08-05T10:29:04","guid":{"rendered":"https:\/\/www.huntersfriend.eu\/product\/truglo-activator-boa-camo-enkel-kakutlosare\/"},"modified":"2025-08-27T10:54:35","modified_gmt":"2025-08-27T08:54:35","slug":"truglo-activator-boa-camo-enkel-kakutlosare","status":"publish","type":"product","link":"https:\/\/www.huntersfriend.eu\/sv\/produkt\/truglo-activator-boa-camo-enkel-kakutlosare\/","title":{"rendered":"Truglo Activator BOA camo enkel k\u00e4kutl\u00f6sare"},"content":{"rendered":"<p>Tyst, snabb och exakt enkel k\u00e4kutl\u00f6sare med Boa-st\u00e4ngningssystem.<\/p>\n<p>Viktiga funktioner:<\/p>\n<ul>\n<li>Automatisk\/aktiv \u00e5terst\u00e4llning av fj\u00e4derutl\u00f6sare<\/li>\n<li>K\u00e4ken \u00f6ppnas bort fr\u00e5n skytten f\u00f6r \u00f6kad komfort<\/li>\n<li>Rullande sp\u00e4rrdesign f\u00f6r ett j\u00e4mnt tryck med en tydlig brytpunkt<\/li>\n<li>Justerbar k\u00e4nslighet f\u00f6r avtryckaren<\/li>\n<li>Mikrojusterbar avtryckarr\u00f6relse<\/li>\n<li>Precisionsk\u00e4ke i rostfritt st\u00e5l som inte slits<\/li>\n<li>Kompromissl\u00f6st, bergfast anslutningssystem f\u00f6r ultraprecisa l\u00e4ngdjusteringar<\/li>\n<li>Ergonomisk hand- och fingerposition<\/li>\n<li>360\u00b0 roterande huvud eliminerar str\u00e4ngvridning<\/li>\n<li>Premiumutl\u00f6sningsrem f\u00f6r l\u00e5ngvarig komfort<\/li>\n<li>Patenterad<\/li>\n<\/ul>\n","protected":false},"excerpt":{"rendered":"<p>Tyst, snabb och exakt enkel k\u00e4kutl\u00f6sare med Boa-st\u00e4ngningssystem. Viktiga funktioner: Automatisk\/aktiv \u00e5terst\u00e4llning av fj\u00e4derutl\u00f6sare K\u00e4ken \u00f6ppnas bort fr\u00e5n skytten f\u00f6r \u00f6kad komfort Rullande sp\u00e4rrdesign f\u00f6r ett j\u00e4mnt tryck med en tydlig brytpunkt Justerbar k\u00e4nslighet f\u00f6r avtryckaren Mikrojusterbar avtryckarr\u00f6relse Precisionsk\u00e4ke i rostfritt st\u00e5l som inte slits Kompromissl\u00f6st, bergfast anslutningssystem f\u00f6r ultraprecisa l\u00e4ngdjusteringar Ergonomisk hand- och fingerposition [&#8230;]\n","protected":false},"featured_media":246964,"comment_status":"open","ping_status":"closed","template":"","meta":[],"product_brand":[],"product_cat":[2680],"product_tag":[],"class_list":{"0":"post-287716","1":"product","2":"type-product","3":"status-publish","4":"has-post-thumbnail","6":"product_cat-handledsutlosare","8":"first","9":"instock","10":"taxable","11":"shipping-taxable","12":"purchasable","13":"product-type-simple"},"composite_virtual":false,"composite_layout":"","composite_add_to_cart_form_location":"","composite_editable_in_cart":false,"composite_sold_individually_context":"","composite_shop_price_calc":"","composite_components":[],"composite_scenarios":[],"group_of_quantity":0,"min_quantity":0,"max_quantity":"","exclude_order_quantity_value_rules":"no","exclude_category_quantity_rules":"no","combine_variations":"no","exclude_global_add_ons":[],"addons":[],"_links":{"self":[{"href":"https:\/\/www.huntersfriend.eu\/sv\/wp-json\/wp\/v2\/product\/287716","targetHints":{"allow":["GET"]}}],"collection":[{"href":"https:\/\/www.huntersfriend.eu\/sv\/wp-json\/wp\/v2\/product"}],"about":[{"href":"https:\/\/www.huntersfriend.eu\/sv\/wp-json\/wp\/v2\/types\/product"}],"replies":[{"embeddable":true,"href":"https:\/\/www.huntersfriend.eu\/sv\/wp-json\/wp\/v2\/comments?post=287716"}],"wp:featuredmedia":[{"embeddable":true,"href":"https:\/\/www.huntersfriend.eu\/sv\/wp-json\/wp\/v2\/media\/246964"}],"wp:attachment":[{"href":"https:\/\/www.huntersfriend.eu\/sv\/wp-json\/wp\/v2\/media?parent=287716"}],"wp:term":[{"taxonomy":"product_brand","embeddable":true,"href":"https:\/\/www.huntersfriend.eu\/sv\/wp-json\/wp\/v2\/product_brand?post=287716"},{"taxonomy":"product_cat","embeddable":true,"href":"https:\/\/www.huntersfriend.eu\/sv\/wp-json\/wp\/v2\/product_cat?post=287716"},{"taxonomy":"product_tag","embeddable":true,"href":"https:\/\/www.huntersfriend.eu\/sv\/wp-json\/wp\/v2\/product_tag?post=287716"}],"curies":[{"name":"wp","href":"https:\/\/api.w.org\/{rel}","templated":true}]}}