{"id":287715,"date":"2022-08-05T12:28:41","date_gmt":"2022-08-05T10:28:41","guid":{"rendered":"https:\/\/www.huntersfriend.eu\/product\/bowhilt-uppvarmt-grepp\/"},"modified":"2025-08-27T10:54:34","modified_gmt":"2025-08-27T08:54:34","slug":"bowhilt-uppvarmt-grepp","status":"publish","type":"product","link":"https:\/\/www.huntersfriend.eu\/sv\/produkt\/bowhilt-uppvarmt-grepp\/","title":{"rendered":"Bowhilt uppv\u00e4rmt grepp"},"content":{"rendered":"<p>Bowhilt\u2122 uppv\u00e4rmda b\u00e5g-grepp kommer att g\u00f6ra ditt vinterb\u00e5gjakts\u00e4ventyr till ett s\u00e4kert n\u00f6je. Detta slitstarka, mjuka och behagliga uppv\u00e4rmda material \u00e4r gjutet f\u00f6r att g\u00f6ra dessa unika uppv\u00e4rmda b\u00e5ggrepp precisa. Varje grepp \u00e4r gjutet med kvalitet och precision. Greppets sl\u00e4ta, uppv\u00e4rmda kropp g\u00f6r att handen glider l\u00e4tt p\u00e5 plats f\u00f6r det perfekta skottet varje g\u00e5ng. N\u00e4r din hand \u00e4r p\u00e5 plats och vilar mot det uppv\u00e4rmda b\u00e5ggreppet kommer du att k\u00e4nna skillnaden det g\u00f6r f\u00f6r din hand.    <\/p>\n<p>Den d\u00e4r aluminiumrisern blir ganska kall p\u00e5 vintern. \u00c4ven med sn\u00f6iga och regnv\u00e5ta h\u00e4nder \u00e4r greppet s\u00e4kert. Detta material erbjuder exceptionellt l\u00e5g v\u00e4rme\u00f6verf\u00f6ring f\u00f6r den d\u00e4r fantastiska varma k\u00e4nslan. Dessa grepp \u00e4r ett m\u00e5ste i praktiskt taget alla vintermilj\u00f6er. S\u00e5 v\u00e4rm upp ditt spel i vinter och k\u00e4nn skillnaden med de helt nya Bowhilt\u2122 uppv\u00e4rmda b\u00e5ggreppen.    <\/p>\n<p>Greppet levereras utan powerbank.<\/p>\n","protected":false},"excerpt":{"rendered":"<p>Bowhilt\u2122 uppv\u00e4rmda b\u00e5g-grepp kommer att g\u00f6ra ditt vinterb\u00e5gjakts\u00e4ventyr till ett s\u00e4kert n\u00f6je. Detta slitstarka, mjuka och behagliga uppv\u00e4rmda material \u00e4r gjutet f\u00f6r att g\u00f6ra dessa unika uppv\u00e4rmda b\u00e5ggrepp precisa. Varje grepp \u00e4r gjutet med kvalitet och precision. Greppets sl\u00e4ta, uppv\u00e4rmda kropp g\u00f6r att handen glider l\u00e4tt p\u00e5 plats f\u00f6r det perfekta skottet varje g\u00e5ng. N\u00e4r [&#8230;]\n","protected":false},"featured_media":246966,"comment_status":"open","ping_status":"closed","template":"","meta":[],"product_brand":[],"product_cat":[2633,2765],"product_tag":[],"class_list":{"0":"post-287715","1":"product","2":"type-product","3":"status-publish","4":"has-post-thumbnail","6":"product_cat-diverse-bagskytte","7":"product_cat-fyndlada-slutrea","9":"first","10":"instock","11":"sale","12":"featured","13":"taxable","14":"shipping-taxable","15":"purchasable","16":"product-type-simple"},"composite_virtual":false,"composite_layout":"","composite_add_to_cart_form_location":"","composite_editable_in_cart":false,"composite_sold_individually_context":"","composite_shop_price_calc":"","composite_components":[],"composite_scenarios":[],"group_of_quantity":0,"min_quantity":0,"max_quantity":"","exclude_order_quantity_value_rules":"no","exclude_category_quantity_rules":"no","combine_variations":"no","exclude_global_add_ons":[],"addons":[],"_links":{"self":[{"href":"https:\/\/www.huntersfriend.eu\/sv\/wp-json\/wp\/v2\/product\/287715","targetHints":{"allow":["GET"]}}],"collection":[{"href":"https:\/\/www.huntersfriend.eu\/sv\/wp-json\/wp\/v2\/product"}],"about":[{"href":"https:\/\/www.huntersfriend.eu\/sv\/wp-json\/wp\/v2\/types\/product"}],"replies":[{"embeddable":true,"href":"https:\/\/www.huntersfriend.eu\/sv\/wp-json\/wp\/v2\/comments?post=287715"}],"wp:featuredmedia":[{"embeddable":true,"href":"https:\/\/www.huntersfriend.eu\/sv\/wp-json\/wp\/v2\/media\/246966"}],"wp:attachment":[{"href":"https:\/\/www.huntersfriend.eu\/sv\/wp-json\/wp\/v2\/media?parent=287715"}],"wp:term":[{"taxonomy":"product_brand","embeddable":true,"href":"https:\/\/www.huntersfriend.eu\/sv\/wp-json\/wp\/v2\/product_brand?post=287715"},{"taxonomy":"product_cat","embeddable":true,"href":"https:\/\/www.huntersfriend.eu\/sv\/wp-json\/wp\/v2\/product_cat?post=287715"},{"taxonomy":"product_tag","embeddable":true,"href":"https:\/\/www.huntersfriend.eu\/sv\/wp-json\/wp\/v2\/product_tag?post=287715"}],"curies":[{"name":"wp","href":"https:\/\/api.w.org\/{rel}","templated":true}]}}