{"id":287713,"date":"2022-08-05T12:27:11","date_gmt":"2022-08-05T10:27:11","guid":{"rendered":"https:\/\/www.huntersfriend.eu\/product\/sitka-lattviktig-balaclava\/"},"modified":"2025-08-27T10:54:28","modified_gmt":"2025-08-27T08:54:28","slug":"sitka-lattviktig-balaclava","status":"publish","type":"product","link":"https:\/\/www.huntersfriend.eu\/sv\/produkt\/sitka-lattviktig-balaclava\/","title":{"rendered":"SITKA l\u00e4ttviktig balaclava"},"content":{"rendered":"<p>Den l\u00e4ttviktiga balaclavan h\u00e5ller huvudet svalt och dolt under tidiga s\u00e4songen. Snabbtorkande, bekv\u00e4m och stretchig l\u00e4ttviktsfleece ger exceptionell fukttransport n\u00e4r anstr\u00e4ngningsniv\u00e5n \u00f6kar. Beh\u00e5ll svala temperaturer samtidigt som du maximerar kamouflage med en ledad passform som f\u00f6rb\u00e4ttrar perifera seendet f\u00f6r att f\u00e5nga de minsta r\u00f6relserna i skogen.  <\/p>\n","protected":false},"excerpt":{"rendered":"<p>Den l\u00e4ttviktiga balaclavan h\u00e5ller huvudet svalt och dolt under tidiga s\u00e4songen. Snabbtorkande, bekv\u00e4m och stretchig l\u00e4ttviktsfleece ger exceptionell fukttransport n\u00e4r anstr\u00e4ngningsniv\u00e5n \u00f6kar. Beh\u00e5ll svala temperaturer samtidigt som du maximerar kamouflage med en ledad passform som f\u00f6rb\u00e4ttrar perifera seendet f\u00f6r att f\u00e5nga de minsta r\u00f6relserna i skogen.<\/p>\n","protected":false},"featured_media":246972,"comment_status":"open","ping_status":"closed","template":"","meta":[],"product_brand":[],"product_cat":[878],"product_tag":[],"class_list":{"0":"post-287713","1":"product","2":"type-product","3":"status-publish","4":"has-post-thumbnail","6":"product_cat-uncategorized-sv","8":"first","9":"outofstock","10":"sale","11":"taxable","12":"shipping-taxable","13":"purchasable","14":"product-type-simple"},"composite_virtual":false,"composite_layout":"","composite_add_to_cart_form_location":"","composite_editable_in_cart":false,"composite_sold_individually_context":"","composite_shop_price_calc":"","composite_components":[],"composite_scenarios":[],"group_of_quantity":0,"min_quantity":0,"max_quantity":"","exclude_order_quantity_value_rules":"no","exclude_category_quantity_rules":"no","combine_variations":"no","exclude_global_add_ons":[],"addons":[],"_links":{"self":[{"href":"https:\/\/www.huntersfriend.eu\/sv\/wp-json\/wp\/v2\/product\/287713","targetHints":{"allow":["GET"]}}],"collection":[{"href":"https:\/\/www.huntersfriend.eu\/sv\/wp-json\/wp\/v2\/product"}],"about":[{"href":"https:\/\/www.huntersfriend.eu\/sv\/wp-json\/wp\/v2\/types\/product"}],"replies":[{"embeddable":true,"href":"https:\/\/www.huntersfriend.eu\/sv\/wp-json\/wp\/v2\/comments?post=287713"}],"wp:featuredmedia":[{"embeddable":true,"href":"https:\/\/www.huntersfriend.eu\/sv\/wp-json\/wp\/v2\/media\/246972"}],"wp:attachment":[{"href":"https:\/\/www.huntersfriend.eu\/sv\/wp-json\/wp\/v2\/media?parent=287713"}],"wp:term":[{"taxonomy":"product_brand","embeddable":true,"href":"https:\/\/www.huntersfriend.eu\/sv\/wp-json\/wp\/v2\/product_brand?post=287713"},{"taxonomy":"product_cat","embeddable":true,"href":"https:\/\/www.huntersfriend.eu\/sv\/wp-json\/wp\/v2\/product_cat?post=287713"},{"taxonomy":"product_tag","embeddable":true,"href":"https:\/\/www.huntersfriend.eu\/sv\/wp-json\/wp\/v2\/product_tag?post=287713"}],"curies":[{"name":"wp","href":"https:\/\/api.w.org\/{rel}","templated":true}]}}