{"id":287708,"date":"2022-08-15T08:52:24","date_gmt":"2022-08-15T06:52:24","guid":{"rendered":"https:\/\/www.huntersfriend.eu\/product\/scentlok-vapour-vattentata-medeltjocka-byxor\/"},"modified":"2025-08-27T10:54:24","modified_gmt":"2025-08-27T08:54:24","slug":"scentlok-vapour-vattentata-medeltjocka-byxor","status":"publish","type":"product","link":"https:\/\/www.huntersfriend.eu\/sv\/produkt\/scentlok-vapour-vattentata-medeltjocka-byxor\/","title":{"rendered":"Scentlok Vapour vattent\u00e4ta, medeltjocka byxor"},"content":{"rendered":"<p>Vapour Waterproof-serien l\u00e5ter dig neutralisera allt som Moder Natur f\u00f6rs\u00f6ker kasta mot dig fr\u00e5n f\u00f6rs\u00e4songen hela v\u00e4gen till brunstens h\u00f6jdpunkt. En medeltjock design g\u00f6r att du kan st\u00e5 emot stormar utan att bli \u00f6verhettad eller begr\u00e4nsa r\u00f6relsefriheten. <\/p>\n<p><strong>FUNKTIONER:<\/strong><\/p>\n<ul>\n<li><strong>Carbon Alloy\u2122-teknik<\/strong> f\u00f6r maximal luktabsorption och luktkontroll<\/li>\n<li><strong>Vatten-\/vindt\u00e4tt membran<\/strong> skyddar dig fr\u00e5n de h\u00e5rda elementen<\/li>\n<li><strong>Borstat trik\u00e5 yttertyg<\/strong> f\u00f6r d\u00f6dligt tyst man\u00f6vrerbarhet<\/li>\n<li><strong>Tv\u00e5 t\u00e4ckta fickor med dragkedja<\/strong> erbjuder viktig f\u00f6rvaring<\/li>\n<li><strong>43 cm benblixtl\u00e5s med stormflikskydd<\/strong> f\u00f6r att h\u00e5lla vattnet ute och h\u00e5lla dig torr<\/li>\n<li><strong>Artikulerade kn\u00e4n och kil i full l\u00e4ngd<\/strong> ger r\u00f6rlighet i f\u00e4lt<\/li>\n<\/ul>\n","protected":false},"excerpt":{"rendered":"<p>Realtree Edge<\/p>\n","protected":false},"featured_media":235803,"comment_status":"open","ping_status":"closed","template":"","meta":[],"product_brand":[],"product_cat":[2779,2765],"product_tag":[],"class_list":{"0":"post-287708","1":"product","2":"type-product","3":"status-publish","4":"has-post-thumbnail","6":"product_cat-byxor","7":"product_cat-fyndlada-slutrea","9":"first","10":"instock","11":"sale","12":"taxable","13":"shipping-taxable","14":"purchasable","15":"product-type-variable"},"composite_virtual":false,"composite_layout":"","composite_add_to_cart_form_location":"","composite_editable_in_cart":false,"composite_sold_individually_context":"","composite_shop_price_calc":"","composite_components":[],"composite_scenarios":[],"group_of_quantity":0,"min_quantity":0,"max_quantity":"","exclude_order_quantity_value_rules":"no","exclude_category_quantity_rules":"no","combine_variations":"no","exclude_global_add_ons":[],"addons":[],"_links":{"self":[{"href":"https:\/\/www.huntersfriend.eu\/sv\/wp-json\/wp\/v2\/product\/287708","targetHints":{"allow":["GET"]}}],"collection":[{"href":"https:\/\/www.huntersfriend.eu\/sv\/wp-json\/wp\/v2\/product"}],"about":[{"href":"https:\/\/www.huntersfriend.eu\/sv\/wp-json\/wp\/v2\/types\/product"}],"replies":[{"embeddable":true,"href":"https:\/\/www.huntersfriend.eu\/sv\/wp-json\/wp\/v2\/comments?post=287708"}],"wp:featuredmedia":[{"embeddable":true,"href":"https:\/\/www.huntersfriend.eu\/sv\/wp-json\/wp\/v2\/media\/235803"}],"wp:attachment":[{"href":"https:\/\/www.huntersfriend.eu\/sv\/wp-json\/wp\/v2\/media?parent=287708"}],"wp:term":[{"taxonomy":"product_brand","embeddable":true,"href":"https:\/\/www.huntersfriend.eu\/sv\/wp-json\/wp\/v2\/product_brand?post=287708"},{"taxonomy":"product_cat","embeddable":true,"href":"https:\/\/www.huntersfriend.eu\/sv\/wp-json\/wp\/v2\/product_cat?post=287708"},{"taxonomy":"product_tag","embeddable":true,"href":"https:\/\/www.huntersfriend.eu\/sv\/wp-json\/wp\/v2\/product_tag?post=287708"}],"curies":[{"name":"wp","href":"https:\/\/api.w.org\/{rel}","templated":true}]}}