{"id":287707,"date":"2022-08-18T11:32:22","date_gmt":"2022-08-18T09:32:22","guid":{"rendered":"https:\/\/www.huntersfriend.eu\/product\/scentlok-be-1-handvarmarmuff-mossy-oak-terra-gila\/"},"modified":"2025-08-27T10:54:20","modified_gmt":"2025-08-27T08:54:20","slug":"scentlok-be-1-handvarmarmuff-mossy-oak-terra-gila","status":"publish","type":"product","link":"https:\/\/www.huntersfriend.eu\/sv\/produkt\/scentlok-be-1-handvarmarmuff-mossy-oak-terra-gila\/","title":{"rendered":"Scentlok BE 1 handv\u00e4rmarmuff &#8211; mossy oak Terra Gila"},"content":{"rendered":"<p><strong>FUNKTIONER:<\/strong><\/p>\n<ul>\n<li><strong>Carbon Alloy\u2122-teknologi<\/strong> f\u00f6r maximal luktabsorption<\/li>\n<li><strong>133g Primaloft\u00ae Gold-isolering<\/strong> ger ultimat v\u00e4rme<\/li>\n<li><strong>Windbrake\u00ae vindt\u00e4t design<\/strong> skyddar mot starka vindar<\/li>\n<li><strong>DWR-behandlad<\/strong> f\u00f6r att avvisa l\u00e4tt fukt<\/li>\n<li><strong>Premium fleecetyg<\/strong> f\u00f6r d\u00f6dligt tyst v\u00e4rme vid behov<\/li>\n<li><strong>300g l\u00e5ng lugg fleecefoder<\/strong> skapar extra v\u00e4rme<\/li>\n<li><strong>L\u00e4tt\u00e5tkomlig dragkedja fram<\/strong> h\u00e5ller dina viktigaste saker l\u00e4ttillg\u00e4ngliga<\/li>\n<li><strong>Justerbart sp\u00e4nne polyester midjerem<\/strong> ger en anpassad passform<\/li>\n<\/ul>\n","protected":false},"excerpt":{"rendered":"<p>Mossy oak Terra Gila<\/p>\n","protected":false},"featured_media":235711,"comment_status":"open","ping_status":"closed","template":"","meta":[],"product_brand":[],"product_cat":[2765,2611],"product_tag":[],"class_list":{"0":"post-287707","1":"product","2":"type-product","3":"status-publish","4":"has-post-thumbnail","6":"product_cat-fyndlada-slutrea","7":"product_cat-tillbehor","9":"first","10":"instock","11":"sale","12":"featured","13":"taxable","14":"shipping-taxable","15":"purchasable","16":"product-type-simple"},"composite_virtual":false,"composite_layout":"","composite_add_to_cart_form_location":"","composite_editable_in_cart":false,"composite_sold_individually_context":"","composite_shop_price_calc":"","composite_components":[],"composite_scenarios":[],"group_of_quantity":0,"min_quantity":0,"max_quantity":"","exclude_order_quantity_value_rules":"no","exclude_category_quantity_rules":"no","combine_variations":"no","exclude_global_add_ons":[],"addons":[],"_links":{"self":[{"href":"https:\/\/www.huntersfriend.eu\/sv\/wp-json\/wp\/v2\/product\/287707","targetHints":{"allow":["GET"]}}],"collection":[{"href":"https:\/\/www.huntersfriend.eu\/sv\/wp-json\/wp\/v2\/product"}],"about":[{"href":"https:\/\/www.huntersfriend.eu\/sv\/wp-json\/wp\/v2\/types\/product"}],"replies":[{"embeddable":true,"href":"https:\/\/www.huntersfriend.eu\/sv\/wp-json\/wp\/v2\/comments?post=287707"}],"wp:featuredmedia":[{"embeddable":true,"href":"https:\/\/www.huntersfriend.eu\/sv\/wp-json\/wp\/v2\/media\/235711"}],"wp:attachment":[{"href":"https:\/\/www.huntersfriend.eu\/sv\/wp-json\/wp\/v2\/media?parent=287707"}],"wp:term":[{"taxonomy":"product_brand","embeddable":true,"href":"https:\/\/www.huntersfriend.eu\/sv\/wp-json\/wp\/v2\/product_brand?post=287707"},{"taxonomy":"product_cat","embeddable":true,"href":"https:\/\/www.huntersfriend.eu\/sv\/wp-json\/wp\/v2\/product_cat?post=287707"},{"taxonomy":"product_tag","embeddable":true,"href":"https:\/\/www.huntersfriend.eu\/sv\/wp-json\/wp\/v2\/product_tag?post=287707"}],"curies":[{"name":"wp","href":"https:\/\/api.w.org\/{rel}","templated":true}]}}