{"id":287706,"date":"2022-08-26T15:15:34","date_gmt":"2022-08-26T13:15:34","guid":{"rendered":"https:\/\/www.huntersfriend.eu\/product\/vorn-equipment-lt12-ryggsack\/"},"modified":"2025-08-27T10:54:17","modified_gmt":"2025-08-27T08:54:17","slug":"vorn-equipment-lt12-ryggsack","status":"publish","type":"product","link":"https:\/\/www.huntersfriend.eu\/sv\/produkt\/vorn-equipment-lt12-ryggsack\/","title":{"rendered":"Vorn equipment LT12 ryggs\u00e4ck"},"content":{"rendered":"<p id=\"tw-target-text\" class=\"tw-data-text tw-text-large tw-ta\" dir=\"ltr\" data-placeholder=\"K\u00e4\u00e4nn\u00f6s\"><span class=\"Y2IQFc\" lang=\"en\">Vorn LT12 \u00e4r en liten och l\u00e4tt jaktryggs\u00e4ck. Quick-Rifle-Release-System ger snabb \u00e5tkomst till det l\u00e5nga vapnet, som \u00e4r s\u00e4kert f\u00e4st vid ryggs\u00e4cken n\u00e4r det inte anv\u00e4nds. Bekv\u00e4ma axelremmar och ett avtagbart h\u00f6ftb\u00e4lte \u00e4r ytterligare funktioner. Horisontella st\u00e4nger inuti ryggs\u00e4cken s\u00e4kerst\u00e4ller \u00f6kad stabilitet. N\u00e4tfack inuti och utanp\u00e5, sp\u00e4nnband och f\u00e4stpunkter p\u00e5 utsidan \u00e4r ytterligare praktiska detaljer. Med vapenskydd som transportskydd.    <\/span><\/p>\n<p dir=\"ltr\" data-placeholder=\"K\u00e4\u00e4nn\u00f6s\">Viktiga funktioner:<\/p>\n<ul>\n<li class=\"tw-data-text tw-text-large tw-ta\" dir=\"ltr\" data-placeholder=\"K\u00e4\u00e4nn\u00f6s\"><span class=\"Y2IQFc\" lang=\"en\">liten jaktryggs\u00e4ck med snabbkoppling f\u00f6r gev\u00e4ret (Quick Rifle Release &#8221;QRR&#8221;) <\/span><\/li>\n<li class=\"tw-data-text tw-text-large tw-ta\" dir=\"ltr\" data-placeholder=\"K\u00e4\u00e4nn\u00f6s\"><span class=\"Y2IQFc\" lang=\"en\">bekv\u00e4m att b\u00e4ra tack vare gener\u00f6s vaddering med avtagbart h\u00f6ftb\u00e4lte <\/span><\/li>\n<li class=\"tw-data-text tw-text-large tw-ta\" dir=\"ltr\" data-placeholder=\"K\u00e4\u00e4nn\u00f6s\"><span class=\"Y2IQFc\" lang=\"en\">Meshfickor inuti och utanp\u00e5 <\/span><\/li>\n<li class=\"tw-data-text tw-text-large tw-ta\" dir=\"ltr\" data-placeholder=\"K\u00e4\u00e4nn\u00f6s\"><span class=\"Y2IQFc\" lang=\"en\">Volym 12 liter <\/span><\/li>\n<li class=\"tw-data-text tw-text-large tw-ta\" dir=\"ltr\" data-placeholder=\"K\u00e4\u00e4nn\u00f6s\"><span class=\"Y2IQFc\" lang=\"en\">M\u00e5tt 52 x 25 x 10 cm (L x B x D) <\/span><\/li>\n<li class=\"tw-data-text tw-text-large tw-ta\" dir=\"ltr\" data-placeholder=\"K\u00e4\u00e4nn\u00f6s\"><span class=\"Y2IQFc\" lang=\"en\">Vikt 1400g<\/span><\/li>\n<\/ul>\n","protected":false},"excerpt":{"rendered":"<p>Vorn LT12 \u00e4r en liten och l\u00e4tt jaktryggs\u00e4ck. Quick-Rifle-Release-System ger snabb \u00e5tkomst till det l\u00e5nga vapnet, som \u00e4r s\u00e4kert f\u00e4st vid ryggs\u00e4cken n\u00e4r det inte anv\u00e4nds. Bekv\u00e4ma axelremmar och ett avtagbart h\u00f6ftb\u00e4lte \u00e4r ytterligare funktioner. Horisontella st\u00e4nger inuti ryggs\u00e4cken s\u00e4kerst\u00e4ller \u00f6kad stabilitet. N\u00e4tfack inuti och utanp\u00e5, sp\u00e4nnband och f\u00e4stpunkter p\u00e5 utsidan \u00e4r ytterligare praktiska detaljer. [&#8230;]\n","protected":false},"featured_media":235418,"comment_status":"open","ping_status":"closed","template":"","meta":[],"product_brand":[],"product_cat":[2565],"product_tag":[],"class_list":{"0":"post-287706","1":"product","2":"type-product","3":"status-publish","4":"has-post-thumbnail","6":"product_cat-jaktryggsackar","7":"product_shipping_class-medium-sv","9":"first","10":"instock","11":"taxable","12":"shipping-taxable","13":"purchasable","14":"product-type-simple"},"composite_virtual":false,"composite_layout":"","composite_add_to_cart_form_location":"","composite_editable_in_cart":false,"composite_sold_individually_context":"","composite_shop_price_calc":"","composite_components":[],"composite_scenarios":[],"group_of_quantity":0,"min_quantity":0,"max_quantity":"","exclude_order_quantity_value_rules":"no","exclude_category_quantity_rules":"no","combine_variations":"no","exclude_global_add_ons":[],"addons":[],"_links":{"self":[{"href":"https:\/\/www.huntersfriend.eu\/sv\/wp-json\/wp\/v2\/product\/287706","targetHints":{"allow":["GET"]}}],"collection":[{"href":"https:\/\/www.huntersfriend.eu\/sv\/wp-json\/wp\/v2\/product"}],"about":[{"href":"https:\/\/www.huntersfriend.eu\/sv\/wp-json\/wp\/v2\/types\/product"}],"replies":[{"embeddable":true,"href":"https:\/\/www.huntersfriend.eu\/sv\/wp-json\/wp\/v2\/comments?post=287706"}],"wp:featuredmedia":[{"embeddable":true,"href":"https:\/\/www.huntersfriend.eu\/sv\/wp-json\/wp\/v2\/media\/235418"}],"wp:attachment":[{"href":"https:\/\/www.huntersfriend.eu\/sv\/wp-json\/wp\/v2\/media?parent=287706"}],"wp:term":[{"taxonomy":"product_brand","embeddable":true,"href":"https:\/\/www.huntersfriend.eu\/sv\/wp-json\/wp\/v2\/product_brand?post=287706"},{"taxonomy":"product_cat","embeddable":true,"href":"https:\/\/www.huntersfriend.eu\/sv\/wp-json\/wp\/v2\/product_cat?post=287706"},{"taxonomy":"product_tag","embeddable":true,"href":"https:\/\/www.huntersfriend.eu\/sv\/wp-json\/wp\/v2\/product_tag?post=287706"}],"curies":[{"name":"wp","href":"https:\/\/api.w.org\/{rel}","templated":true}]}}