{"id":287705,"date":"2022-08-18T11:32:23","date_gmt":"2022-08-18T09:32:23","guid":{"rendered":"https:\/\/www.huntersfriend.eu\/product\/scentlok-carbon-alloy-mossa-signalorange\/"},"modified":"2025-08-27T10:53:57","modified_gmt":"2025-08-27T08:53:57","slug":"scentlok-carbon-alloy-mossa-signalorange","status":"publish","type":"product","link":"https:\/\/www.huntersfriend.eu\/sv\/produkt\/scentlok-carbon-alloy-mossa-signalorange\/","title":{"rendered":"Scentlok carbon alloy m\u00f6ssa \u2013 Signalorange"},"content":{"rendered":"<p>Alla \u00e4lskar en m\u00f6ssa n\u00e4r v\u00e4dret blir kallt och jakten blir tuff. Knit Cuff Beanie \u00e4r m\u00e5ngsidig och h\u00e5ller kylan borta fr\u00e5n huvudet n\u00e4r temperaturen \u00e4r sval, och n\u00e4r kylan verkligen biter, rulla ner m\u00f6ssan och t\u00e4ck \u00f6ronen. Microfleece Carbon Alloy\u2122-fodrad.  <\/p>\n<p>Anv\u00e4nd ScentLok OZ ozongeneratorer f\u00f6r att reng\u00f6ra och fr\u00e4scha upp dina kolkl\u00e4der f\u00f6re dina jakter, vilket f\u00f6rb\u00e4ttrar din tid i f\u00e4lt. OZ ozongeneratorer \u00e4r utformade f\u00f6r att avge en kraftfull str\u00f6m av ozonmolekyler f\u00f6r att praktiskt taget eliminera alla typer av lukter och bakterier samt minska virus. <\/p>\n<p><strong>FUNKTIONER:<\/strong><\/p>\n<ul>\n<li><strong>Carbon Alloy\u2122<\/strong> <strong>-tekniken<\/strong> ger maximal luktabsorption och doftkontroll<\/li>\n<li><strong>Microfleece innerfoder<\/strong> hj\u00e4lper till att h\u00e5lla \u00f6ronen varma<\/li>\n<li><strong>Fukttransporterande behandling<\/strong> f\u00f6r att transportera bort svett och h\u00e5lla dig sval<\/li>\n<li><strong>Design med rullad kant<\/strong> f\u00f6rst\u00e4rker v\u00e4rmen<\/li>\n<\/ul>\n","protected":false},"excerpt":{"rendered":"<p>Stickad m\u00f6ssa, Signalorange<\/p>\n","protected":false},"featured_media":235704,"comment_status":"open","ping_status":"closed","template":"","meta":[],"product_brand":[],"product_cat":[878],"product_tag":[],"class_list":{"0":"post-287705","1":"product","2":"type-product","3":"status-publish","4":"has-post-thumbnail","6":"product_cat-uncategorized-sv","8":"first","9":"outofstock","10":"sale","11":"taxable","12":"shipping-taxable","13":"purchasable","14":"product-type-simple"},"composite_virtual":false,"composite_layout":"","composite_add_to_cart_form_location":"","composite_editable_in_cart":false,"composite_sold_individually_context":"","composite_shop_price_calc":"","composite_components":[],"composite_scenarios":[],"group_of_quantity":0,"min_quantity":0,"max_quantity":"","exclude_order_quantity_value_rules":"no","exclude_category_quantity_rules":"no","combine_variations":"no","exclude_global_add_ons":[],"addons":[],"_links":{"self":[{"href":"https:\/\/www.huntersfriend.eu\/sv\/wp-json\/wp\/v2\/product\/287705","targetHints":{"allow":["GET"]}}],"collection":[{"href":"https:\/\/www.huntersfriend.eu\/sv\/wp-json\/wp\/v2\/product"}],"about":[{"href":"https:\/\/www.huntersfriend.eu\/sv\/wp-json\/wp\/v2\/types\/product"}],"replies":[{"embeddable":true,"href":"https:\/\/www.huntersfriend.eu\/sv\/wp-json\/wp\/v2\/comments?post=287705"}],"wp:featuredmedia":[{"embeddable":true,"href":"https:\/\/www.huntersfriend.eu\/sv\/wp-json\/wp\/v2\/media\/235704"}],"wp:attachment":[{"href":"https:\/\/www.huntersfriend.eu\/sv\/wp-json\/wp\/v2\/media?parent=287705"}],"wp:term":[{"taxonomy":"product_brand","embeddable":true,"href":"https:\/\/www.huntersfriend.eu\/sv\/wp-json\/wp\/v2\/product_brand?post=287705"},{"taxonomy":"product_cat","embeddable":true,"href":"https:\/\/www.huntersfriend.eu\/sv\/wp-json\/wp\/v2\/product_cat?post=287705"},{"taxonomy":"product_tag","embeddable":true,"href":"https:\/\/www.huntersfriend.eu\/sv\/wp-json\/wp\/v2\/product_tag?post=287705"}],"curies":[{"name":"wp","href":"https:\/\/api.w.org\/{rel}","templated":true}]}}