{"id":287700,"date":"2022-08-26T15:15:35","date_gmt":"2022-08-26T13:15:35","guid":{"rendered":"https:\/\/www.huntersfriend.eu\/product\/vorn-equipment-ev45-ryggsack\/"},"modified":"2025-08-27T10:53:52","modified_gmt":"2025-08-27T08:53:52","slug":"vorn-equipment-ev45-ryggsack","status":"publish","type":"product","link":"https:\/\/www.huntersfriend.eu\/sv\/produkt\/vorn-equipment-ev45-ryggsack\/","title":{"rendered":"Vorn equipment EV45 ryggs\u00e4ck"},"content":{"rendered":"<p class=\"tw-data-text tw-text-large tw-ta\" dir=\"ltr\" data-placeholder=\"K\u00e4\u00e4nn\u00f6s\"><span class=\"Y2IQFc\" lang=\"en\">Om du som j\u00e4gare f\u00f6redrar en h\u00f6gkvalitativ och mycket funktionell jaktryggs\u00e4ck, f\u00e5r du inte missa Vorn EV45. Liksom alla Vorn-ryggs\u00e4ckar \u00e4r den en referens inom sitt omr\u00e5de och din perfekta jaktkamrat. Vorn EV45 \u00e4r en kraftig jaktryggs\u00e4ck. Tyst och vattenavvisande tack vare V-Tex trelagers tyg.    <\/span>Med ditt skjutvapen v\u00e4l skyddat inuti ryggs\u00e4cken kan du fokusera p\u00e5 jakten. Quick Rifle Release-systemet ger dig snabb och s\u00e4ker \u00e5tkomst till ditt skjutvapen n\u00e4r du \u00e4r redo att skjuta. <\/p>\n<p id=\"tw-target-text\" class=\"tw-data-text tw-text-large tw-ta\" dir=\"ltr\" data-placeholder=\"K\u00e4\u00e4nn\u00f6s\"><span class=\"Y2IQFc\" lang=\"en\">Med en volym p\u00e5 45 liter har du gott om plats f\u00f6r dina jaktaccessoarer och redskap. Det funktionella trelagers tyget, l\u00e4tt\u00e5tkomliga fack, fiberf\u00f6rst\u00e4rkta ram, robusta remmar och andra funktioner g\u00f6r Vorn EV45-ryggs\u00e4cken till ett starkt och h\u00f6gpresterande transportmedel som inte kommer att svika dig under dina kr\u00e4vande jakter.  <\/span><\/p>\n<p>Viktiga funktioner:<\/p>\n<ul>\n<li>Patenterat QRR-system f\u00f6r snabb och s\u00e4ker \u00e5tkomst till ditt gev\u00e4r eller hagelgev\u00e4r<\/li>\n<li>EV extern och intern ram f\u00f6r optimal stabilitet och lastkapacitet.<\/li>\n<li>Rymligt och justerbart vapenfack.<\/li>\n<li>Bekv\u00e4ma axelremmar med Vorn Pin-Lock-system f\u00f6r h\u00f6jdjustering.<\/li>\n<li>Kraftigt h\u00f6ftb\u00e4lte med MOLLE-f\u00e4stpunkter.<\/li>\n<li>Kompatibel med v\u00e4tskesystem (upp till 3 liter).<\/li>\n<li>Topplock med tre individuella fack och en nyckelkrok<\/li>\n<li>Sid\u00e5tkomst till huvudfacket<\/li>\n<li>L\u00e4tt\u00e5tkomligt vadderat frontfack<\/li>\n<li>Inv\u00e4ndig och utv\u00e4ndig n\u00e4tficka<\/li>\n<li>Flera handtag, kompressionsremmar och f\u00e4stpunkter<\/li>\n<li>Pipt\u00e4ckning ing\u00e5r f\u00f6r gev\u00e4rsskydd under transport.<\/li>\n<li>Volym: 45 liter<\/li>\n<li>Vikt: 2,75 kg<\/li>\n<\/ul>\n","protected":false},"excerpt":{"rendered":"<p>Om du som j\u00e4gare f\u00f6redrar en h\u00f6gkvalitativ och mycket funktionell jaktryggs\u00e4ck, f\u00e5r du inte missa Vorn EV45. Liksom alla Vorn-ryggs\u00e4ckar \u00e4r den en referens inom sitt omr\u00e5de och din perfekta jaktkamrat. Vorn EV45 \u00e4r en kraftig jaktryggs\u00e4ck. Tyst och vattenavvisande tack vare V-Tex trelagers tyg. Med ditt skjutvapen v\u00e4l skyddat inuti ryggs\u00e4cken kan du fokusera [&#8230;]\n","protected":false},"featured_media":235403,"comment_status":"open","ping_status":"closed","template":"","meta":[],"product_brand":[],"product_cat":[2565],"product_tag":[],"class_list":{"0":"post-287700","1":"product","2":"type-product","3":"status-publish","4":"has-post-thumbnail","6":"product_cat-jaktryggsackar","7":"product_shipping_class-medium-sv","9":"first","10":"instock","11":"taxable","12":"shipping-taxable","13":"purchasable","14":"product-type-simple"},"composite_virtual":false,"composite_layout":"","composite_add_to_cart_form_location":"","composite_editable_in_cart":false,"composite_sold_individually_context":"","composite_shop_price_calc":"","composite_components":[],"composite_scenarios":[],"group_of_quantity":0,"min_quantity":0,"max_quantity":"","exclude_order_quantity_value_rules":"no","exclude_category_quantity_rules":"no","combine_variations":"no","exclude_global_add_ons":[],"addons":[],"_links":{"self":[{"href":"https:\/\/www.huntersfriend.eu\/sv\/wp-json\/wp\/v2\/product\/287700","targetHints":{"allow":["GET"]}}],"collection":[{"href":"https:\/\/www.huntersfriend.eu\/sv\/wp-json\/wp\/v2\/product"}],"about":[{"href":"https:\/\/www.huntersfriend.eu\/sv\/wp-json\/wp\/v2\/types\/product"}],"replies":[{"embeddable":true,"href":"https:\/\/www.huntersfriend.eu\/sv\/wp-json\/wp\/v2\/comments?post=287700"}],"wp:featuredmedia":[{"embeddable":true,"href":"https:\/\/www.huntersfriend.eu\/sv\/wp-json\/wp\/v2\/media\/235403"}],"wp:attachment":[{"href":"https:\/\/www.huntersfriend.eu\/sv\/wp-json\/wp\/v2\/media?parent=287700"}],"wp:term":[{"taxonomy":"product_brand","embeddable":true,"href":"https:\/\/www.huntersfriend.eu\/sv\/wp-json\/wp\/v2\/product_brand?post=287700"},{"taxonomy":"product_cat","embeddable":true,"href":"https:\/\/www.huntersfriend.eu\/sv\/wp-json\/wp\/v2\/product_cat?post=287700"},{"taxonomy":"product_tag","embeddable":true,"href":"https:\/\/www.huntersfriend.eu\/sv\/wp-json\/wp\/v2\/product_tag?post=287700"}],"curies":[{"name":"wp","href":"https:\/\/api.w.org\/{rel}","templated":true}]}}