{"id":287696,"date":"2022-08-18T11:32:24","date_gmt":"2022-08-18T09:32:24","guid":{"rendered":"https:\/\/www.huntersfriend.eu\/product\/scentlok-revenant-pro-jacka-mossy-oak\/"},"modified":"2025-08-27T10:53:54","modified_gmt":"2025-08-27T08:53:54","slug":"scentlok-revenant-pro-jacka-mossy-oak","status":"publish","type":"product","link":"https:\/\/www.huntersfriend.eu\/sv\/produkt\/scentlok-revenant-pro-jacka-mossy-oak\/","title":{"rendered":"Scentlok Revenant Pro-jacka \u2013 Mossy Oak"},"content":{"rendered":"<p>Revenant Pro-systemet med WindBrake\u00ae-teknik ger vindt\u00e4tt skydd som fortfarande l\u00e5ter huden andas. Jackan har en tyst berberfleece f\u00f6r att f\u00f6rb\u00e4ttra v\u00e4rmen utan att vara klumpig, s\u00e5 att du kan r\u00f6ra dig fritt. En kombination av l\u00e5ng luggfleece inuti och Thinsulate\u2122-isolering garanterar att du kommer att vara bekv\u00e4m p\u00e5 din plats s\u00e5 sent in p\u00e5 s\u00e4songen som du beh\u00f6ver. Revenant Pro anv\u00e4nder ocks\u00e5 v\u00e5r revolutionerande Carbon Alloy\u2122-teknik f\u00f6r att ge dig det ultimata luktskyddet i f\u00e4lt.   <\/p>\n<p><strong>FUNKTIONER:<\/strong><\/p>\n<ul>\n<li><strong>Carbon Alloy<sup>\u2122<\/sup>-teknik<\/strong> f\u00f6r maximal luktabsorption och luktkontroll<\/li>\n<li><strong>WindBrake\u00ae-teknik<\/strong>, design med andningsf\u00f6rm\u00e5ga och vindt\u00e4thet f\u00f6r att skydda dig fr\u00e5n v\u00e4der och vind<\/li>\n<li><strong>Yttre DWR-finish<\/strong> som st\u00f6ter bort fukt<\/li>\n<li><strong>Ultraljud, mjuka yttertyger i fleece <\/strong>f\u00f6r maximal komfort<\/li>\n<li><strong>L\u00e5ng luggfleece och polyester interlock-tyg <\/strong>f\u00f6r v\u00e4rme och komfort<\/li>\n<li><strong>Thermal Mapped Thinsulate<sup>\u2122<\/sup><\/strong><strong> isolering <\/strong>f\u00f6r extrem v\u00e4rme (100 g i kroppen, 60 g i \u00e4rmarna)<\/li>\n<li><strong>S\u00e4kerhetssele\u00f6ppning <\/strong>f\u00f6r enkel \u00e5tkomst<\/li>\n<li><strong>Fyra fickor med dragkedja (3 yttre och 1 inre)<\/strong>f\u00f6r f\u00f6rvaring av viktig utrustning<\/li>\n<li><strong>Artikulerade armb\u00e5gar <\/strong>f\u00f6r full r\u00f6relsefrihet<\/li>\n<li><strong>Teleskopiska muddar med tumh\u00e5l <\/strong>f\u00f6r att l\u00e5sa in doften och h\u00e5lla kylan ute<\/li>\n<\/ul>\n","protected":false},"excerpt":{"rendered":"<p>Revenant Pro-systemet med WindBrake\u00ae-teknik ger vindt\u00e4tt skydd som fortfarande l\u00e5ter huden andas. Jackan har en tyst berberfleece f\u00f6r att f\u00f6rb\u00e4ttra v\u00e4rmen utan att vara klumpig, s\u00e5 att du kan r\u00f6ra dig fritt. En kombination av l\u00e5ng luggfleece inuti och Thinsulate\u2122-isolering garanterar att du kommer att vara bekv\u00e4m p\u00e5 din plats s\u00e5 sent in p\u00e5 s\u00e4songen [&#8230;]\n","protected":false},"featured_media":235663,"comment_status":"open","ping_status":"closed","template":"","meta":[],"product_brand":[],"product_cat":[2765,2741],"product_tag":[],"class_list":{"0":"post-287696","1":"product","2":"type-product","3":"status-publish","4":"has-post-thumbnail","6":"product_cat-fyndlada-slutrea","7":"product_cat-jackor","9":"first","10":"instock","11":"sale","12":"taxable","13":"shipping-taxable","14":"purchasable","15":"product-type-variable"},"composite_virtual":false,"composite_layout":"","composite_add_to_cart_form_location":"","composite_editable_in_cart":false,"composite_sold_individually_context":"","composite_shop_price_calc":"","composite_components":[],"composite_scenarios":[],"group_of_quantity":0,"min_quantity":0,"max_quantity":"","exclude_order_quantity_value_rules":"no","exclude_category_quantity_rules":"no","combine_variations":"no","exclude_global_add_ons":[],"addons":[],"_links":{"self":[{"href":"https:\/\/www.huntersfriend.eu\/sv\/wp-json\/wp\/v2\/product\/287696","targetHints":{"allow":["GET"]}}],"collection":[{"href":"https:\/\/www.huntersfriend.eu\/sv\/wp-json\/wp\/v2\/product"}],"about":[{"href":"https:\/\/www.huntersfriend.eu\/sv\/wp-json\/wp\/v2\/types\/product"}],"replies":[{"embeddable":true,"href":"https:\/\/www.huntersfriend.eu\/sv\/wp-json\/wp\/v2\/comments?post=287696"}],"wp:featuredmedia":[{"embeddable":true,"href":"https:\/\/www.huntersfriend.eu\/sv\/wp-json\/wp\/v2\/media\/235663"}],"wp:attachment":[{"href":"https:\/\/www.huntersfriend.eu\/sv\/wp-json\/wp\/v2\/media?parent=287696"}],"wp:term":[{"taxonomy":"product_brand","embeddable":true,"href":"https:\/\/www.huntersfriend.eu\/sv\/wp-json\/wp\/v2\/product_brand?post=287696"},{"taxonomy":"product_cat","embeddable":true,"href":"https:\/\/www.huntersfriend.eu\/sv\/wp-json\/wp\/v2\/product_cat?post=287696"},{"taxonomy":"product_tag","embeddable":true,"href":"https:\/\/www.huntersfriend.eu\/sv\/wp-json\/wp\/v2\/product_tag?post=287696"}],"curies":[{"name":"wp","href":"https:\/\/api.w.org\/{rel}","templated":true}]}}