{"id":287694,"date":"2022-08-18T11:32:25","date_gmt":"2022-08-18T09:32:25","guid":{"rendered":"https:\/\/www.huntersfriend.eu\/product\/scentlok-revenant-pro-byxor-mossy-oak\/"},"modified":"2025-08-27T10:53:50","modified_gmt":"2025-08-27T08:53:50","slug":"scentlok-revenant-pro-byxor-mossy-oak","status":"publish","type":"product","link":"https:\/\/www.huntersfriend.eu\/sv\/produkt\/scentlok-revenant-pro-byxor-mossy-oak\/","title":{"rendered":"Scentlok Revenant Pro byxor &#8211; mossy oak"},"content":{"rendered":"<p>Revenant Pro-systemet med WindBrake\u00ae-teknik ger vindt\u00e4tt skydd som fortfarande l\u00e5ter huden andas. Jackan har en tyst berberfleece f\u00f6r att f\u00f6rb\u00e4ttra v\u00e4rmen utan att vara klumpig, s\u00e5 att du kan r\u00f6ra dig fritt. En kombination av l\u00e5ng luggfleece inuti och Thinsulate\u2122-isolering garanterar att du kommer att vara bekv\u00e4m p\u00e5 din plats s\u00e5 sent in p\u00e5 s\u00e4songen som du beh\u00f6ver. Revenant Pro anv\u00e4nder ocks\u00e5 v\u00e5r revolutionerande Carbon Alloy\u2122-teknik f\u00f6r att ge dig det ultimata luktskyddet i f\u00e4lt.   <\/p>\n<p><strong>FUNKTIONER<\/strong><\/p>\n<ul>\n<li><strong>Carbon Alloy<sup>\u2122<\/sup>-teknik<\/strong> f\u00f6r maximal luktabsorption och luktkontroll<\/li>\n<li><strong>WindBrake\u00ae-teknik<\/strong>, design med andningsf\u00f6rm\u00e5ga och vindt\u00e4thet f\u00f6r att skydda dig fr\u00e5n v\u00e4der och vind<\/li>\n<li><strong>Yttre DWR-finish<\/strong> som st\u00f6ter bort fukt<\/li>\n<li><strong>Fukttransporterande behandlat foder<\/strong> f\u00f6r maximal fukthantering<\/li>\n<li><strong>V\u00e4rmekartlagd Thinsulate-isolering (100 g kropp och 60 g ben)<\/strong> ger viktig v\u00e4rme<\/li>\n<li><strong>Yttre k\u00e4rnmaterial i berberfleece<\/strong> ger extra v\u00e4rme och tystnad<\/li>\n<li><strong>Ultratyst yttertyg i fleece p\u00e5 extremiteterna f\u00f6r r\u00f6rlighet<\/strong> f\u00f6r r\u00f6rlighet<\/li>\n<li><strong>Inre k\u00e4rnmaterial i l\u00e5ng luggfleece<\/strong> f\u00f6r extra v\u00e4rme<\/li>\n<li><strong>Bekv\u00e4mt stegsystem med h\u00e4ngslen<\/strong> f\u00f6r enkla\/s\u00e4kra justeringar<\/li>\n<li><strong>Sjudesign med fickor<\/strong> f\u00f6r o\u00f6vertr\u00e4ffad f\u00f6rvaring<\/li>\n<li><strong>Artikulerade kn\u00e4n<\/strong> ger full r\u00f6relsefrihet<\/li>\n<li><strong>Elastiskt midjeband i sids\u00f6mmen<\/strong> hj\u00e4lper till att h\u00e5lla byxorna s\u00e4kra<\/li>\n<li><strong>Sidobensdragkedjor<\/strong> g\u00f6r dem l\u00e4tta att ta p\u00e5\/av<\/li>\n<\/ul>\n","protected":false},"excerpt":{"rendered":"<p>Revenant Pro-systemet med WindBrake\u00ae-teknik ger vindt\u00e4tt skydd som fortfarande l\u00e5ter huden andas. Jackan har en tyst berberfleece f\u00f6r att f\u00f6rb\u00e4ttra v\u00e4rmen utan att vara klumpig, s\u00e5 att du kan r\u00f6ra dig fritt. En kombination av l\u00e5ng luggfleece inuti och Thinsulate\u2122-isolering garanterar att du kommer att vara bekv\u00e4m p\u00e5 din plats s\u00e5 sent in p\u00e5 s\u00e4songen [&#8230;]\n","protected":false},"featured_media":235638,"comment_status":"open","ping_status":"closed","template":"","meta":[],"product_brand":[],"product_cat":[2779,2765],"product_tag":[],"class_list":{"0":"post-287694","1":"product","2":"type-product","3":"status-publish","4":"has-post-thumbnail","6":"product_cat-byxor","7":"product_cat-fyndlada-slutrea","9":"first","10":"instock","11":"sale","12":"taxable","13":"shipping-taxable","14":"purchasable","15":"product-type-variable"},"composite_virtual":false,"composite_layout":"","composite_add_to_cart_form_location":"","composite_editable_in_cart":false,"composite_sold_individually_context":"","composite_shop_price_calc":"","composite_components":[],"composite_scenarios":[],"group_of_quantity":0,"min_quantity":0,"max_quantity":"","exclude_order_quantity_value_rules":"no","exclude_category_quantity_rules":"no","combine_variations":"no","exclude_global_add_ons":[],"addons":[],"_links":{"self":[{"href":"https:\/\/www.huntersfriend.eu\/sv\/wp-json\/wp\/v2\/product\/287694","targetHints":{"allow":["GET"]}}],"collection":[{"href":"https:\/\/www.huntersfriend.eu\/sv\/wp-json\/wp\/v2\/product"}],"about":[{"href":"https:\/\/www.huntersfriend.eu\/sv\/wp-json\/wp\/v2\/types\/product"}],"replies":[{"embeddable":true,"href":"https:\/\/www.huntersfriend.eu\/sv\/wp-json\/wp\/v2\/comments?post=287694"}],"wp:featuredmedia":[{"embeddable":true,"href":"https:\/\/www.huntersfriend.eu\/sv\/wp-json\/wp\/v2\/media\/235638"}],"wp:attachment":[{"href":"https:\/\/www.huntersfriend.eu\/sv\/wp-json\/wp\/v2\/media?parent=287694"}],"wp:term":[{"taxonomy":"product_brand","embeddable":true,"href":"https:\/\/www.huntersfriend.eu\/sv\/wp-json\/wp\/v2\/product_brand?post=287694"},{"taxonomy":"product_cat","embeddable":true,"href":"https:\/\/www.huntersfriend.eu\/sv\/wp-json\/wp\/v2\/product_cat?post=287694"},{"taxonomy":"product_tag","embeddable":true,"href":"https:\/\/www.huntersfriend.eu\/sv\/wp-json\/wp\/v2\/product_tag?post=287694"}],"curies":[{"name":"wp","href":"https:\/\/api.w.org\/{rel}","templated":true}]}}