{"id":287693,"date":"2022-08-26T15:15:34","date_gmt":"2022-08-26T13:15:34","guid":{"rendered":"https:\/\/www.huntersfriend.eu\/product\/vorn-utrustning-ev30-ryggsack\/"},"modified":"2025-08-27T10:53:50","modified_gmt":"2025-08-27T08:53:50","slug":"vorn-utrustning-ev30-ryggsack","status":"publish","type":"product","link":"https:\/\/www.huntersfriend.eu\/sv\/produkt\/vorn-utrustning-ev30-ryggsack\/","title":{"rendered":"Vorn-utrustning EV30 ryggs\u00e4ck"},"content":{"rendered":"<p id=\"tw-target-text\" class=\"tw-data-text tw-text-large tw-ta\" dir=\"ltr\" data-placeholder=\"K\u00e4\u00e4nn\u00f6s\"><span class=\"Y2IQFc\" lang=\"en\">Vorn EV30 \u00e4r en kompakt och snygg jaktryggs\u00e4ck. Den har en snabbkopplingsfunktion f\u00f6r ditt jaktvapen, vilket inneb\u00e4r att du snabbt kan ta sikte med ryggs\u00e4cken p\u00e5 axeln. Den gener\u00f6sa vadderingen f\u00f6rb\u00e4ttrar komforten. F\u00f6rutom ett huvudfack, som \u00e4r tillg\u00e4ngligt via en dragkedja p\u00e5 sidan, har Vorn EV30 ett vadderat fack p\u00e5 framsidan, ett lockfack med nyckelkrok och meshfack inuti och utanp\u00e5. Tyget som anv\u00e4nds \u00e4r vattenavvisande och tyst. Inre och yttre ramar ger denna ryggs\u00e4ck optimal stabilitet. Med vapenskydd f\u00f6r skydd under transport.      <\/span><\/p>\n<p dir=\"ltr\" data-placeholder=\"K\u00e4\u00e4nn\u00f6s\">Viktiga funktioner:<\/p>\n<ul>\n<li dir=\"ltr\" data-placeholder=\"K\u00e4\u00e4nn\u00f6s\"><span class=\"Y2IQFc\" lang=\"en\">Jaktryggs\u00e4ck med snabbkoppling f\u00f6r gev\u00e4ret (Quick Rifle Release &#8221;QRR&#8221;) <\/span><\/li>\n<li dir=\"ltr\" data-placeholder=\"K\u00e4\u00e4nn\u00f6s\"><span class=\"Y2IQFc\" lang=\"en\">Bekv\u00e4m att b\u00e4ra tack vare gener\u00f6s vaddering med br\u00f6st- och vadderat h\u00f6ftb\u00e4lte <\/span><\/li>\n<li dir=\"ltr\" data-placeholder=\"K\u00e4\u00e4nn\u00f6s\"><span class=\"Y2IQFc\" lang=\"en\">Inre och yttre ramar f\u00f6r mer stabilitet <\/span><\/li>\n<li dir=\"ltr\" data-placeholder=\"K\u00e4\u00e4nn\u00f6s\"><span class=\"Y2IQFc\" lang=\"en\">L\u00e4ttillg\u00e4ngligt, vadderat fack fram Meshfack inuti och utanp\u00e5 <\/span><\/li>\n<li dir=\"ltr\" data-placeholder=\"K\u00e4\u00e4nn\u00f6s\"><span class=\"Y2IQFc\" lang=\"en\">H\u00f6ftb\u00e4lte med Molle-f\u00e4stpunkter <\/span><\/li>\n<li dir=\"ltr\" data-placeholder=\"K\u00e4\u00e4nn\u00f6s\"><span class=\"Y2IQFc\" lang=\"en\">Volym 30 liter &#8217;M\u00e5tt 58 x 27 x 18 cm (L x B x D) <\/span><\/li>\n<li dir=\"ltr\" data-placeholder=\"K\u00e4\u00e4nn\u00f6s\"><span class=\"Y2IQFc\" lang=\"en\">Vikt 2450g<\/span><\/li>\n<\/ul>\n","protected":false},"excerpt":{"rendered":"<p>Vorn EV30 \u00e4r en kompakt och snygg jaktryggs\u00e4ck. Den har en snabbkopplingsfunktion f\u00f6r ditt jaktvapen, vilket inneb\u00e4r att du snabbt kan ta sikte med ryggs\u00e4cken p\u00e5 axeln. Den gener\u00f6sa vadderingen f\u00f6rb\u00e4ttrar komforten. F\u00f6rutom ett huvudfack, som \u00e4r tillg\u00e4ngligt via en dragkedja p\u00e5 sidan, har Vorn EV30 ett vadderat fack p\u00e5 framsidan, ett lockfack med nyckelkrok [&#8230;]\n","protected":false},"featured_media":235487,"comment_status":"open","ping_status":"closed","template":"","meta":[],"product_brand":[],"product_cat":[2565],"product_tag":[],"class_list":{"0":"post-287693","1":"product","2":"type-product","3":"status-publish","4":"has-post-thumbnail","6":"product_cat-jaktryggsackar","7":"product_shipping_class-medium-sv","9":"first","10":"instock","11":"taxable","12":"shipping-taxable","13":"purchasable","14":"product-type-simple"},"composite_virtual":false,"composite_layout":"","composite_add_to_cart_form_location":"","composite_editable_in_cart":false,"composite_sold_individually_context":"","composite_shop_price_calc":"","composite_components":[],"composite_scenarios":[],"group_of_quantity":0,"min_quantity":0,"max_quantity":"","exclude_order_quantity_value_rules":"no","exclude_category_quantity_rules":"no","combine_variations":"no","exclude_global_add_ons":[],"addons":[],"_links":{"self":[{"href":"https:\/\/www.huntersfriend.eu\/sv\/wp-json\/wp\/v2\/product\/287693","targetHints":{"allow":["GET"]}}],"collection":[{"href":"https:\/\/www.huntersfriend.eu\/sv\/wp-json\/wp\/v2\/product"}],"about":[{"href":"https:\/\/www.huntersfriend.eu\/sv\/wp-json\/wp\/v2\/types\/product"}],"replies":[{"embeddable":true,"href":"https:\/\/www.huntersfriend.eu\/sv\/wp-json\/wp\/v2\/comments?post=287693"}],"wp:featuredmedia":[{"embeddable":true,"href":"https:\/\/www.huntersfriend.eu\/sv\/wp-json\/wp\/v2\/media\/235487"}],"wp:attachment":[{"href":"https:\/\/www.huntersfriend.eu\/sv\/wp-json\/wp\/v2\/media?parent=287693"}],"wp:term":[{"taxonomy":"product_brand","embeddable":true,"href":"https:\/\/www.huntersfriend.eu\/sv\/wp-json\/wp\/v2\/product_brand?post=287693"},{"taxonomy":"product_cat","embeddable":true,"href":"https:\/\/www.huntersfriend.eu\/sv\/wp-json\/wp\/v2\/product_cat?post=287693"},{"taxonomy":"product_tag","embeddable":true,"href":"https:\/\/www.huntersfriend.eu\/sv\/wp-json\/wp\/v2\/product_tag?post=287693"}],"curies":[{"name":"wp","href":"https:\/\/api.w.org\/{rel}","templated":true}]}}