{"id":287685,"date":"2022-10-13T16:52:08","date_gmt":"2022-10-13T14:52:08","guid":{"rendered":"https:\/\/www.huntersfriend.eu\/product\/jd-komfortstrumpor\/"},"modified":"2025-08-27T06:24:34","modified_gmt":"2025-08-27T04:24:34","slug":"jd-komfortstrumpor","status":"publish","type":"product","link":"https:\/\/www.huntersfriend.eu\/sv\/produkt\/jd-komfortstrumpor\/","title":{"rendered":"JD komfortstrumpor"},"content":{"rendered":"<p><span class=\"jCAhz ChMk0b\"><span class=\"ryNqvb\">JD Komfort arbetsstrumpor har en antibakteriell effekt.<\/span><\/span> <span class=\"jCAhz ChMk0b\"><span class=\"ryNqvb\">Tack vare flexomr\u00e5det vid ankeln och h\u00e4len ger dessa strumpor perfekt grepp och passform.<\/span><\/span> <span class=\"jCAhz ChMk0b\"><span class=\"ryNqvb\">Lycra-res\u00e5ren l\u00f6per fr\u00e5n h\u00e4len hela v\u00e4gen \u00f6ver ankeln.<\/span><\/span> <span class=\"jCAhz ChMk0b\"><span class=\"ryNqvb\">De gr\u00e5 delarna \u00e4r gjorda av borstad bomull.<\/span><\/span> <span class=\"jCAhz ChMk0b\"><span class=\"ryNqvb\">Detta d\u00e4mpar och s\u00e4kerst\u00e4ller samtidigt maximal komfort och bra grepp.<\/span><\/span> <span class=\"jCAhz ChMk0b\"><span class=\"ryNqvb\">De integrerade ventilationskanalerna transporterar effektivt bort fukt fr\u00e5n huden.<\/span><\/span> <span class=\"jCAhz ChMk0b\"><span class=\"ryNqvb\">Det svarta omr\u00e5det av merinoull garanterar behaglig v\u00e4rme och optimal komfort.<\/span><\/span> <span class=\"jCAhz ChMk0b\"><span class=\"ryNqvb\">Tunna Lycra-tr\u00e5dar har anv\u00e4nts i bandet vid strumpans \u00f6ppning, vilket h\u00e5ller strumpan v\u00e4l p\u00e5 plats.<\/span><\/span><\/p>\n","protected":false},"excerpt":{"rendered":"<p>JD Komfort arbetsstrumpor har en antibakteriell effekt. Tack vare flexomr\u00e5det vid ankeln och h\u00e4len ger dessa strumpor perfekt grepp och passform. Lycra-res\u00e5ren l\u00f6per fr\u00e5n h\u00e4len hela v\u00e4gen \u00f6ver ankeln. De gr\u00e5 delarna \u00e4r gjorda av borstad bomull. Detta d\u00e4mpar och s\u00e4kerst\u00e4ller samtidigt maximal komfort och bra grepp. De integrerade ventilationskanalerna transporterar effektivt bort fukt fr\u00e5n [&#8230;]\n","protected":false},"featured_media":250809,"comment_status":"open","ping_status":"closed","template":"","meta":[],"product_brand":[],"product_cat":[2611],"product_tag":[],"class_list":{"0":"post-287685","1":"product","2":"type-product","3":"status-publish","4":"has-post-thumbnail","6":"product_cat-tillbehor","8":"first","9":"instock","10":"taxable","11":"shipping-taxable","12":"purchasable","13":"product-type-variable"},"composite_virtual":false,"composite_layout":"","composite_add_to_cart_form_location":"","composite_editable_in_cart":false,"composite_sold_individually_context":"","composite_shop_price_calc":"","composite_components":[],"composite_scenarios":[],"group_of_quantity":0,"min_quantity":0,"max_quantity":"","exclude_order_quantity_value_rules":"no","exclude_category_quantity_rules":"no","combine_variations":"no","exclude_global_add_ons":[],"addons":[],"_links":{"self":[{"href":"https:\/\/www.huntersfriend.eu\/sv\/wp-json\/wp\/v2\/product\/287685","targetHints":{"allow":["GET"]}}],"collection":[{"href":"https:\/\/www.huntersfriend.eu\/sv\/wp-json\/wp\/v2\/product"}],"about":[{"href":"https:\/\/www.huntersfriend.eu\/sv\/wp-json\/wp\/v2\/types\/product"}],"replies":[{"embeddable":true,"href":"https:\/\/www.huntersfriend.eu\/sv\/wp-json\/wp\/v2\/comments?post=287685"}],"wp:featuredmedia":[{"embeddable":true,"href":"https:\/\/www.huntersfriend.eu\/sv\/wp-json\/wp\/v2\/media\/250809"}],"wp:attachment":[{"href":"https:\/\/www.huntersfriend.eu\/sv\/wp-json\/wp\/v2\/media?parent=287685"}],"wp:term":[{"taxonomy":"product_brand","embeddable":true,"href":"https:\/\/www.huntersfriend.eu\/sv\/wp-json\/wp\/v2\/product_brand?post=287685"},{"taxonomy":"product_cat","embeddable":true,"href":"https:\/\/www.huntersfriend.eu\/sv\/wp-json\/wp\/v2\/product_cat?post=287685"},{"taxonomy":"product_tag","embeddable":true,"href":"https:\/\/www.huntersfriend.eu\/sv\/wp-json\/wp\/v2\/product_tag?post=287685"}],"curies":[{"name":"wp","href":"https:\/\/api.w.org\/{rel}","templated":true}]}}