{"id":287684,"date":"2022-10-12T10:57:59","date_gmt":"2022-10-12T08:57:59","guid":{"rendered":"https:\/\/www.huntersfriend.eu\/product\/armytek-wizard-v4-c2-reg-usb\/"},"modified":"2025-08-27T06:24:33","modified_gmt":"2025-08-27T04:24:33","slug":"armytek-wizard-v4-c2-reg-usb","status":"publish","type":"product","link":"https:\/\/www.huntersfriend.eu\/sv\/produkt\/armytek-wizard-v4-c2-reg-usb\/","title":{"rendered":"Armytek Wizard v4 C2 reg USB"},"content":{"rendered":"<p>Armytek Wizard v4 C2 Reg USB multifunktionell lampa med Micro USB-anslutning. Den kombinerar ljusfl\u00f6de i toppklass, enkel anv\u00e4ndning och en rekordl\u00e5ng driftstid. En m\u00e5ngsidig och kompakt lampa f\u00f6r alla hem och f\u00f6r utomhusaktiviteter. Lampan med ett 3200mAh batteri erbjuder upp till 200 dagars anv\u00e4ndning vid l\u00e4gsta ljusfl\u00f6de. Bekv\u00e4m Micro-USB-laddning g\u00f6r laddning m\u00f6jlig n\u00e4stan var som helst. Och n\u00e4r den \u00e4r ansluten till en USB-str\u00f6mk\u00e4lla kan du anv\u00e4nda lampan som en lampa utan att f\u00f6rbruka str\u00f6m fr\u00e5n batteriet.     <\/p>\n<p>Dessutom har Armytek Wizard v4 C2 Reg USB multifunktionell lampa ett gr\u00f6nt ljusl\u00e4ge, vilket \u00e4r utm\u00e4rkt f\u00f6r anv\u00e4ndning vid till exempel jakt, n\u00e4r du g\u00e5r till passet i morgonens m\u00f6rker, eftersom det gr\u00f6na ljuset \u00e4r n\u00e4stan osynligt f\u00f6r djur.<\/p>\n<p>I paketet ing\u00e5r en lampa, mikro-usb-laddningskabel, 18650 3200mAh Litiumjonbatteri, b\u00e4lteskl\u00e4mma, pannband, 2 st O-ringar och anv\u00e4ndarmanual.<\/p>\n<p>&nbsp;<\/p>\n<ul>\n<li>Ljusfl\u00f6de: 1020lm starkt ljus \/ 400lm gr\u00f6nt ljus.<\/li>\n<li>R\u00e4ckvidd Starkt ljus 97m \/ 63m gr\u00f6nt<\/li>\n<li>Vattent\u00e4t IP68 &#8211; fungerar p\u00e5 ett djup av 10m<\/li>\n<li>Slagt\u00e5lig fr\u00e5n ett fall p\u00e5 10m<\/li>\n<li>5 olika effektniv\u00e5er med b\u00e5de vitt och UV-ljus<\/li>\n<li>Spotlight: Bred kombination<\/li>\n<\/ul>\n","protected":false},"excerpt":{"rendered":"<p>Armytek Wizard v4 C2 Reg USB multifunktionell lampa med Micro USB-anslutning. Den kombinerar ljusfl\u00f6de i toppklass, enkel anv\u00e4ndning och en rekordl\u00e5ng driftstid. En m\u00e5ngsidig och kompakt lampa f\u00f6r alla hem och f\u00f6r utomhusaktiviteter. Lampan med ett 3200mAh batteri erbjuder upp till 200 dagars anv\u00e4ndning vid l\u00e4gsta ljusfl\u00f6de. Bekv\u00e4m Micro-USB-laddning g\u00f6r laddning m\u00f6jlig n\u00e4stan var som [&#8230;]\n","protected":false},"featured_media":238268,"comment_status":"open","ping_status":"closed","template":"","meta":[],"product_brand":[],"product_cat":[878],"product_tag":[],"class_list":{"0":"post-287684","1":"product","2":"type-product","3":"status-publish","4":"has-post-thumbnail","6":"product_cat-uncategorized-sv","8":"first","9":"outofstock","10":"taxable","11":"shipping-taxable","12":"purchasable","13":"product-type-simple"},"composite_virtual":false,"composite_layout":"","composite_add_to_cart_form_location":"","composite_editable_in_cart":false,"composite_sold_individually_context":"","composite_shop_price_calc":"","composite_components":[],"composite_scenarios":[],"group_of_quantity":0,"min_quantity":0,"max_quantity":"","exclude_order_quantity_value_rules":"no","exclude_category_quantity_rules":"no","combine_variations":"no","exclude_global_add_ons":[],"addons":[],"_links":{"self":[{"href":"https:\/\/www.huntersfriend.eu\/sv\/wp-json\/wp\/v2\/product\/287684","targetHints":{"allow":["GET"]}}],"collection":[{"href":"https:\/\/www.huntersfriend.eu\/sv\/wp-json\/wp\/v2\/product"}],"about":[{"href":"https:\/\/www.huntersfriend.eu\/sv\/wp-json\/wp\/v2\/types\/product"}],"replies":[{"embeddable":true,"href":"https:\/\/www.huntersfriend.eu\/sv\/wp-json\/wp\/v2\/comments?post=287684"}],"wp:featuredmedia":[{"embeddable":true,"href":"https:\/\/www.huntersfriend.eu\/sv\/wp-json\/wp\/v2\/media\/238268"}],"wp:attachment":[{"href":"https:\/\/www.huntersfriend.eu\/sv\/wp-json\/wp\/v2\/media?parent=287684"}],"wp:term":[{"taxonomy":"product_brand","embeddable":true,"href":"https:\/\/www.huntersfriend.eu\/sv\/wp-json\/wp\/v2\/product_brand?post=287684"},{"taxonomy":"product_cat","embeddable":true,"href":"https:\/\/www.huntersfriend.eu\/sv\/wp-json\/wp\/v2\/product_cat?post=287684"},{"taxonomy":"product_tag","embeddable":true,"href":"https:\/\/www.huntersfriend.eu\/sv\/wp-json\/wp\/v2\/product_tag?post=287684"}],"curies":[{"name":"wp","href":"https:\/\/api.w.org\/{rel}","templated":true}]}}