{"id":287683,"date":"2022-10-12T10:57:58","date_gmt":"2022-10-12T08:57:58","guid":{"rendered":"https:\/\/www.huntersfriend.eu\/product\/armytek-wizard-v4-c2-pro-usb\/"},"modified":"2026-03-18T22:00:29","modified_gmt":"2026-03-18T20:00:29","slug":"armytek-wizard-v4-c2-pro-usb","status":"publish","type":"product","link":"https:\/\/www.huntersfriend.eu\/sv\/produkt\/armytek-wizard-v4-c2-pro-usb\/","title":{"rendered":"Armytek Wizard v4 C2 Pro USB"},"content":{"rendered":"<p>Armytek Wizard v4 C2 Pro USB \u00e4r en multifunktionell lampa med en ljusstyrka p\u00e5 2500 lumen. Den perfekta l\u00f6sningen f\u00f6r dig som s\u00f6ker en kompakt och effektiv lampa f\u00f6r m\u00e5ngsidig anv\u00e4ndning. R\u00e4ckvidd upp till 131 m. Med den medf\u00f6ljande magnetiska USB-laddaren kan du enkelt ladda den n\u00e4stan var som helst.   <\/p>\n<p>Med magneten p\u00e5 botten kan du f\u00e4sta lampan p\u00e5 vilken metallyta som helst. Paketet levereras med ett h\u00f6gkvalitativt pannband och en kl\u00e4mma som du kan f\u00e4sta lampan med p\u00e5 kl\u00e4der eller en ryggs\u00e4ck. Det finns ocks\u00e5 en adapter med vilken du kan f\u00e4sta lampan som ett cykelstr\u00e5lkastare. Dessutom kan lampan, som \u00e4r utrustad med ett effektivt 18650 litiumjonbatteri, anv\u00e4ndas fr\u00e5n 2 timmar till 200 dagar p\u00e5 en enda laddning, beroende p\u00e5 ljusstyrkan.   <\/p>\n<p>Armytek Wizard v4 C2 Pro USB &#8211; Vit<\/p>\n<ul>\n<li>Ljusstyrka 2500 lumen, 12 olika l\u00e4gen<\/li>\n<li>R\u00e4ckvidd 131 m<\/li>\n<li>Drifttid max. 200 dagar p\u00e5 en enda laddning vid minimal effekt <\/li>\n<li>Vattent\u00e5lighet IP68 (10m)<\/li>\n<li>Slagt\u00e5lighet max. 10 m fall <\/li>\n<li>Kroppsf\u00e4rg: Oliv<\/li>\n<\/ul>\n","protected":false},"excerpt":{"rendered":"<p>Armytek Wizard v4 C2 Pro USB \u00e4r en multifunktionell lampa med en ljusstyrka p\u00e5 2500 lumen. Den perfekta l\u00f6sningen f\u00f6r dig som s\u00f6ker en kompakt och effektiv lampa f\u00f6r m\u00e5ngsidig anv\u00e4ndning. R\u00e4ckvidd upp till 131 m. Med den medf\u00f6ljande magnetiska USB-laddaren kan du enkelt ladda den n\u00e4stan var som helst. Med magneten p\u00e5 botten kan [&#8230;]\n","protected":false},"featured_media":238299,"comment_status":"open","ping_status":"closed","template":"","meta":[],"product_brand":[],"product_cat":[2525],"product_tag":[],"class_list":{"0":"post-287683","1":"product","2":"type-product","3":"status-publish","4":"has-post-thumbnail","6":"product_cat-jaktlampor","8":"first","9":"instock","10":"taxable","11":"shipping-taxable","12":"purchasable","13":"product-type-simple"},"composite_virtual":false,"composite_layout":"","composite_add_to_cart_form_location":"","composite_editable_in_cart":false,"composite_sold_individually_context":"","composite_shop_price_calc":"","composite_components":[],"composite_scenarios":[],"group_of_quantity":0,"min_quantity":0,"max_quantity":"","exclude_order_quantity_value_rules":"no","exclude_category_quantity_rules":"no","combine_variations":"no","exclude_global_add_ons":[],"addons":[],"_links":{"self":[{"href":"https:\/\/www.huntersfriend.eu\/sv\/wp-json\/wp\/v2\/product\/287683","targetHints":{"allow":["GET"]}}],"collection":[{"href":"https:\/\/www.huntersfriend.eu\/sv\/wp-json\/wp\/v2\/product"}],"about":[{"href":"https:\/\/www.huntersfriend.eu\/sv\/wp-json\/wp\/v2\/types\/product"}],"replies":[{"embeddable":true,"href":"https:\/\/www.huntersfriend.eu\/sv\/wp-json\/wp\/v2\/comments?post=287683"}],"wp:featuredmedia":[{"embeddable":true,"href":"https:\/\/www.huntersfriend.eu\/sv\/wp-json\/wp\/v2\/media\/238299"}],"wp:attachment":[{"href":"https:\/\/www.huntersfriend.eu\/sv\/wp-json\/wp\/v2\/media?parent=287683"}],"wp:term":[{"taxonomy":"product_brand","embeddable":true,"href":"https:\/\/www.huntersfriend.eu\/sv\/wp-json\/wp\/v2\/product_brand?post=287683"},{"taxonomy":"product_cat","embeddable":true,"href":"https:\/\/www.huntersfriend.eu\/sv\/wp-json\/wp\/v2\/product_cat?post=287683"},{"taxonomy":"product_tag","embeddable":true,"href":"https:\/\/www.huntersfriend.eu\/sv\/wp-json\/wp\/v2\/product_tag?post=287683"}],"curies":[{"name":"wp","href":"https:\/\/api.w.org\/{rel}","templated":true}]}}