{"id":287674,"date":"2022-10-13T16:52:11","date_gmt":"2022-10-13T14:52:11","guid":{"rendered":"https:\/\/www.huntersfriend.eu\/product\/gettix-merinoullstrumpor\/"},"modified":"2025-08-27T06:24:31","modified_gmt":"2025-08-27T04:24:31","slug":"gettix-merinoullstrumpor","status":"publish","type":"product","link":"https:\/\/www.huntersfriend.eu\/sv\/produkt\/gettix-merinoullstrumpor\/","title":{"rendered":"Gettix merinoullstrumpor"},"content":{"rendered":"<p><span class=\"jCAhz ChMk0b\"><span class=\"ryNqvb\">Gettix merinoullstrumpor har utvecklats f\u00f6r utomhus- och jaktanv\u00e4ndning i sommartemperaturer och n\u00e5got kyligare v\u00e4derf\u00f6rh\u00e5llanden.<\/span><\/span> <span class=\"jCAhz ChMk0b\"><span class=\"ryNqvb\">Den icke-\u00e5tdragande kanten garanterar komforten n\u00e4r du b\u00e4r strumporna.<\/span><\/span> <span class=\"jCAhz ChMk0b\"><span class=\"ryNqvb\">Strumporna har en slitstark trippel 3D-v\u00e4v.<\/span><\/span> <span class=\"jCAhz ChMk0b\"><span class=\"ryNqvb\">Den Y-formade h\u00e4len anpassar sig perfekt till fotens form.<\/span><\/span> <span class=\"jCAhz ChMk0b\"><span class=\"ryNqvb\">Strumpornas sl\u00e4ta s\u00f6mmar \u00f6kar komforten.<\/span><\/span> <span class=\"jCAhz ChMk0b\"><span class=\"ryNqvb\">Gettix merinoullstrumpor \u00e4r idealiska f\u00f6r anv\u00e4ndning i gore-tex-liknande membranskor och strumporna har optimal andningsf\u00f6rm\u00e5ga och fukttransport.<\/span><\/span> <span class=\"jCAhz ChMk0b\"><span class=\"ryNqvb\">Tv\u00e4ttas i 40 \u00b0C.<\/span><\/span><\/p>\n","protected":false},"excerpt":{"rendered":"<p>Gettix merinoullstrumpor har utvecklats f\u00f6r utomhus- och jaktanv\u00e4ndning i sommartemperaturer och n\u00e5got kyligare v\u00e4derf\u00f6rh\u00e5llanden. Den icke-\u00e5tdragande kanten garanterar komforten n\u00e4r du b\u00e4r strumporna. Strumporna har en slitstark trippel 3D-v\u00e4v. Den Y-formade h\u00e4len anpassar sig perfekt till fotens form. Strumpornas sl\u00e4ta s\u00f6mmar \u00f6kar komforten. Gettix merinoullstrumpor \u00e4r idealiska f\u00f6r anv\u00e4ndning i gore-tex-liknande membranskor och strumporna har [&#8230;]\n","protected":false},"featured_media":250805,"comment_status":"open","ping_status":"closed","template":"","meta":[],"product_brand":[],"product_cat":[2611],"product_tag":[],"class_list":{"0":"post-287674","1":"product","2":"type-product","3":"status-publish","4":"has-post-thumbnail","6":"product_cat-tillbehor","8":"first","9":"instock","10":"taxable","11":"shipping-taxable","12":"purchasable","13":"product-type-variable"},"composite_virtual":false,"composite_layout":"","composite_add_to_cart_form_location":"","composite_editable_in_cart":false,"composite_sold_individually_context":"","composite_shop_price_calc":"","composite_components":[],"composite_scenarios":[],"group_of_quantity":0,"min_quantity":0,"max_quantity":"","exclude_order_quantity_value_rules":"no","exclude_category_quantity_rules":"no","combine_variations":"no","exclude_global_add_ons":[],"addons":[],"_links":{"self":[{"href":"https:\/\/www.huntersfriend.eu\/sv\/wp-json\/wp\/v2\/product\/287674","targetHints":{"allow":["GET"]}}],"collection":[{"href":"https:\/\/www.huntersfriend.eu\/sv\/wp-json\/wp\/v2\/product"}],"about":[{"href":"https:\/\/www.huntersfriend.eu\/sv\/wp-json\/wp\/v2\/types\/product"}],"replies":[{"embeddable":true,"href":"https:\/\/www.huntersfriend.eu\/sv\/wp-json\/wp\/v2\/comments?post=287674"}],"wp:featuredmedia":[{"embeddable":true,"href":"https:\/\/www.huntersfriend.eu\/sv\/wp-json\/wp\/v2\/media\/250805"}],"wp:attachment":[{"href":"https:\/\/www.huntersfriend.eu\/sv\/wp-json\/wp\/v2\/media?parent=287674"}],"wp:term":[{"taxonomy":"product_brand","embeddable":true,"href":"https:\/\/www.huntersfriend.eu\/sv\/wp-json\/wp\/v2\/product_brand?post=287674"},{"taxonomy":"product_cat","embeddable":true,"href":"https:\/\/www.huntersfriend.eu\/sv\/wp-json\/wp\/v2\/product_cat?post=287674"},{"taxonomy":"product_tag","embeddable":true,"href":"https:\/\/www.huntersfriend.eu\/sv\/wp-json\/wp\/v2\/product_tag?post=287674"}],"curies":[{"name":"wp","href":"https:\/\/api.w.org\/{rel}","templated":true}]}}