{"id":287673,"date":"2022-10-10T07:38:53","date_gmt":"2022-10-10T05:38:53","guid":{"rendered":"https:\/\/www.huntersfriend.eu\/product\/kicks-buck-kicker-beretta-optima-hp\/"},"modified":"2025-11-11T11:10:55","modified_gmt":"2025-11-11T09:10:55","slug":"kicks-buck-kicker-beretta-optima-hp","status":"publish","type":"product","link":"https:\/\/www.huntersfriend.eu\/sv\/produkt\/kicks-buck-kicker-beretta-optima-hp\/","title":{"rendered":"Kicks Buck Kicker Beretta Optima HP"},"content":{"rendered":"<p><span class=\"jCAhz ChMk0b\"><span class=\"ryNqvb\">Kicks Buck Kicker Beretta Optima HP, Light Full \u00e4r en liknande choke som Kicks Howler H tillbeh\u00f6rschoke.<\/span><\/span> <span class=\"jCAhz ChMk0b\"><span class=\"ryNqvb\">Kicks Buck Kicker, Light Full \u00e4r speciellt l\u00e4mplig f\u00f6r att skjuta volframhagel, men den kan ocks\u00e5 anv\u00e4ndas f\u00f6r att skjuta bly, koppar, tenn och st\u00e5l.<\/span><\/span> <span class=\"jCAhz ChMk0b\"><span class=\"ryNqvb\">Buck Kicker Optima HP, Light Full lades till v\u00e5rt urval p\u00e5 kundf\u00f6rfr\u00e5gan;<\/span><\/span> <span class=\"jCAhz ChMk0b\"><span class=\"ryNqvb\">Kicks Howler tillverkas inte med Optima HP-g\u00e4nga!<\/span><\/span><\/p>\n<p><span class=\"jCAhz ChMk0b\"><span class=\"ryNqvb\">Den stegvisa Buck Kicker-tillbeh\u00f6rschoken \u00e4r tillverkad av h\u00f6gkvalitativa material.<\/span><\/span> <span class=\"jCAhz ChMk0b\"><span class=\"ryNqvb\">Choken \u00e4r maskinbearbetad fr\u00e5n en v\u00e4rmebehandlad 17-4PH st\u00e5ng av rostfritt st\u00e5l.<\/span><\/span> <span class=\"jCAhz ChMk0b\"><span class=\"ryNqvb\">I produktionen har den senaste, IT-styrda tekniken och h\u00f6ga standarder anv\u00e4nts.<\/span><\/span> <span class=\"jCAhz ChMk0b\"><span class=\"ryNqvb\">Choken \u00e4r speciellt utformad f\u00f6r stora skott, volframblandningsskytte och \u00e4r v\u00e4l l\u00e4mpad f\u00f6r all jakt d\u00e4r ett t\u00e4tt m\u00f6nster och god r\u00f6relse kr\u00e4vs.<\/span><\/span><\/p>\n<p><span class=\"jCAhz ChMk0b\"><span class=\"ryNqvb\">Tack vare sin design minskar choken rekylen, vilket m\u00f6jligg\u00f6r snabbare skott.<\/span><\/span> <span class=\"jCAhz ChMk0b\"><span class=\"ryNqvb\">Choken f\u00f6rb\u00e4ttrar tr\u00e4ffbilden med upp till 20 % av originalet.<\/span><\/span><\/p>\n<p><span class=\"jCAhz ChMk0b\"><span class=\"ryNqvb\">Matt svart bel\u00e4ggning.<\/span><\/span> <span class=\"jCAhz ChMk0b\"><span class=\"ryNqvb\">Kan \u00e4ven dras \u00e5t f\u00f6r hand.<\/span><\/span><\/p>\n<p><span class=\"jCAhz ChMk0b\"><span class=\"ryNqvb\">G\u00e4nga: beretta optima HP<\/span><\/span><\/p>\n<p><span class=\"jCAhz ChMk0b\"><span class=\"ryNqvb\">Obs!<\/span><\/span> <span class=\"jCAhz ChMk0b\"><span class=\"ryNqvb\">Kom ih\u00e5g att Kicks tillbeh\u00f6rschoker \u00e4r avsedda f\u00f6r skytte med fabriksladdade patroner.<\/span><\/span> <span class=\"jCAhz ChMk0b\"><span class=\"ryNqvb\">Att skjuta med hemladdade patroner eller modifierade fabriksladdade patroner sker alltid p\u00e5 laddarens\/konverterarens eget ansvar, \u00e4ven med avseende p\u00e5 skador p\u00e5 utrustning eller personer.<\/span><\/span> <span class=\"jCAhz ChMk0b\"><span class=\"ryNqvb\">Se alltid till att g\u00e4ngan p\u00e5 Kicks tillbeh\u00f6rschoke passar ditt vapen.<\/span><\/span> <span class=\"jCAhz ChMk0b\"><span class=\"ryNqvb\">Du kan bekr\u00e4fta r\u00e4tt choke fr\u00e5n markeringarna p\u00e5 originalreservchoken f\u00f6r ditt vapen.<\/span><\/span><\/p>\n","protected":false},"excerpt":{"rendered":"<p>Kicks Buck Kicker Beretta Optima HP, Light Full \u00e4r en liknande choke som Kicks Howler H tillbeh\u00f6rschoke. Kicks Buck Kicker, Light Full \u00e4r speciellt l\u00e4mplig f\u00f6r att skjuta volframhagel, men den kan ocks\u00e5 anv\u00e4ndas f\u00f6r att skjuta bly, koppar, tenn och st\u00e5l. Buck Kicker Optima HP, Light Full lades till v\u00e5rt urval p\u00e5 kundf\u00f6rfr\u00e5gan; Kicks [&#8230;]\n","protected":false},"featured_media":267510,"comment_status":"open","ping_status":"closed","template":"","meta":[],"product_brand":[],"product_cat":[2762],"product_tag":[],"class_list":{"0":"post-287673","1":"product","2":"type-product","3":"status-publish","4":"has-post-thumbnail","6":"product_cat-choker","8":"first","9":"instock","10":"taxable","11":"shipping-taxable","12":"purchasable","13":"product-type-simple"},"composite_virtual":false,"composite_layout":"","composite_add_to_cart_form_location":"","composite_editable_in_cart":false,"composite_sold_individually_context":"","composite_shop_price_calc":"","composite_components":[],"composite_scenarios":[],"group_of_quantity":0,"min_quantity":0,"max_quantity":"","exclude_order_quantity_value_rules":"no","exclude_category_quantity_rules":"no","combine_variations":"no","exclude_global_add_ons":[],"addons":[],"_links":{"self":[{"href":"https:\/\/www.huntersfriend.eu\/sv\/wp-json\/wp\/v2\/product\/287673","targetHints":{"allow":["GET"]}}],"collection":[{"href":"https:\/\/www.huntersfriend.eu\/sv\/wp-json\/wp\/v2\/product"}],"about":[{"href":"https:\/\/www.huntersfriend.eu\/sv\/wp-json\/wp\/v2\/types\/product"}],"replies":[{"embeddable":true,"href":"https:\/\/www.huntersfriend.eu\/sv\/wp-json\/wp\/v2\/comments?post=287673"}],"wp:featuredmedia":[{"embeddable":true,"href":"https:\/\/www.huntersfriend.eu\/sv\/wp-json\/wp\/v2\/media\/267510"}],"wp:attachment":[{"href":"https:\/\/www.huntersfriend.eu\/sv\/wp-json\/wp\/v2\/media?parent=287673"}],"wp:term":[{"taxonomy":"product_brand","embeddable":true,"href":"https:\/\/www.huntersfriend.eu\/sv\/wp-json\/wp\/v2\/product_brand?post=287673"},{"taxonomy":"product_cat","embeddable":true,"href":"https:\/\/www.huntersfriend.eu\/sv\/wp-json\/wp\/v2\/product_cat?post=287673"},{"taxonomy":"product_tag","embeddable":true,"href":"https:\/\/www.huntersfriend.eu\/sv\/wp-json\/wp\/v2\/product_tag?post=287673"}],"curies":[{"name":"wp","href":"https:\/\/api.w.org\/{rel}","templated":true}]}}