{"id":287672,"date":"2022-10-07T12:13:29","date_gmt":"2022-10-07T10:13:29","guid":{"rendered":"https:\/\/www.huntersfriend.eu\/product\/armytek-wizard-v4-c2-pro-max-usb\/"},"modified":"2025-08-27T06:24:27","modified_gmt":"2025-08-27T04:24:27","slug":"armytek-wizard-v4-c2-pro-max-usb","status":"publish","type":"product","link":"https:\/\/www.huntersfriend.eu\/sv\/produkt\/armytek-wizard-v4-c2-pro-max-usb\/","title":{"rendered":"Armytek Wizard v4 C2 Pro Max USB"},"content":{"rendered":"<p>Armytek Wizard v4 C2 Pro Max USB \u00e4r den senaste modellen bland Armyteks multifunktionella lampor. Ljusfl\u00f6det \u00e4r fantastiska 4000 lumen. Den breda ljusk\u00e4glan fr\u00e5n den kompakta lampan \u00e4r optimal f\u00f6r att belysa stora omr\u00e5den n\u00e4ra och fj\u00e4rran. Du f\u00e5r ut det mesta av lampan med det st\u00f6rre 21700 5000mAh-batteriet som medf\u00f6ljer. Beroende p\u00e5 ljusfl\u00f6de kan du anv\u00e4nda batteriet fr\u00e5n 3 timmar till 2 m\u00e5nader. Den magnetiska USB-laddaren laddar lampan fullt p\u00e5 5 timmar och 20 minuter.     <\/p>\n<p>Lampan kan \u00e4ven anv\u00e4ndas med Armyteks 18650-batteri, som medf\u00f6ljer andra lampor.<\/p>\n<p>Detta set inneh\u00e5ller \u00e4ven v\u00e4lbekanta tillbeh\u00f6r: Pannband, kl\u00e4mma, batteri, laddare, 18650-batteriadapter, O-ringar och anv\u00e4ndarmanual.<\/p>\n<p>Armytek Wizard v4 C2 Pro Max USB &#8211; Vit<\/p>\n<ul>\n<li>Ljusfl\u00f6de 4000lm<\/li>\n<li>R\u00e4ckvidd 114m<\/li>\n<li>Spridningsvinkel 110\u00b0:150\u00b0<\/li>\n<li>Vattent\u00e5lighet IP68 (10m)<\/li>\n<li>Slagt\u00e5lig max. fallh\u00f6jd 10m <\/li>\n<li>Vikt 79g (utan batteri)<\/li>\n<li>Kroppsf\u00e4rg: Oliv<\/li>\n<\/ul>\n","protected":false},"excerpt":{"rendered":"<p>Armytek Wizard v4 C2 Pro Max USB \u00e4r den senaste modellen bland Armyteks multifunktionella lampor. Ljusfl\u00f6det \u00e4r fantastiska 4000 lumen. Den breda ljusk\u00e4glan fr\u00e5n den kompakta lampan \u00e4r optimal f\u00f6r att belysa stora omr\u00e5den n\u00e4ra och fj\u00e4rran. Du f\u00e5r ut det mesta av lampan med det st\u00f6rre 21700 5000mAh-batteriet som medf\u00f6ljer. Beroende p\u00e5 ljusfl\u00f6de kan [&#8230;]\n","protected":false},"featured_media":238329,"comment_status":"open","ping_status":"closed","template":"","meta":[],"product_brand":[],"product_cat":[2525],"product_tag":[],"class_list":{"0":"post-287672","1":"product","2":"type-product","3":"status-publish","4":"has-post-thumbnail","6":"product_cat-jaktlampor","8":"first","9":"outofstock","10":"taxable","11":"shipping-taxable","12":"purchasable","13":"product-type-simple"},"composite_virtual":false,"composite_layout":"","composite_add_to_cart_form_location":"","composite_editable_in_cart":false,"composite_sold_individually_context":"","composite_shop_price_calc":"","composite_components":[],"composite_scenarios":[],"group_of_quantity":0,"min_quantity":0,"max_quantity":"","exclude_order_quantity_value_rules":"no","exclude_category_quantity_rules":"no","combine_variations":"no","exclude_global_add_ons":[],"addons":[],"_links":{"self":[{"href":"https:\/\/www.huntersfriend.eu\/sv\/wp-json\/wp\/v2\/product\/287672","targetHints":{"allow":["GET"]}}],"collection":[{"href":"https:\/\/www.huntersfriend.eu\/sv\/wp-json\/wp\/v2\/product"}],"about":[{"href":"https:\/\/www.huntersfriend.eu\/sv\/wp-json\/wp\/v2\/types\/product"}],"replies":[{"embeddable":true,"href":"https:\/\/www.huntersfriend.eu\/sv\/wp-json\/wp\/v2\/comments?post=287672"}],"wp:featuredmedia":[{"embeddable":true,"href":"https:\/\/www.huntersfriend.eu\/sv\/wp-json\/wp\/v2\/media\/238329"}],"wp:attachment":[{"href":"https:\/\/www.huntersfriend.eu\/sv\/wp-json\/wp\/v2\/media?parent=287672"}],"wp:term":[{"taxonomy":"product_brand","embeddable":true,"href":"https:\/\/www.huntersfriend.eu\/sv\/wp-json\/wp\/v2\/product_brand?post=287672"},{"taxonomy":"product_cat","embeddable":true,"href":"https:\/\/www.huntersfriend.eu\/sv\/wp-json\/wp\/v2\/product_cat?post=287672"},{"taxonomy":"product_tag","embeddable":true,"href":"https:\/\/www.huntersfriend.eu\/sv\/wp-json\/wp\/v2\/product_tag?post=287672"}],"curies":[{"name":"wp","href":"https:\/\/api.w.org\/{rel}","templated":true}]}}