{"id":287668,"date":"2022-10-12T10:45:35","date_gmt":"2022-10-12T08:45:35","guid":{"rendered":"https:\/\/www.huntersfriend.eu\/product\/clutch-outdoors-nodsovsack-bivy\/"},"modified":"2025-08-27T06:24:25","modified_gmt":"2025-08-27T04:24:25","slug":"clutch-outdoors-nodsovsack-bivy","status":"publish","type":"product","link":"https:\/\/www.huntersfriend.eu\/sv\/produkt\/clutch-outdoors-nodsovsack-bivy\/","title":{"rendered":"Clutch Outdoors n\u00f6dsovs\u00e4ck\/bivy"},"content":{"rendered":"<p><span style=\"font-weight: 400;\">Du beh\u00e5ller upp till 90 % av kroppsv\u00e4rmen i denna vattent\u00e4ta och rivt\u00e5liga sovs\u00e4ck som inte bara \u00e4r slitstark, utan \u00e4ven portabel och kompakt. Med skydd mot regn, sn\u00f6 och vind \u00e4r Clutch Outdoors Emergency Sleeping bag designad f\u00f6r att h\u00e5lla dig s\u00e4ker vid flera n\u00f6dsituationer. F\u00f6rutom att anv\u00e4nda den som sovs\u00e4ck kan den \u00e4ven anv\u00e4ndas som n\u00f6dskydd, regnvattenuppsamlare, solskydd eller poncho.  <\/span><\/p>\n<p><strong>Funktioner:<\/strong><\/p>\n<ul>\n<li>Portabel och kompakt<\/li>\n<li>Gjord f\u00f6r n\u00f6dsituationer<\/li>\n<li>M\u00e5ngsidig anv\u00e4ndning i n\u00f6dsituationer<\/li>\n<li>Skydd mot sn\u00f6, regn och vind<\/li>\n<li>Vattent\u00e4t<\/li>\n<li>Termisk<\/li>\n<li>F\u00f6r kallt v\u00e4der<\/li>\n<li>\u00c5teranv\u00e4ndbar<\/li>\n<li>24 micron mylar \u00e4r 50 % tjockare \u00e4n vanliga mylarfiltar och mycket slitstarkt<\/li>\n<li>NASA-designad termisk mylar f\u00f6r att beh\u00e5lla upp till 90 % av kroppsv\u00e4rmen<\/li>\n<li>Milit\u00e4r styrka: Riv- och punkteringsbest\u00e4ndigt <span style=\"font-weight: 400;\">24 Micron Mylar Material <\/span> <\/li>\n<\/ul>\n","protected":false},"excerpt":{"rendered":"<p>Du beh\u00e5ller upp till 90 % av kroppsv\u00e4rmen i denna vattent\u00e4ta och rivt\u00e5liga sovs\u00e4ck som inte bara \u00e4r slitstark, utan \u00e4ven portabel och kompakt. Med skydd mot regn, sn\u00f6 och vind \u00e4r Clutch Outdoors Emergency Sleeping bag designad f\u00f6r att h\u00e5lla dig s\u00e4ker vid flera n\u00f6dsituationer. F\u00f6rutom att anv\u00e4nda den som sovs\u00e4ck kan den \u00e4ven [&#8230;]\n","protected":false},"featured_media":237999,"comment_status":"open","ping_status":"closed","template":"","meta":[],"product_brand":[],"product_cat":[2567,2571],"product_tag":[],"class_list":{"0":"post-287668","1":"product","2":"type-product","3":"status-publish","4":"has-post-thumbnail","6":"product_cat-campingtillbehor","7":"product_cat-sovsackar","9":"first","10":"instock","11":"featured","12":"taxable","13":"shipping-taxable","14":"purchasable","15":"product-type-simple"},"composite_virtual":false,"composite_layout":"","composite_add_to_cart_form_location":"","composite_editable_in_cart":false,"composite_sold_individually_context":"","composite_shop_price_calc":"","composite_components":[],"composite_scenarios":[],"group_of_quantity":0,"min_quantity":0,"max_quantity":"","exclude_order_quantity_value_rules":"no","exclude_category_quantity_rules":"no","combine_variations":"no","exclude_global_add_ons":[],"addons":[],"_links":{"self":[{"href":"https:\/\/www.huntersfriend.eu\/sv\/wp-json\/wp\/v2\/product\/287668","targetHints":{"allow":["GET"]}}],"collection":[{"href":"https:\/\/www.huntersfriend.eu\/sv\/wp-json\/wp\/v2\/product"}],"about":[{"href":"https:\/\/www.huntersfriend.eu\/sv\/wp-json\/wp\/v2\/types\/product"}],"replies":[{"embeddable":true,"href":"https:\/\/www.huntersfriend.eu\/sv\/wp-json\/wp\/v2\/comments?post=287668"}],"wp:featuredmedia":[{"embeddable":true,"href":"https:\/\/www.huntersfriend.eu\/sv\/wp-json\/wp\/v2\/media\/237999"}],"wp:attachment":[{"href":"https:\/\/www.huntersfriend.eu\/sv\/wp-json\/wp\/v2\/media?parent=287668"}],"wp:term":[{"taxonomy":"product_brand","embeddable":true,"href":"https:\/\/www.huntersfriend.eu\/sv\/wp-json\/wp\/v2\/product_brand?post=287668"},{"taxonomy":"product_cat","embeddable":true,"href":"https:\/\/www.huntersfriend.eu\/sv\/wp-json\/wp\/v2\/product_cat?post=287668"},{"taxonomy":"product_tag","embeddable":true,"href":"https:\/\/www.huntersfriend.eu\/sv\/wp-json\/wp\/v2\/product_tag?post=287668"}],"curies":[{"name":"wp","href":"https:\/\/api.w.org\/{rel}","templated":true}]}}