{"id":287667,"date":"2022-10-05T05:24:33","date_gmt":"2022-10-05T03:24:33","guid":{"rendered":"https:\/\/www.huntersfriend.eu\/product\/nordforest-damasker\/"},"modified":"2025-08-27T06:24:25","modified_gmt":"2025-08-27T04:24:25","slug":"nordforest-damasker","status":"publish","type":"product","link":"https:\/\/www.huntersfriend.eu\/sv\/produkt\/nordforest-damasker\/","title":{"rendered":"Nordforest damasker"},"content":{"rendered":"<p><span class=\"jCAhz ChMk0b\"><span class=\"ryNqvb\">Nordforest damasker ger ett p\u00e5litligt skydd i sv\u00e5r och t\u00e4t terr\u00e4ng.<\/span><\/span> <span class=\"jCAhz ChMk0b\"><span class=\"ryNqvb\">De \u00e4r tillverkade av mycket slitstark, vattent\u00e4t nylon och kan tas p\u00e5 och av snabbt och enkelt tack vare den starka kardborrekn\u00e4ppningen framtill.<\/span><\/span> <span class=\"jCAhz ChMk0b\"><span class=\"ryNqvb\">Den justerbara basremmen och fr\u00e4mre kroken i den nedre delen samt dragskon och knappen i vaden s\u00e4kerst\u00e4ller en \u00e5tsittande passform och f\u00f6rhindrar effektivt att vatten, sn\u00f6 och smuts tr\u00e4nger in i benet.<\/span><\/span><\/p>\n<p><span class=\"jCAhz ChMk0b\"><span class=\"ryNqvb\">Material nylon<\/span><\/span> <span class=\"jCAhz ChMk0b\"><span class=\"ryNqvb\">Kardborrekn\u00e4ppning framtill<\/span><\/span> <span class=\"jCAhz ChMk0b\"><span class=\"ryNqvb\">Vattent\u00e4t och slitstark<\/span><\/span><\/p>\n<p><span class=\"jCAhz ChMk0b\"><span class=\"ryNqvb\">Fr\u00e4mre krok f\u00f6r att f\u00e4sta skosn\u00f6rena<\/span><\/span><\/p>\n<p><span class=\"jCAhz ChMk0b\"><span class=\"ryNqvb\">Justerbar bottenrem<\/span><\/span><\/p>\n<p><span class=\"jCAhz ChMk0b\"><span class=\"ryNqvb\">Elastiska gummiband<\/span><\/span><\/p>\n<p><span class=\"jCAhz ChMk0b\"><span class=\"ryNqvb\">Kn\u00e4ppning och dragsko p\u00e5 vaden<\/span><\/span><\/p>\n<p><span class=\"jCAhz ChMk0b\"><span class=\"ryNqvb\">Storlek S: L\u00e4ngd 41 cm, omkrets 40 cm<br \/>\n<\/span><\/span>Storlek M: L\u00e4ngd 43 cm, omkrets 42 cm<br \/>\n<span class=\"jCAhz ChMk0b\"><span class=\"ryNqvb\">Storlek L: L\u00e4ngd 44 cm, omkrets 44 cm<\/span><\/span><\/p>\n","protected":false},"excerpt":{"rendered":"<p>Nordforest damasker ger ett p\u00e5litligt skydd i sv\u00e5r och t\u00e4t terr\u00e4ng. De \u00e4r tillverkade av mycket slitstark, vattent\u00e4t nylon och kan tas p\u00e5 och av snabbt och enkelt tack vare den starka kardborrekn\u00e4ppningen framtill. Den justerbara basremmen och fr\u00e4mre kroken i den nedre delen samt dragskon och knappen i vaden s\u00e4kerst\u00e4ller en \u00e5tsittande passform och [&#8230;]\n","protected":false},"featured_media":250816,"comment_status":"open","ping_status":"closed","template":"","meta":[],"product_brand":[],"product_cat":[2611],"product_tag":[],"class_list":{"0":"post-287667","1":"product","2":"type-product","3":"status-publish","4":"has-post-thumbnail","6":"product_cat-tillbehor","8":"first","9":"instock","10":"taxable","11":"shipping-taxable","12":"purchasable","13":"product-type-variable"},"composite_virtual":false,"composite_layout":"","composite_add_to_cart_form_location":"","composite_editable_in_cart":false,"composite_sold_individually_context":"","composite_shop_price_calc":"","composite_components":[],"composite_scenarios":[],"group_of_quantity":0,"min_quantity":0,"max_quantity":"","exclude_order_quantity_value_rules":"no","exclude_category_quantity_rules":"no","combine_variations":"no","exclude_global_add_ons":[],"addons":[],"_links":{"self":[{"href":"https:\/\/www.huntersfriend.eu\/sv\/wp-json\/wp\/v2\/product\/287667","targetHints":{"allow":["GET"]}}],"collection":[{"href":"https:\/\/www.huntersfriend.eu\/sv\/wp-json\/wp\/v2\/product"}],"about":[{"href":"https:\/\/www.huntersfriend.eu\/sv\/wp-json\/wp\/v2\/types\/product"}],"replies":[{"embeddable":true,"href":"https:\/\/www.huntersfriend.eu\/sv\/wp-json\/wp\/v2\/comments?post=287667"}],"wp:featuredmedia":[{"embeddable":true,"href":"https:\/\/www.huntersfriend.eu\/sv\/wp-json\/wp\/v2\/media\/250816"}],"wp:attachment":[{"href":"https:\/\/www.huntersfriend.eu\/sv\/wp-json\/wp\/v2\/media?parent=287667"}],"wp:term":[{"taxonomy":"product_brand","embeddable":true,"href":"https:\/\/www.huntersfriend.eu\/sv\/wp-json\/wp\/v2\/product_brand?post=287667"},{"taxonomy":"product_cat","embeddable":true,"href":"https:\/\/www.huntersfriend.eu\/sv\/wp-json\/wp\/v2\/product_cat?post=287667"},{"taxonomy":"product_tag","embeddable":true,"href":"https:\/\/www.huntersfriend.eu\/sv\/wp-json\/wp\/v2\/product_tag?post=287667"}],"curies":[{"name":"wp","href":"https:\/\/api.w.org\/{rel}","templated":true}]}}