{"id":287666,"date":"2022-10-12T10:45:35","date_gmt":"2022-10-12T08:45:35","guid":{"rendered":"https:\/\/www.huntersfriend.eu\/product\/clutch-outdoors-nodoverlevnadstalt\/"},"modified":"2025-08-27T06:24:24","modified_gmt":"2025-08-27T04:24:24","slug":"clutch-outdoors-nodoverlevnadstalt","status":"publish","type":"product","link":"https:\/\/www.huntersfriend.eu\/sv\/produkt\/clutch-outdoors-nodoverlevnadstalt\/","title":{"rendered":"Clutch Outdoors n\u00f6d\u00f6verlevnadst\u00e4lt"},"content":{"rendered":"<p>Var redo f\u00f6r alla ov\u00e4ntade situationer med Clutch Outdoors Life Tent. Life Tent \u00e4r ett n\u00f6d\u00f6verlevnadsskydd som du alltid vill ha i din \u00f6verlevnadspackning. Life Tent \u00e4r extremt t\u00e5ligt, vattent\u00e4tt och vindt\u00e4tt tack vare det rivt\u00e5liga materialet och de f\u00f6rseglade s\u00f6mmarna. Den NASA-designade termiska mylaren beh\u00e5ller upp till 90 % av kroppsv\u00e4rmen n\u00e4r den anv\u00e4nds som sovs\u00e4ck eller poncho. Ytterligare anv\u00e4ndningsomr\u00e5den inkluderar skydd, SOS-signal, vattenuppsamlare och\/eller sn\u00f6sm\u00e4ltningsbeh\u00e5llare.    <\/p>\n<p><strong> Inkluderar:<\/strong><\/p>\n<ul>\n<li>N\u00f6dt\u00e4lt<\/li>\n<li>Paracord: livfull orange s\u00e4kerhetsf\u00e4rg f\u00f6r h\u00f6g synlighet<\/li>\n<li>4 t\u00e4ltband i h\u00f6rnen<\/li>\n<li>B\u00e4rv\u00e4ska<\/li>\n<li>24 micron mylar \u00e4r 50 % tjockare \u00e4n vanliga mylarfiltar och mycket slitstarkt<\/li>\n<li>NASA-designad termisk mylar f\u00f6r att beh\u00e5lla upp till 90 % av kroppsv\u00e4rmen<\/li>\n<li>Milit\u00e4r styrka: Riv- och punkteringsbest\u00e4ndigt 24 Micro Mylar-material<\/li>\n<\/ul>\n","protected":false},"excerpt":{"rendered":"<p>Var redo f\u00f6r alla ov\u00e4ntade situationer med Clutch Outdoors Life Tent. Life Tent \u00e4r ett n\u00f6d\u00f6verlevnadsskydd som du alltid vill ha i din \u00f6verlevnadspackning. Life Tent \u00e4r extremt t\u00e5ligt, vattent\u00e4tt och vindt\u00e4tt tack vare det rivt\u00e5liga materialet och de f\u00f6rseglade s\u00f6mmarna. Den NASA-designade termiska mylaren beh\u00e5ller upp till 90 % av kroppsv\u00e4rmen n\u00e4r den anv\u00e4nds [&#8230;]\n","protected":false},"featured_media":238005,"comment_status":"open","ping_status":"closed","template":"","meta":[],"product_brand":[],"product_cat":[2567,2614,2615],"product_tag":[],"class_list":{"0":"post-287666","1":"product","2":"type-product","3":"status-publish","4":"has-post-thumbnail","6":"product_cat-campingtillbehor","7":"product_cat-presenningar","8":"product_cat-talt","10":"first","11":"instock","12":"featured","13":"taxable","14":"shipping-taxable","15":"purchasable","16":"product-type-simple"},"composite_virtual":false,"composite_layout":"","composite_add_to_cart_form_location":"","composite_editable_in_cart":false,"composite_sold_individually_context":"","composite_shop_price_calc":"","composite_components":[],"composite_scenarios":[],"group_of_quantity":0,"min_quantity":0,"max_quantity":"","exclude_order_quantity_value_rules":"no","exclude_category_quantity_rules":"no","combine_variations":"no","exclude_global_add_ons":[],"addons":[],"_links":{"self":[{"href":"https:\/\/www.huntersfriend.eu\/sv\/wp-json\/wp\/v2\/product\/287666","targetHints":{"allow":["GET"]}}],"collection":[{"href":"https:\/\/www.huntersfriend.eu\/sv\/wp-json\/wp\/v2\/product"}],"about":[{"href":"https:\/\/www.huntersfriend.eu\/sv\/wp-json\/wp\/v2\/types\/product"}],"replies":[{"embeddable":true,"href":"https:\/\/www.huntersfriend.eu\/sv\/wp-json\/wp\/v2\/comments?post=287666"}],"wp:featuredmedia":[{"embeddable":true,"href":"https:\/\/www.huntersfriend.eu\/sv\/wp-json\/wp\/v2\/media\/238005"}],"wp:attachment":[{"href":"https:\/\/www.huntersfriend.eu\/sv\/wp-json\/wp\/v2\/media?parent=287666"}],"wp:term":[{"taxonomy":"product_brand","embeddable":true,"href":"https:\/\/www.huntersfriend.eu\/sv\/wp-json\/wp\/v2\/product_brand?post=287666"},{"taxonomy":"product_cat","embeddable":true,"href":"https:\/\/www.huntersfriend.eu\/sv\/wp-json\/wp\/v2\/product_cat?post=287666"},{"taxonomy":"product_tag","embeddable":true,"href":"https:\/\/www.huntersfriend.eu\/sv\/wp-json\/wp\/v2\/product_tag?post=287666"}],"curies":[{"name":"wp","href":"https:\/\/api.w.org\/{rel}","templated":true}]}}