{"id":287665,"date":"2022-10-04T07:00:36","date_gmt":"2022-10-04T05:00:36","guid":{"rendered":"https:\/\/www.huntersfriend.eu\/product\/hha-tetra-lt-koger-set-bakre-monteringsfaste\/"},"modified":"2025-08-27T06:24:24","modified_gmt":"2025-08-27T04:24:24","slug":"hha-tetra-lt-koger-set-bakre-monteringsfaste","status":"publish","type":"product","link":"https:\/\/www.huntersfriend.eu\/sv\/produkt\/hha-tetra-lt-koger-set-bakre-monteringsfaste\/","title":{"rendered":"HHA Tetra LT koger set bakre monteringsf\u00e4ste"},"content":{"rendered":"<p>O\u00e4ndligt justerbart kogerf\u00e4ste f\u00f6r Tetra LT m\u00f6jligg\u00f6r offset och t\u00e4tare kogermontering.<\/p>\n<p>&nbsp;<\/p>\n<p>(Observera att bilden inkluderar siktjusteringsarmen, men produkten \u00e4r endast det bifogade f\u00e4stet!)<\/p>\n","protected":false},"excerpt":{"rendered":"<p>O\u00e4ndligt justerbart kogerf\u00e4ste f\u00f6r Tetra LT m\u00f6jligg\u00f6r offset och t\u00e4tare kogermontering. &nbsp; (Observera att bilden inkluderar siktjusteringsarmen, men produkten \u00e4r endast det bifogade f\u00e4stet!)<\/p>\n","protected":false},"featured_media":245821,"comment_status":"open","ping_status":"closed","template":"","meta":[],"product_brand":[],"product_cat":[2921],"product_tag":[],"class_list":{"0":"post-287665","1":"product","2":"type-product","3":"status-publish","4":"has-post-thumbnail","6":"product_cat-delar-for-sikten","8":"first","9":"instock","10":"taxable","11":"shipping-taxable","12":"purchasable","13":"product-type-simple"},"composite_virtual":false,"composite_layout":"","composite_add_to_cart_form_location":"","composite_editable_in_cart":false,"composite_sold_individually_context":"","composite_shop_price_calc":"","composite_components":[],"composite_scenarios":[],"group_of_quantity":0,"min_quantity":0,"max_quantity":"","exclude_order_quantity_value_rules":"no","exclude_category_quantity_rules":"no","combine_variations":"no","exclude_global_add_ons":[],"addons":[],"_links":{"self":[{"href":"https:\/\/www.huntersfriend.eu\/sv\/wp-json\/wp\/v2\/product\/287665","targetHints":{"allow":["GET"]}}],"collection":[{"href":"https:\/\/www.huntersfriend.eu\/sv\/wp-json\/wp\/v2\/product"}],"about":[{"href":"https:\/\/www.huntersfriend.eu\/sv\/wp-json\/wp\/v2\/types\/product"}],"replies":[{"embeddable":true,"href":"https:\/\/www.huntersfriend.eu\/sv\/wp-json\/wp\/v2\/comments?post=287665"}],"wp:featuredmedia":[{"embeddable":true,"href":"https:\/\/www.huntersfriend.eu\/sv\/wp-json\/wp\/v2\/media\/245821"}],"wp:attachment":[{"href":"https:\/\/www.huntersfriend.eu\/sv\/wp-json\/wp\/v2\/media?parent=287665"}],"wp:term":[{"taxonomy":"product_brand","embeddable":true,"href":"https:\/\/www.huntersfriend.eu\/sv\/wp-json\/wp\/v2\/product_brand?post=287665"},{"taxonomy":"product_cat","embeddable":true,"href":"https:\/\/www.huntersfriend.eu\/sv\/wp-json\/wp\/v2\/product_cat?post=287665"},{"taxonomy":"product_tag","embeddable":true,"href":"https:\/\/www.huntersfriend.eu\/sv\/wp-json\/wp\/v2\/product_tag?post=287665"}],"curies":[{"name":"wp","href":"https:\/\/api.w.org\/{rel}","templated":true}]}}