{"id":287664,"date":"2022-10-12T10:45:34","date_gmt":"2022-10-12T08:45:34","guid":{"rendered":"https:\/\/www.huntersfriend.eu\/product\/clutch-outdoors-vattenfiltrering-och-reningshalm\/"},"modified":"2025-08-27T06:24:24","modified_gmt":"2025-08-27T04:24:24","slug":"clutch-outdoors-vattenfiltrering-och-reningshalm","status":"publish","type":"product","link":"https:\/\/www.huntersfriend.eu\/sv\/produkt\/clutch-outdoors-vattenfiltrering-och-reningshalm\/","title":{"rendered":"Clutch Outdoors vattenfiltrering och reningshalm"},"content":{"rendered":"<p style=\"font-weight: 400;\">Clutch Outdoors vattenfilterhalm har ett trippelt filtreringssystem f\u00f6r att s\u00e4kerst\u00e4lla minskningen av 99,99 % av skadliga \u00e4mnen. Det kompletta kitet inneh\u00e5ller en kranmonterad kompatibel vattenreningshalm, en universell PET-flaskadapter och ett silikonr\u00f6r av livsmedelskvalitet. Med skydd mot d\u00e5lig smak, lukt, sediment, bakterier och klor kan du b\u00e4ra denna halm i din packning och g\u00f6ra filtrerat vatten tillg\u00e4ngligt vart du \u00e4n g\u00e5r!  <\/p>\n<p style=\"font-weight: 400;\"><strong>Funktioner:<\/strong><\/p>\n<ul>\n<li style=\"font-weight: 400;\">Trippelt filtreringssystem<\/li>\n<li style=\"font-weight: 400;\">4000L (1 000 gallons) Kapacitet garanterad<\/li>\n<li style=\"font-weight: 400;\">Labtestad av SGS International<\/li>\n<li style=\"font-weight: 400;\">EPA\/FDA-godk\u00e4nd materialmatchning<\/li>\n<li style=\"font-weight: 400;\">Vatten p\u00e5 flaska eller kommunalt vatten Kan anv\u00e4ndas f\u00f6r direkt &amp; backspolning<\/li>\n<li style=\"font-weight: 400;\">L\u00e4mplig f\u00f6r sj\u00f6-\/str\u00f6mk\u00e4llor<\/li>\n<\/ul>\n<p>Detta skyddar dig inte mot alla bakterier och andra hemskheter. Det \u00e4r alltid b\u00e4st att koka ditt tvivelaktiga vatten f\u00f6rst. <\/p>\n","protected":false},"excerpt":{"rendered":"<p>Clutch Outdoors vattenfilterhalm har ett trippelt filtreringssystem f\u00f6r att s\u00e4kerst\u00e4lla minskningen av 99,99 % av skadliga \u00e4mnen. Det kompletta kitet inneh\u00e5ller en kranmonterad kompatibel vattenreningshalm, en universell PET-flaskadapter och ett silikonr\u00f6r av livsmedelskvalitet. Med skydd mot d\u00e5lig smak, lukt, sediment, bakterier och klor kan du b\u00e4ra denna halm i din packning och g\u00f6ra filtrerat vatten [&#8230;]\n","protected":false},"featured_media":238013,"comment_status":"open","ping_status":"closed","template":"","meta":[],"product_brand":[],"product_cat":[878],"product_tag":[],"class_list":{"0":"post-287664","1":"product","2":"type-product","3":"status-publish","4":"has-post-thumbnail","6":"product_cat-uncategorized-sv","8":"first","9":"outofstock","10":"taxable","11":"shipping-taxable","12":"purchasable","13":"product-type-simple"},"composite_virtual":false,"composite_layout":"","composite_add_to_cart_form_location":"","composite_editable_in_cart":false,"composite_sold_individually_context":"","composite_shop_price_calc":"","composite_components":[],"composite_scenarios":[],"group_of_quantity":0,"min_quantity":0,"max_quantity":"","exclude_order_quantity_value_rules":"no","exclude_category_quantity_rules":"no","combine_variations":"no","exclude_global_add_ons":[],"addons":[],"_links":{"self":[{"href":"https:\/\/www.huntersfriend.eu\/sv\/wp-json\/wp\/v2\/product\/287664","targetHints":{"allow":["GET"]}}],"collection":[{"href":"https:\/\/www.huntersfriend.eu\/sv\/wp-json\/wp\/v2\/product"}],"about":[{"href":"https:\/\/www.huntersfriend.eu\/sv\/wp-json\/wp\/v2\/types\/product"}],"replies":[{"embeddable":true,"href":"https:\/\/www.huntersfriend.eu\/sv\/wp-json\/wp\/v2\/comments?post=287664"}],"wp:featuredmedia":[{"embeddable":true,"href":"https:\/\/www.huntersfriend.eu\/sv\/wp-json\/wp\/v2\/media\/238013"}],"wp:attachment":[{"href":"https:\/\/www.huntersfriend.eu\/sv\/wp-json\/wp\/v2\/media?parent=287664"}],"wp:term":[{"taxonomy":"product_brand","embeddable":true,"href":"https:\/\/www.huntersfriend.eu\/sv\/wp-json\/wp\/v2\/product_brand?post=287664"},{"taxonomy":"product_cat","embeddable":true,"href":"https:\/\/www.huntersfriend.eu\/sv\/wp-json\/wp\/v2\/product_cat?post=287664"},{"taxonomy":"product_tag","embeddable":true,"href":"https:\/\/www.huntersfriend.eu\/sv\/wp-json\/wp\/v2\/product_tag?post=287664"}],"curies":[{"name":"wp","href":"https:\/\/api.w.org\/{rel}","templated":true}]}}