{"id":287652,"date":"2022-10-12T10:45:13","date_gmt":"2022-10-12T08:45:13","guid":{"rendered":"https:\/\/www.huntersfriend.eu\/product\/armytek-uni-c4-laddare-med-typ-c-kontakt\/"},"modified":"2025-08-27T06:24:23","modified_gmt":"2025-08-27T04:24:23","slug":"armytek-uni-c4-laddare-med-typ-c-kontakt","status":"publish","type":"product","link":"https:\/\/www.huntersfriend.eu\/sv\/produkt\/armytek-uni-c4-laddare-med-typ-c-kontakt\/","title":{"rendered":"Armytek Uni C4-laddare med typ C-kontakt"},"content":{"rendered":"<p>Uni C4 \u00e4r en universalladdare med intelligent automatisk detektering av batterityp, laddningsniv\u00e5 och optimal str\u00f6m. Laddar samtidigt upp till 4 batterier av olika typer med upp till 2 A str\u00f6m. En separat knapp f\u00f6r varje kanal ger enkel manuell anv\u00e4ndning. Biladapter ing\u00e5r.   <\/p>\n<ul>\n<li>St\u00f6der IMR\/Li-Ion, Ni-MH, Ni-Cd, LiFePO4 och Ni-Zn-batterier<\/li>\n<li>Snabb laddning med upp till 2 A str\u00f6m<\/li>\n<li>Enkelt val av batterityp och laddningsstr\u00f6m med en knapp per kanal<\/li>\n<li>Multif\u00e4rgad LED-indikering med nattl\u00e4ge och anv\u00e4ndbara 5 lysdioder per kanal<\/li>\n<li>Aktiveringsfunktion f\u00f6r urladdade och vilande batterier med s\u00e4ker 0,1 A str\u00f6m<\/li>\n<li>Sparar aktuell batterityp f\u00f6r att \u00e5terst\u00e4lla efter str\u00f6mavbrott<\/li>\n<li>Automatisk detektering av d\u00e5liga batterier, omv\u00e4nd polaritet och prim\u00e4ra batterier<\/li>\n<li>M\u00f6jlighet till manuella inst\u00e4llningar f\u00f6r s\u00e4ker str\u00f6m och batterityp, som bed\u00f6ms vara d\u00e5lig<\/li>\n<li>5 \u00e5rs problemfri garanti<\/li>\n<\/ul>\n","protected":false},"excerpt":{"rendered":"<p>Uni C4 \u00e4r en universalladdare med intelligent automatisk detektering av batterityp, laddningsniv\u00e5 och optimal str\u00f6m. Laddar samtidigt upp till 4 batterier av olika typer med upp till 2 A str\u00f6m. En separat knapp f\u00f6r varje kanal ger enkel manuell anv\u00e4ndning. Biladapter ing\u00e5r. St\u00f6der IMR\/Li-Ion, Ni-MH, Ni-Cd, LiFePO4 och Ni-Zn-batterier Snabb laddning med upp till 2 [&#8230;]\n","protected":false},"featured_media":287654,"comment_status":"open","ping_status":"closed","template":"","meta":[],"product_brand":[],"product_cat":[2525],"product_tag":[],"class_list":{"0":"post-287652","1":"product","2":"type-product","3":"status-publish","4":"has-post-thumbnail","6":"product_cat-jaktlampor","8":"first","9":"instock","10":"taxable","11":"shipping-taxable","12":"purchasable","13":"product-type-simple"},"composite_virtual":false,"composite_layout":"","composite_add_to_cart_form_location":"","composite_editable_in_cart":false,"composite_sold_individually_context":"","composite_shop_price_calc":"","composite_components":[],"composite_scenarios":[],"group_of_quantity":0,"min_quantity":0,"max_quantity":"","exclude_order_quantity_value_rules":"no","exclude_category_quantity_rules":"no","combine_variations":"no","exclude_global_add_ons":[],"addons":[],"_links":{"self":[{"href":"https:\/\/www.huntersfriend.eu\/sv\/wp-json\/wp\/v2\/product\/287652","targetHints":{"allow":["GET"]}}],"collection":[{"href":"https:\/\/www.huntersfriend.eu\/sv\/wp-json\/wp\/v2\/product"}],"about":[{"href":"https:\/\/www.huntersfriend.eu\/sv\/wp-json\/wp\/v2\/types\/product"}],"replies":[{"embeddable":true,"href":"https:\/\/www.huntersfriend.eu\/sv\/wp-json\/wp\/v2\/comments?post=287652"}],"wp:featuredmedia":[{"embeddable":true,"href":"https:\/\/www.huntersfriend.eu\/sv\/wp-json\/wp\/v2\/media\/287654"}],"wp:attachment":[{"href":"https:\/\/www.huntersfriend.eu\/sv\/wp-json\/wp\/v2\/media?parent=287652"}],"wp:term":[{"taxonomy":"product_brand","embeddable":true,"href":"https:\/\/www.huntersfriend.eu\/sv\/wp-json\/wp\/v2\/product_brand?post=287652"},{"taxonomy":"product_cat","embeddable":true,"href":"https:\/\/www.huntersfriend.eu\/sv\/wp-json\/wp\/v2\/product_cat?post=287652"},{"taxonomy":"product_tag","embeddable":true,"href":"https:\/\/www.huntersfriend.eu\/sv\/wp-json\/wp\/v2\/product_tag?post=287652"}],"curies":[{"name":"wp","href":"https:\/\/api.w.org\/{rel}","templated":true}]}}