{"id":287650,"date":"2022-10-12T10:45:11","date_gmt":"2022-10-12T08:45:11","guid":{"rendered":"https:\/\/www.huntersfriend.eu\/product\/final-approach-halsvarmare\/"},"modified":"2026-04-15T10:24:28","modified_gmt":"2026-04-15T08:24:28","slug":"final-approach-halsvarmare","status":"publish","type":"product","link":"https:\/\/www.huntersfriend.eu\/sv\/produkt\/final-approach-halsvarmare\/","title":{"rendered":"Final Approach halsv\u00e4rmare"},"content":{"rendered":"<p>Det finns inget v\u00e4rre \u00e4n att k\u00e4nna den kalla nordvinden i nacken n\u00e4r du \u00e4r ute p\u00e5 f\u00e4ltet. FA-halsv\u00e4rmaren \u00e4r den perfekta kombinationen av funktionalitet och v\u00e4rme f\u00f6r vattenf\u00e5gelj\u00e4gare. Insidan \u00e4r fodrad med en h\u00f6g lugg fleece som \u00e4r extremt varm och mjuk vid ber\u00f6ring. Denna halsv\u00e4rmare erbjuder ocks\u00e5 vindt\u00e4t teknologi som h\u00e5ller dig varm i de tuffaste f\u00f6rh\u00e5llanden. Den justerbara dragskon g\u00f6r att du kan f\u00e5 den perfekta passformen n\u00e4r v\u00e4rmaren \u00e4r \u00f6ver ansiktet och den fr\u00e4mre slitsen m\u00f6jligg\u00f6r enkel andning och lockrop.    <\/p>\n<p>FUNKTIONER<\/p>\n<ul>\n<li>Vindt\u00e4t<\/li>\n<li>H\u00f6g lugg fleecefodrad<\/li>\n<li>Justerbar dragsko<\/li>\n<li>Ripstop ansiktstyg<\/li>\n<li>4-v\u00e4gsstretch<\/li>\n<li>Fr\u00e4mre \u00f6ppning f\u00f6r lockrop<\/li>\n<li>En storlek passar de flesta<\/li>\n<\/ul>\n","protected":false},"excerpt":{"rendered":"<p>Det finns inget v\u00e4rre \u00e4n att k\u00e4nna den kalla nordvinden i nacken n\u00e4r du \u00e4r ute p\u00e5 f\u00e4ltet. FA-halsv\u00e4rmaren \u00e4r den perfekta kombinationen av funktionalitet och v\u00e4rme f\u00f6r vattenf\u00e5gelj\u00e4gare. Insidan \u00e4r fodrad med en h\u00f6g lugg fleece som \u00e4r extremt varm och mjuk vid ber\u00f6ring. Denna halsv\u00e4rmare erbjuder ocks\u00e5 vindt\u00e4t teknologi som h\u00e5ller dig varm [&#8230;]\n","protected":false},"featured_media":238105,"comment_status":"open","ping_status":"closed","template":"","meta":[],"product_brand":[],"product_cat":[878],"product_tag":[],"class_list":{"0":"post-287650","1":"product","2":"type-product","3":"status-publish","4":"has-post-thumbnail","6":"product_cat-uncategorized-sv","8":"first","9":"outofstock","10":"taxable","11":"shipping-taxable","12":"purchasable","13":"product-type-simple"},"composite_virtual":false,"composite_layout":"","composite_add_to_cart_form_location":"","composite_editable_in_cart":false,"composite_sold_individually_context":"","composite_shop_price_calc":"","composite_components":[],"composite_scenarios":[],"group_of_quantity":0,"min_quantity":0,"max_quantity":"","exclude_order_quantity_value_rules":"no","exclude_category_quantity_rules":"no","combine_variations":"no","exclude_global_add_ons":[],"addons":[],"_links":{"self":[{"href":"https:\/\/www.huntersfriend.eu\/sv\/wp-json\/wp\/v2\/product\/287650","targetHints":{"allow":["GET"]}}],"collection":[{"href":"https:\/\/www.huntersfriend.eu\/sv\/wp-json\/wp\/v2\/product"}],"about":[{"href":"https:\/\/www.huntersfriend.eu\/sv\/wp-json\/wp\/v2\/types\/product"}],"replies":[{"embeddable":true,"href":"https:\/\/www.huntersfriend.eu\/sv\/wp-json\/wp\/v2\/comments?post=287650"}],"wp:featuredmedia":[{"embeddable":true,"href":"https:\/\/www.huntersfriend.eu\/sv\/wp-json\/wp\/v2\/media\/238105"}],"wp:attachment":[{"href":"https:\/\/www.huntersfriend.eu\/sv\/wp-json\/wp\/v2\/media?parent=287650"}],"wp:term":[{"taxonomy":"product_brand","embeddable":true,"href":"https:\/\/www.huntersfriend.eu\/sv\/wp-json\/wp\/v2\/product_brand?post=287650"},{"taxonomy":"product_cat","embeddable":true,"href":"https:\/\/www.huntersfriend.eu\/sv\/wp-json\/wp\/v2\/product_cat?post=287650"},{"taxonomy":"product_tag","embeddable":true,"href":"https:\/\/www.huntersfriend.eu\/sv\/wp-json\/wp\/v2\/product_tag?post=287650"}],"curies":[{"name":"wp","href":"https:\/\/api.w.org\/{rel}","templated":true}]}}