{"id":287649,"date":"2022-09-16T09:28:44","date_gmt":"2022-09-16T07:28:44","guid":{"rendered":"https:\/\/www.huntersfriend.eu\/product\/fangstlada-for-conibear-fallor-i-storlek-120\/"},"modified":"2026-02-25T10:36:26","modified_gmt":"2026-02-25T08:36:26","slug":"fangstlada-for-conibear-fallor-i-storlek-120","status":"publish","type":"product","link":"https:\/\/www.huntersfriend.eu\/sv\/produkt\/fangstlada-for-conibear-fallor-i-storlek-120\/","title":{"rendered":"F\u00e5ngstl\u00e5da f\u00f6r conibear-f\u00e4llor i storlek 120"},"content":{"rendered":"<p>En mycket t\u00e5lig f\u00e5ngstl\u00e5da f\u00f6r Conibear\u00ae 120-f\u00e4llor tillverkad av plywood. Denna f\u00e5ngstl\u00e5da har ett ing\u00e5ngsh\u00e5l med en diameter p\u00e5 8 cm och du kan anv\u00e4nda den som en genomg\u00e5ngsf\u00e5ngstl\u00e5da eller s\u00e5 kan du blockera den andra \u00e4nden med en avtagbar pinne s\u00e5 att den endast \u00e4r tillg\u00e4nglig fr\u00e5n ena \u00e4nden. Taket \u00e4r mycket l\u00e4tt att ta av s\u00e5 underh\u00e5llet \u00e4r mycket enkelt att g\u00f6ra.  <\/p>\n<p>Paketstorlek: 72x20x6cm. L\u00e5dan levereras omonterad och har alla delar och verktyg f\u00f6r att du ska kunna montera l\u00e5dan. Denna \u00e4r l\u00e4mplig f\u00f6r Conibear\u00ae 120-f\u00e4llor.  <\/p>\n<p><strong>Denna produkt \u00e4r ENDAST F\u00c5NGSTL\u00c5DAN! Inkluderar inte Conibear-f\u00e4lla i storlek 120. <\/strong><\/p>\n<p>&nbsp;<\/p>\n","protected":false},"excerpt":{"rendered":"<p>En mycket t\u00e5lig f\u00e5ngstl\u00e5da f\u00f6r Conibear\u00ae 120-f\u00e4llor tillverkad av plywood. Denna f\u00e5ngstl\u00e5da har ett ing\u00e5ngsh\u00e5l med en diameter p\u00e5 8 cm och du kan anv\u00e4nda den som en genomg\u00e5ngsf\u00e5ngstl\u00e5da eller s\u00e5 kan du blockera den andra \u00e4nden med en avtagbar pinne s\u00e5 att den endast \u00e4r tillg\u00e4nglig fr\u00e5n ena \u00e4nden. Taket \u00e4r mycket l\u00e4tt att [&#8230;]\n","protected":false},"featured_media":238668,"comment_status":"open","ping_status":"closed","template":"","meta":[],"product_brand":[],"product_cat":[2696],"product_tag":[],"class_list":{"0":"post-287649","1":"product","2":"type-product","3":"status-publish","4":"has-post-thumbnail","6":"product_cat-fallor-och-fangsttillbehor","7":"product_shipping_class-big-sv","9":"first","10":"instock","11":"taxable","12":"shipping-taxable","13":"purchasable","14":"product-type-simple"},"composite_virtual":false,"composite_layout":"","composite_add_to_cart_form_location":"","composite_editable_in_cart":false,"composite_sold_individually_context":"","composite_shop_price_calc":"","composite_components":[],"composite_scenarios":[],"group_of_quantity":0,"min_quantity":0,"max_quantity":"","exclude_order_quantity_value_rules":"no","exclude_category_quantity_rules":"no","combine_variations":"no","exclude_global_add_ons":[],"addons":[],"_links":{"self":[{"href":"https:\/\/www.huntersfriend.eu\/sv\/wp-json\/wp\/v2\/product\/287649","targetHints":{"allow":["GET"]}}],"collection":[{"href":"https:\/\/www.huntersfriend.eu\/sv\/wp-json\/wp\/v2\/product"}],"about":[{"href":"https:\/\/www.huntersfriend.eu\/sv\/wp-json\/wp\/v2\/types\/product"}],"replies":[{"embeddable":true,"href":"https:\/\/www.huntersfriend.eu\/sv\/wp-json\/wp\/v2\/comments?post=287649"}],"wp:featuredmedia":[{"embeddable":true,"href":"https:\/\/www.huntersfriend.eu\/sv\/wp-json\/wp\/v2\/media\/238668"}],"wp:attachment":[{"href":"https:\/\/www.huntersfriend.eu\/sv\/wp-json\/wp\/v2\/media?parent=287649"}],"wp:term":[{"taxonomy":"product_brand","embeddable":true,"href":"https:\/\/www.huntersfriend.eu\/sv\/wp-json\/wp\/v2\/product_brand?post=287649"},{"taxonomy":"product_cat","embeddable":true,"href":"https:\/\/www.huntersfriend.eu\/sv\/wp-json\/wp\/v2\/product_cat?post=287649"},{"taxonomy":"product_tag","embeddable":true,"href":"https:\/\/www.huntersfriend.eu\/sv\/wp-json\/wp\/v2\/product_tag?post=287649"}],"curies":[{"name":"wp","href":"https:\/\/api.w.org\/{rel}","templated":true}]}}