{"id":287645,"date":"2022-08-30T15:00:55","date_gmt":"2022-08-30T13:00:55","guid":{"rendered":"https:\/\/www.huntersfriend.eu\/product\/mtm-vapensmedsunderhall-och-rengoringscenter-for-gevar\/"},"modified":"2025-08-27T06:24:18","modified_gmt":"2025-08-27T04:24:18","slug":"mtm-vapensmedsunderhall-och-rengoringscenter-for-gevar","status":"publish","type":"product","link":"https:\/\/www.huntersfriend.eu\/sv\/produkt\/mtm-vapensmedsunderhall-och-rengoringscenter-for-gevar\/","title":{"rendered":"MTM vapensmedsunderh\u00e5ll och reng\u00f6ringscenter f\u00f6r gev\u00e4r"},"content":{"rendered":"<p>MTM Case-Gard vapensmedsunderh\u00e5llscenter \u00e4r ett av de mest prisv\u00e4rda p\u00e5 marknaden. Tv\u00e5 avtagbara gafflar med ingjutet gummi f\u00f6r att skydda dina skjutvapen kan ocks\u00e5 h\u00e5lla dina reng\u00f6ringsstavar. Varje gaffel har tv\u00e5 h\u00f6jdjusteringar f\u00f6r att h\u00e5lla skjutvapen v\u00e5gr\u00e4tt, uppr\u00e4tt eller upp och ner. Fack finns f\u00f6r dina reng\u00f6ringsmedel i flaskor f\u00f6r att f\u00f6rhindra spill. Det finns s\u00e5 mycket plats i detta vapenunderh\u00e5llscenter att du kan b\u00e4ra och f\u00f6rvara alla dina vapenreng\u00f6ringsartiklar p\u00e5 ett bekv\u00e4mt st\u00e4lle.    <\/p>\n<p>Det \u00e4r ocks\u00e5 idealiskt f\u00f6r montering av kikarsikten, rembyglar, b\u00e4ddning av mekanismer etc.<\/p>\n<p>Storlek: 75 cm x 10 cm x 24 cm<\/p>\n","protected":false},"excerpt":{"rendered":"<p>MTM Case-Gard vapensmedsunderh\u00e5llscenter \u00e4r ett av de mest prisv\u00e4rda p\u00e5 marknaden. Tv\u00e5 avtagbara gafflar med ingjutet gummi f\u00f6r att skydda dina skjutvapen kan ocks\u00e5 h\u00e5lla dina reng\u00f6ringsstavar. Varje gaffel har tv\u00e5 h\u00f6jdjusteringar f\u00f6r att h\u00e5lla skjutvapen v\u00e5gr\u00e4tt, uppr\u00e4tt eller upp och ner. Fack finns f\u00f6r dina reng\u00f6ringsmedel i flaskor f\u00f6r att f\u00f6rhindra spill. Det finns [&#8230;]\n","protected":false},"featured_media":241790,"comment_status":"open","ping_status":"closed","template":"","meta":[],"product_brand":[],"product_cat":[2542],"product_tag":[],"class_list":{"0":"post-287645","1":"product","2":"type-product","3":"status-publish","4":"has-post-thumbnail","6":"product_cat-rengoring-och-underhall","8":"first","9":"instock","10":"taxable","11":"shipping-taxable","12":"purchasable","13":"product-type-simple"},"composite_virtual":false,"composite_layout":"","composite_add_to_cart_form_location":"","composite_editable_in_cart":false,"composite_sold_individually_context":"","composite_shop_price_calc":"","composite_components":[],"composite_scenarios":[],"group_of_quantity":0,"min_quantity":0,"max_quantity":"","exclude_order_quantity_value_rules":"no","exclude_category_quantity_rules":"no","combine_variations":"no","exclude_global_add_ons":[],"addons":[],"_links":{"self":[{"href":"https:\/\/www.huntersfriend.eu\/sv\/wp-json\/wp\/v2\/product\/287645","targetHints":{"allow":["GET"]}}],"collection":[{"href":"https:\/\/www.huntersfriend.eu\/sv\/wp-json\/wp\/v2\/product"}],"about":[{"href":"https:\/\/www.huntersfriend.eu\/sv\/wp-json\/wp\/v2\/types\/product"}],"replies":[{"embeddable":true,"href":"https:\/\/www.huntersfriend.eu\/sv\/wp-json\/wp\/v2\/comments?post=287645"}],"wp:featuredmedia":[{"embeddable":true,"href":"https:\/\/www.huntersfriend.eu\/sv\/wp-json\/wp\/v2\/media\/241790"}],"wp:attachment":[{"href":"https:\/\/www.huntersfriend.eu\/sv\/wp-json\/wp\/v2\/media?parent=287645"}],"wp:term":[{"taxonomy":"product_brand","embeddable":true,"href":"https:\/\/www.huntersfriend.eu\/sv\/wp-json\/wp\/v2\/product_brand?post=287645"},{"taxonomy":"product_cat","embeddable":true,"href":"https:\/\/www.huntersfriend.eu\/sv\/wp-json\/wp\/v2\/product_cat?post=287645"},{"taxonomy":"product_tag","embeddable":true,"href":"https:\/\/www.huntersfriend.eu\/sv\/wp-json\/wp\/v2\/product_tag?post=287645"}],"curies":[{"name":"wp","href":"https:\/\/api.w.org\/{rel}","templated":true}]}}