{"id":287644,"date":"2022-09-07T12:44:37","date_gmt":"2022-09-07T10:44:37","guid":{"rendered":"https:\/\/www.huntersfriend.eu\/product\/eberlestock-just-one\/"},"modified":"2026-02-25T10:35:56","modified_gmt":"2026-02-25T08:35:56","slug":"eberlestock-just-one","status":"publish","type":"product","link":"https:\/\/www.huntersfriend.eu\/sv\/produkt\/eberlestock-just-one\/","title":{"rendered":"Eberlestock Just One"},"content":{"rendered":"<p>Det h\u00e4r \u00e4r den senaste versionen av ryggs\u00e4cken som startade en utrustningsrevolution, den legendariska J34 Just One Pack\u2122. Som i, \u201dom du bara ska \u00e4ga en jaktryggs\u00e4ck, \u00e4g en Just One.\u201d J34 \u00e4r extremt m\u00e5ngsidig och den levereras med de patenterade funktionerna som g\u00f6r Eberlestock-ryggs\u00e4ckar unika. Med start p\u00e5 en ultrakompakt 2300 kubiktum, expanderar det inbyggda Cam Expansion System\u2122 den till 4600 kubiktum. L\u00e4gg till en Super Spike Duffel\u2122 och du f\u00e5r en lastb\u00e4rare p\u00e5 7500 kubiktum.    <\/p>\n<p><strong>FUNKTIONER<\/strong><\/p>\n<ul>\n<li>Inbyggd Backscabbard f\u00f6r jaktgev\u00e4r<\/li>\n<li>Vertikalt justerbar sele<\/li>\n<li>Kompatibel med v\u00e4tskesystem<\/li>\n<li>Grapple kompressionsremmar<\/li>\n<\/ul>\n<p><strong>SPECIFIKATIONER<\/strong><\/p>\n<ul>\n<li>Komprimerad ryggs\u00e4cksvolym: 1 900 kubiktum<\/li>\n<li>Expanderad ryggs\u00e4cksvolym: 4 200 kubiktum<\/li>\n<li>Slidvolym: 400 kubiktum<\/li>\n<li>Total volym: 4 600 kubiktum<\/li>\n<li>Vikt: 7,25 lbs<\/li>\n<li>M\u00e5tt (komprimerad): 25&#8243;h x 11&#8243;w x 6&#8243;d<\/li>\n<li>Slidm\u00e5tt: 34&#8243;L x 7&#8243;W x 3&#8243;D, med en 20&#8243; omkrets\u00f6ppning<\/li>\n<\/ul>\n","protected":false},"excerpt":{"rendered":"<p>Det h\u00e4r \u00e4r den senaste versionen av ryggs\u00e4cken som startade en utrustningsrevolution, den legendariska J34 Just One Pack\u2122. Som i, \u201dom du bara ska \u00e4ga en jaktryggs\u00e4ck, \u00e4g en Just One.\u201d J34 \u00e4r extremt m\u00e5ngsidig och den levereras med de patenterade funktionerna som g\u00f6r Eberlestock-ryggs\u00e4ckar unika. Med start p\u00e5 en ultrakompakt 2300 kubiktum, expanderar det [&#8230;]\n","protected":false},"featured_media":236284,"comment_status":"open","ping_status":"closed","template":"","meta":[],"product_brand":[],"product_cat":[2565],"product_tag":[],"class_list":{"0":"post-287644","1":"product","2":"type-product","3":"status-publish","4":"has-post-thumbnail","6":"product_cat-jaktryggsackar","7":"product_shipping_class-medium-sv","9":"first","10":"instock","11":"taxable","12":"shipping-taxable","13":"purchasable","14":"product-type-variable"},"composite_virtual":false,"composite_layout":"","composite_add_to_cart_form_location":"","composite_editable_in_cart":false,"composite_sold_individually_context":"","composite_shop_price_calc":"","composite_components":[],"composite_scenarios":[],"group_of_quantity":0,"min_quantity":0,"max_quantity":"","exclude_order_quantity_value_rules":"no","exclude_category_quantity_rules":"no","combine_variations":"no","exclude_global_add_ons":[],"addons":[],"_links":{"self":[{"href":"https:\/\/www.huntersfriend.eu\/sv\/wp-json\/wp\/v2\/product\/287644","targetHints":{"allow":["GET"]}}],"collection":[{"href":"https:\/\/www.huntersfriend.eu\/sv\/wp-json\/wp\/v2\/product"}],"about":[{"href":"https:\/\/www.huntersfriend.eu\/sv\/wp-json\/wp\/v2\/types\/product"}],"replies":[{"embeddable":true,"href":"https:\/\/www.huntersfriend.eu\/sv\/wp-json\/wp\/v2\/comments?post=287644"}],"wp:featuredmedia":[{"embeddable":true,"href":"https:\/\/www.huntersfriend.eu\/sv\/wp-json\/wp\/v2\/media\/236284"}],"wp:attachment":[{"href":"https:\/\/www.huntersfriend.eu\/sv\/wp-json\/wp\/v2\/media?parent=287644"}],"wp:term":[{"taxonomy":"product_brand","embeddable":true,"href":"https:\/\/www.huntersfriend.eu\/sv\/wp-json\/wp\/v2\/product_brand?post=287644"},{"taxonomy":"product_cat","embeddable":true,"href":"https:\/\/www.huntersfriend.eu\/sv\/wp-json\/wp\/v2\/product_cat?post=287644"},{"taxonomy":"product_tag","embeddable":true,"href":"https:\/\/www.huntersfriend.eu\/sv\/wp-json\/wp\/v2\/product_tag?post=287644"}],"curies":[{"name":"wp","href":"https:\/\/api.w.org\/{rel}","templated":true}]}}