{"id":287643,"date":"2022-08-30T15:00:55","date_gmt":"2022-08-30T13:00:55","guid":{"rendered":"https:\/\/www.huntersfriend.eu\/product\/mtm-skruvstad-for-vapen\/"},"modified":"2025-08-27T06:24:17","modified_gmt":"2025-08-27T04:24:17","slug":"mtm-skruvstad-for-vapen","status":"publish","type":"product","link":"https:\/\/www.huntersfriend.eu\/sv\/produkt\/mtm-skruvstad-for-vapen\/","title":{"rendered":"MTM Skruvst\u00e4d f\u00f6r vapen"},"content":{"rendered":"<div class=\"card__header\">\n<p class=\"card__title heading h3\" style=\"text-align: left;\"><span style=\"color: #555555; font-size: 14.4px;\">MTM:s skruvst\u00e4d f\u00f6r vapen \u00e4r utformat f\u00f6r att passa en m\u00e4ngd olika skjutvapen f\u00f6r reng\u00f6ring, underh\u00e5ll eller vapensmide, och \u00e4r avsett f\u00f6r gev\u00e4r och hagelgev\u00e4r. <\/span><span style=\"color: #555555; font-size: 14.4px;\">Alla kontaktpunkter f\u00f6r skjutvapen \u00e4r gummerade f\u00f6r att skydda dina vapen <\/span><span style=\"color: #555555; font-size: 14.4px;\">finish. Den andra gaffeln bakom kl\u00e4mman \u00e4r till f\u00f6r reng\u00f6ring av vapen, s\u00e5 att de har r\u00e4tt vinkel f\u00f6r reng\u00f6ring. De 11 facken i basen kan anv\u00e4ndas f\u00f6r att separera vapenkomponenter eller vad du \u00e4n v\u00e4ljer. 21 skruvmejselbitsh\u00e5llare, gjutna i enheten, \u00e4r lika l\u00e4mpade f\u00f6r drag\u00f6glor och borstar som de \u00e4r f\u00f6r bits. Tillverkad av robust, kemikalie- och l\u00f6sningsmedelsbest\u00e4ndig polypropenplast.    <\/span><\/p>\n<\/div>\n<div class=\"card__section \">\n<div class=\"rte text--pull\">\n<p>Funktioner:<\/p>\n<ul>\n<li>Snabb fastsp\u00e4nning med hj\u00e4lp av en enda kamaktiverad spak f\u00f6r ett s\u00e4kert, icke-skadande grepp<\/li>\n<li>Idealisk f\u00f6r alla behov inom vapensmide<\/li>\n<li>Utrymme f\u00f6r att organisera reng\u00f6ringsmedel med fack i olika storlekar f\u00f6r lappar, skruvmejselbitar, drag\u00f6glor, borstar, l\u00f6sningsmedel och reng\u00f6ringsstavar<\/li>\n<li>Monterad p\u00e5 fyra halkskyddande gummif\u00f6tter och \u00e4r frist\u00e5ende eller kan bultas fast<\/li>\n<li>Tillverkad i USA av kemikalie- och l\u00f6sningsmedelsbest\u00e4ndig polypropenplast<\/li>\n<\/ul>\n<p>&nbsp;<\/p>\n<\/div>\n<\/div>\n","protected":false},"excerpt":{"rendered":"<p>MTM:s skruvst\u00e4d f\u00f6r vapen \u00e4r utformat f\u00f6r att passa en m\u00e4ngd olika skjutvapen f\u00f6r reng\u00f6ring, underh\u00e5ll eller vapensmide, och \u00e4r avsett f\u00f6r gev\u00e4r och hagelgev\u00e4r. Alla kontaktpunkter f\u00f6r skjutvapen \u00e4r gummerade f\u00f6r att skydda dina vapen finish. Den andra gaffeln bakom kl\u00e4mman \u00e4r till f\u00f6r reng\u00f6ring av vapen, s\u00e5 att de har r\u00e4tt vinkel f\u00f6r [&#8230;]\n","protected":false},"featured_media":241796,"comment_status":"open","ping_status":"closed","template":"","meta":[],"product_brand":[],"product_cat":[2542],"product_tag":[],"class_list":{"0":"post-287643","1":"product","2":"type-product","3":"status-publish","4":"has-post-thumbnail","6":"product_cat-rengoring-och-underhall","7":"product_shipping_class-medium-sv","9":"first","10":"onbackorder","11":"taxable","12":"shipping-taxable","13":"purchasable","14":"product-type-simple"},"composite_virtual":false,"composite_layout":"","composite_add_to_cart_form_location":"","composite_editable_in_cart":false,"composite_sold_individually_context":"","composite_shop_price_calc":"","composite_components":[],"composite_scenarios":[],"group_of_quantity":0,"min_quantity":0,"max_quantity":"","exclude_order_quantity_value_rules":"no","exclude_category_quantity_rules":"no","combine_variations":"no","exclude_global_add_ons":[],"addons":[],"_links":{"self":[{"href":"https:\/\/www.huntersfriend.eu\/sv\/wp-json\/wp\/v2\/product\/287643","targetHints":{"allow":["GET"]}}],"collection":[{"href":"https:\/\/www.huntersfriend.eu\/sv\/wp-json\/wp\/v2\/product"}],"about":[{"href":"https:\/\/www.huntersfriend.eu\/sv\/wp-json\/wp\/v2\/types\/product"}],"replies":[{"embeddable":true,"href":"https:\/\/www.huntersfriend.eu\/sv\/wp-json\/wp\/v2\/comments?post=287643"}],"wp:featuredmedia":[{"embeddable":true,"href":"https:\/\/www.huntersfriend.eu\/sv\/wp-json\/wp\/v2\/media\/241796"}],"wp:attachment":[{"href":"https:\/\/www.huntersfriend.eu\/sv\/wp-json\/wp\/v2\/media?parent=287643"}],"wp:term":[{"taxonomy":"product_brand","embeddable":true,"href":"https:\/\/www.huntersfriend.eu\/sv\/wp-json\/wp\/v2\/product_brand?post=287643"},{"taxonomy":"product_cat","embeddable":true,"href":"https:\/\/www.huntersfriend.eu\/sv\/wp-json\/wp\/v2\/product_cat?post=287643"},{"taxonomy":"product_tag","embeddable":true,"href":"https:\/\/www.huntersfriend.eu\/sv\/wp-json\/wp\/v2\/product_tag?post=287643"}],"curies":[{"name":"wp","href":"https:\/\/api.w.org\/{rel}","templated":true}]}}