{"id":287635,"date":"2022-08-30T15:00:55","date_gmt":"2022-08-30T13:00:55","guid":{"rendered":"https:\/\/www.huntersfriend.eu\/product\/mtm-psr-30-skjutstod\/"},"modified":"2025-08-27T06:24:16","modified_gmt":"2025-08-27T04:24:16","slug":"mtm-psr-30-skjutstod","status":"publish","type":"product","link":"https:\/\/www.huntersfriend.eu\/sv\/produkt\/mtm-psr-30-skjutstod\/","title":{"rendered":"MTM PSR-30 skjutst\u00f6d"},"content":{"rendered":"<p>MTM Predator Shooting Rest (PSR) har en exklusiv, solid fyrbent konstruktion som ger det stabila, bergfasta vapenst\u00f6d som skyttar kr\u00e4ver av dyra, tunga metallst\u00f6d, men till en br\u00e5kdel av vikten (3 kg).<\/p>\n<p>PSR passar lika bra f\u00f6r b\u00e5de gev\u00e4r- och pistolentusiaster, \u00e4r l\u00e4tt och fullt justerbar. PSR:s kolvst\u00f6d j\u00e4mnar inte bara ut st\u00f6det p\u00e5 oj\u00e4mna ytor, utan kan ocks\u00e5 justeras f\u00f6r att passa alla typer av l\u00e5nga vapen. Ta bort st\u00f6det helt och PSR blir ett frist\u00e5ende pistolst\u00f6d eller fr\u00e4mre gev\u00e4rsst\u00f6d. En precisionsjusterare med ratt g\u00f6r att skytten kan nollst\u00e4lla f\u00f6r maximal precision.   <\/p>\n<p>Predatorns avancerade design med fr\u00e4mre gummist\u00f6ddyna ger solid kontakt med n\u00e4stan alla former av kolvar eller pipor. Om du letar efter en stabil skjutplattform till ett pris (MSRP 49,95 USD) som alla vapenentusiaster har r\u00e5d med, b\u00f6r du kolla in MTM:s Predator Shooting Rest. Predator Shooting Rest fungerar bra f\u00f6r alla skjutvapen.  <\/p>\n<p>Kan till och med justeras f\u00f6r skjutvapen av olika l\u00e4ngd. St\u00f6dets totala l\u00e4ngd \u00e4r 56 cm till 67 cm. Den fr\u00e4mre gev\u00e4rsdynan kan justeras 8 cm, s\u00e5 h\u00f6gt som 29 cm fr\u00e5n bordet eller ner till 21,5 cm.  <\/p>\n<p>Gjuten gummikudde f\u00f6r att skydda ditt vapen och du beh\u00f6ver inte ens ta bort rembygelskruven.<\/p>\n<p>Predator-st\u00f6det \u00e4r 50 cm brett, l\u00e4tt och l\u00e4tt att b\u00e4ra!<\/p>\n","protected":false},"excerpt":{"rendered":"<p>MTM Predator Shooting Rest (PSR) har en exklusiv, solid fyrbent konstruktion som ger det stabila, bergfasta vapenst\u00f6d som skyttar kr\u00e4ver av dyra, tunga metallst\u00f6d, men till en br\u00e5kdel av vikten (3 kg). PSR passar lika bra f\u00f6r b\u00e5de gev\u00e4r- och pistolentusiaster, \u00e4r l\u00e4tt och fullt justerbar. PSR:s kolvst\u00f6d j\u00e4mnar inte bara ut st\u00f6det p\u00e5 oj\u00e4mna [&#8230;]\n","protected":false},"featured_media":287638,"comment_status":"open","ping_status":"closed","template":"","meta":[],"product_brand":[],"product_cat":[2570],"product_tag":[],"class_list":{"0":"post-287635","1":"product","2":"type-product","3":"status-publish","4":"has-post-thumbnail","6":"product_cat-stodpinnar-och-skjutstod","7":"product_shipping_class-medium-sv","9":"first","10":"instock","11":"taxable","12":"shipping-taxable","13":"purchasable","14":"product-type-simple"},"composite_virtual":false,"composite_layout":"","composite_add_to_cart_form_location":"","composite_editable_in_cart":false,"composite_sold_individually_context":"","composite_shop_price_calc":"","composite_components":[],"composite_scenarios":[],"group_of_quantity":0,"min_quantity":0,"max_quantity":"","exclude_order_quantity_value_rules":"no","exclude_category_quantity_rules":"no","combine_variations":"no","exclude_global_add_ons":[],"addons":[],"_links":{"self":[{"href":"https:\/\/www.huntersfriend.eu\/sv\/wp-json\/wp\/v2\/product\/287635","targetHints":{"allow":["GET"]}}],"collection":[{"href":"https:\/\/www.huntersfriend.eu\/sv\/wp-json\/wp\/v2\/product"}],"about":[{"href":"https:\/\/www.huntersfriend.eu\/sv\/wp-json\/wp\/v2\/types\/product"}],"replies":[{"embeddable":true,"href":"https:\/\/www.huntersfriend.eu\/sv\/wp-json\/wp\/v2\/comments?post=287635"}],"wp:featuredmedia":[{"embeddable":true,"href":"https:\/\/www.huntersfriend.eu\/sv\/wp-json\/wp\/v2\/media\/287638"}],"wp:attachment":[{"href":"https:\/\/www.huntersfriend.eu\/sv\/wp-json\/wp\/v2\/media?parent=287635"}],"wp:term":[{"taxonomy":"product_brand","embeddable":true,"href":"https:\/\/www.huntersfriend.eu\/sv\/wp-json\/wp\/v2\/product_brand?post=287635"},{"taxonomy":"product_cat","embeddable":true,"href":"https:\/\/www.huntersfriend.eu\/sv\/wp-json\/wp\/v2\/product_cat?post=287635"},{"taxonomy":"product_tag","embeddable":true,"href":"https:\/\/www.huntersfriend.eu\/sv\/wp-json\/wp\/v2\/product_tag?post=287635"}],"curies":[{"name":"wp","href":"https:\/\/api.w.org\/{rel}","templated":true}]}}