{"id":287632,"date":"2022-08-31T13:38:53","date_gmt":"2022-08-31T11:38:53","guid":{"rendered":"https:\/\/www.huntersfriend.eu\/product\/eberlestock-x1a3\/"},"modified":"2025-08-27T06:24:15","modified_gmt":"2025-08-27T04:24:15","slug":"eberlestock-x1a3","status":"publish","type":"product","link":"https:\/\/www.huntersfriend.eu\/sv\/produkt\/eberlestock-x1a3\/","title":{"rendered":"Eberlestock X1A3"},"content":{"rendered":"<p>X1A3\u2122 kan b\u00e4ra b\u00e5de en compoundb\u00e5ge och ett gev\u00e4r samtidigt, vilket g\u00f6r den till den perfekta dagsryggs\u00e4cken f\u00f6r alla \u00e5rstider. Funktioner inkluderar en yttre framficka f\u00f6r snabb \u00e5tkomst till viktiga saker, r\u00f6rformiga sidofickor f\u00f6r \u00e5tkomst till tubkikare och ett stort f\u00f6rvaringsfack baktill f\u00f6r en v\u00e4tskebl\u00e5sa eller jacka. Gossamer Frame\u2122-skivan kan bytas ut mot v\u00e5r r\u00f6rformiga Intex II\u2122-ram f\u00f6r st\u00f6rre lastkapacitet.  <\/p>\n<p><strong>FUNKTIONER:<\/strong><\/p>\n<ul>\n<li>F\u00f6rb\u00e4ttrat centralt gev\u00e4rsfodral rymmer alla typer av l\u00e5nga vapen, fr\u00e5n hagelgev\u00e4r till AR<\/li>\n<li>Stora r\u00f6rformiga framfickor bildar en stabil vagga f\u00f6r din b\u00e5ge<\/li>\n<li>Uppdaterat Ripcord Bow Tether-system ger utm\u00e4rkt stabilitet och l\u00e5ter dig ta bort din b\u00e5ge medan du b\u00e4r ryggs\u00e4cken<\/li>\n<li>Fullstora fickor f\u00f6r tubkikare<\/li>\n<li>Gossamer polykarbonatram ger extra st\u00f6d f\u00f6r packning av tyngre laster och \u00e4r utbytbar med v\u00e5r r\u00f6rformiga Intex-ram i aluminium, s\u00e5 att du kan anpassa ryggs\u00e4ckens passform och funktion efter dina personliga preferenser<\/li>\n<li>Vertikalt justerbar axelrem<\/li>\n<\/ul>\n<p><strong>SPECIFIKATIONER:<\/strong><\/p>\n<ul>\n<li>Volym: 28,3 liter (inkluderar inte fodralets volym)<\/li>\n<li>Vikt: 2,54 kg<\/li>\n<li>M\u00e5tt: 50,8 H x 26,7 W x 24,1 D cm<\/li>\n<li>Fodralets m\u00e5tt: 86,4 cm L x 25,4 cm B, med en \u00f6ppning p\u00e5 61 cm i omkrets<\/li>\n<\/ul>\n","protected":false},"excerpt":{"rendered":"<p>Olika f\u00e4rgalternativ.<\/p>\n","protected":false},"featured_media":235998,"comment_status":"open","ping_status":"closed","template":"","meta":[],"product_brand":[],"product_cat":[2565],"product_tag":[],"class_list":{"0":"post-287632","1":"product","2":"type-product","3":"status-publish","4":"has-post-thumbnail","6":"product_cat-jaktryggsackar","7":"product_shipping_class-big-sv","9":"first","10":"instock","11":"taxable","12":"shipping-taxable","13":"purchasable","14":"product-type-variable"},"composite_virtual":false,"composite_layout":"","composite_add_to_cart_form_location":"","composite_editable_in_cart":false,"composite_sold_individually_context":"","composite_shop_price_calc":"","composite_components":[],"composite_scenarios":[],"group_of_quantity":0,"min_quantity":0,"max_quantity":"","exclude_order_quantity_value_rules":"no","exclude_category_quantity_rules":"no","combine_variations":"no","exclude_global_add_ons":[],"addons":[],"_links":{"self":[{"href":"https:\/\/www.huntersfriend.eu\/sv\/wp-json\/wp\/v2\/product\/287632","targetHints":{"allow":["GET"]}}],"collection":[{"href":"https:\/\/www.huntersfriend.eu\/sv\/wp-json\/wp\/v2\/product"}],"about":[{"href":"https:\/\/www.huntersfriend.eu\/sv\/wp-json\/wp\/v2\/types\/product"}],"replies":[{"embeddable":true,"href":"https:\/\/www.huntersfriend.eu\/sv\/wp-json\/wp\/v2\/comments?post=287632"}],"wp:featuredmedia":[{"embeddable":true,"href":"https:\/\/www.huntersfriend.eu\/sv\/wp-json\/wp\/v2\/media\/235998"}],"wp:attachment":[{"href":"https:\/\/www.huntersfriend.eu\/sv\/wp-json\/wp\/v2\/media?parent=287632"}],"wp:term":[{"taxonomy":"product_brand","embeddable":true,"href":"https:\/\/www.huntersfriend.eu\/sv\/wp-json\/wp\/v2\/product_brand?post=287632"},{"taxonomy":"product_cat","embeddable":true,"href":"https:\/\/www.huntersfriend.eu\/sv\/wp-json\/wp\/v2\/product_cat?post=287632"},{"taxonomy":"product_tag","embeddable":true,"href":"https:\/\/www.huntersfriend.eu\/sv\/wp-json\/wp\/v2\/product_tag?post=287632"}],"curies":[{"name":"wp","href":"https:\/\/api.w.org\/{rel}","templated":true}]}}