{"id":287631,"date":"2022-08-30T14:42:35","date_gmt":"2022-08-30T12:42:35","guid":{"rendered":"https:\/\/www.huntersfriend.eu\/product\/stan-onnex-tumutlosare-echo-grey\/"},"modified":"2025-08-27T06:24:15","modified_gmt":"2025-08-27T04:24:15","slug":"stan-onnex-tumutlosare-echo-grey","status":"publish","type":"product","link":"https:\/\/www.huntersfriend.eu\/sv\/produkt\/stan-onnex-tumutlosare-echo-grey\/","title":{"rendered":"Stan OnneX tumutl\u00f6sare Echo Grey"},"content":{"rendered":"<p class=\"h6\"><strong>BESKRIVNING<\/strong><\/p>\n<div>\n<ul>\n<li>STAN Onnex-utl\u00f6sare \u00e4r designade med de klassiska funktioner som b\u00e5gskyttar beh\u00f6ver inbyggda i ett komplett skjutsystem<\/li>\n<li>Varje Onnex-handtag g\u00f6r det m\u00f6jligt f\u00f6r skytten att s\u00f6ml\u00f6st v\u00e4xla mellan en av de tre handtagstyperna \u2013 tumknapp, back tension och motst\u00e5nd \u2013 samtidigt som ankarpunkt och peep-h\u00f6jd bibeh\u00e5lls<\/li>\n<li>\u00d6ppen krokdesign f\u00f6r konsekvent och exakt lateral nockr\u00f6relse<\/li>\n<li>Skarp aktivering med b\u00e5de oberoende avtryckarr\u00f6relse och justering av avtryckarsp\u00e4nning<\/li>\n<li>Loop-h\u00e5llare m\u00f6jligg\u00f6r anslutning till din pilb\u00e5ge med den enkla \u00f6ppna kroken, samtidigt som din utl\u00f6sare h\u00e5lls ansluten<\/li>\n<li>Finns i flera storlekar f\u00f6r att bekv\u00e4mt passa alla b\u00e5gskyttars h\u00e4nder<\/li>\n<li>Byggd p\u00e5 en modul\u00e4r kropp kan utl\u00f6saren anv\u00e4ndas som tv\u00e5finger-, trefinger- eller fyrfingerutl\u00f6sare, alla med en knapphuvudskruvsjustering med en 5\/64\u2033 insexnyckel<\/li>\n<li>Inkluderar tv\u00e5 l\u00e4ngder p\u00e5 cylinderstolpar, en l\u00e5ng och en kort, samt tv\u00e5 cylinderstorlekar, en liten och en stor, f\u00f6r perfekt passform i handen<\/li>\n<li>STAN Trainer Lock-funktionen m\u00f6jligg\u00f6r \u00f6vning av avtryckaraktivering utan att faktiskt avfyra<\/li>\n<\/ul>\n<\/div>\n","protected":false},"excerpt":{"rendered":"<p>Olika storleksalternativ<\/p>\n","protected":false},"featured_media":231413,"comment_status":"open","ping_status":"closed","template":"","meta":[],"product_brand":[],"product_cat":[2802],"product_tag":[],"class_list":{"0":"post-287631","1":"product","2":"type-product","3":"status-publish","4":"has-post-thumbnail","6":"product_cat-hand-tum-releaser","8":"first","9":"outofstock","10":"taxable","11":"shipping-taxable","12":"product-type-simple"},"composite_virtual":false,"composite_layout":"","composite_add_to_cart_form_location":"","composite_editable_in_cart":false,"composite_sold_individually_context":"","composite_shop_price_calc":"","composite_components":[],"composite_scenarios":[],"group_of_quantity":0,"min_quantity":0,"max_quantity":"","exclude_order_quantity_value_rules":"no","exclude_category_quantity_rules":"no","combine_variations":"no","exclude_global_add_ons":[],"addons":[],"_links":{"self":[{"href":"https:\/\/www.huntersfriend.eu\/sv\/wp-json\/wp\/v2\/product\/287631","targetHints":{"allow":["GET"]}}],"collection":[{"href":"https:\/\/www.huntersfriend.eu\/sv\/wp-json\/wp\/v2\/product"}],"about":[{"href":"https:\/\/www.huntersfriend.eu\/sv\/wp-json\/wp\/v2\/types\/product"}],"replies":[{"embeddable":true,"href":"https:\/\/www.huntersfriend.eu\/sv\/wp-json\/wp\/v2\/comments?post=287631"}],"wp:featuredmedia":[{"embeddable":true,"href":"https:\/\/www.huntersfriend.eu\/sv\/wp-json\/wp\/v2\/media\/231413"}],"wp:attachment":[{"href":"https:\/\/www.huntersfriend.eu\/sv\/wp-json\/wp\/v2\/media?parent=287631"}],"wp:term":[{"taxonomy":"product_brand","embeddable":true,"href":"https:\/\/www.huntersfriend.eu\/sv\/wp-json\/wp\/v2\/product_brand?post=287631"},{"taxonomy":"product_cat","embeddable":true,"href":"https:\/\/www.huntersfriend.eu\/sv\/wp-json\/wp\/v2\/product_cat?post=287631"},{"taxonomy":"product_tag","embeddable":true,"href":"https:\/\/www.huntersfriend.eu\/sv\/wp-json\/wp\/v2\/product_tag?post=287631"}],"curies":[{"name":"wp","href":"https:\/\/api.w.org\/{rel}","templated":true}]}}