{"id":287622,"date":"2022-08-30T14:19:25","date_gmt":"2022-08-30T12:19:25","guid":{"rendered":"https:\/\/www.huntersfriend.eu\/product\/beiter-pin-nock-symmetric-hunter-2021\/"},"modified":"2025-08-27T06:24:14","modified_gmt":"2025-08-27T04:24:14","slug":"beiter-pin-nock-symmetric-hunter-2021","status":"publish","type":"product","link":"https:\/\/www.huntersfriend.eu\/sv\/produkt\/beiter-pin-nock-symmetric-hunter-2021\/","title":{"rendered":"Beiter Pin nock symmetric Hunter 2021"},"content":{"rendered":"<div class=\"row\">\n<div class=\"small-12 large-8 columns\">\n<p>Beiter Hunter-Nock \u00e4r inte som alla andra nockar asymmetrisk, utan den \u00e4r SYMMETRISK. Beiter Hunter-Nock har designats fr\u00e4mst f\u00f6r compoundskyttar som anv\u00e4nder en D-loop p\u00e5 sin str\u00e4ng, vilket \u00e4r det enda riktigt symmetriska s\u00e4ttet att skjuta inom b\u00e5gskytte. <\/p>\n<\/div>\n<\/div>\n<div class=\"row\">\n<div class=\"small-12 large-8 columns\">\n<p>N\u00e5gra funktioner hos Beiter Hunter-Nocks som skiljer dem fr\u00e5n nockar fr\u00e5n andra tillverkare:<\/p>\n<ul>\n<li>Beiter Hunter-Nock designades f\u00f6r compoundskyttar med D-loop. Hunter-Nocks \u00e4r &#8221;symmetriska&#8221; eftersom endast med denna skjutstil \u00e4r release och nock i linje, vilket betyder: detta \u00e4r det enda symmetriska s\u00e4ttet att skjuta inom b\u00e5gskytte! <\/li>\n<li>Varje nockstorlek har bara en enda form. Detta ger h\u00f6gsta precision och l\u00e4gsta toleranser. Varje enskild nock av en storlek kommer fr\u00e5n samma form.  <\/li>\n<li>Hunter-Nock kl\u00e4mmer inte p\u00e5 nockningspunkten, den vilar d\u00e4r med en fj\u00e4drande effekt. Livsl\u00e4ngden \u00e4r d\u00e4rf\u00f6r mycket h\u00f6gre och &#8211; mycket viktigt &#8211; Beiter Hunter-Nock garanterar konstant release fr\u00e5n b\u00e5gstr\u00e4ngen, skott efter skott. <\/li>\n<li>Beiter Hunter-Nock kan skjutas utan problem med alla k\u00e4nda nockningspunkter.<\/li>\n<\/ul>\n<\/div>\n<\/div>\n","protected":false},"excerpt":{"rendered":"<p>Symmetriska pin nockar<\/p>\n","protected":false},"featured_media":235914,"comment_status":"open","ping_status":"closed","template":"","meta":[],"product_brand":[],"product_cat":[2880],"product_tag":[],"class_list":{"0":"post-287622","1":"product","2":"type-product","3":"status-publish","4":"has-post-thumbnail","6":"product_cat-nockar-och-insatser","8":"first","9":"instock","10":"taxable","11":"shipping-taxable","12":"purchasable","13":"product-type-variable"},"composite_virtual":false,"composite_layout":"","composite_add_to_cart_form_location":"","composite_editable_in_cart":false,"composite_sold_individually_context":"","composite_shop_price_calc":"","composite_components":[],"composite_scenarios":[],"group_of_quantity":0,"min_quantity":0,"max_quantity":"","exclude_order_quantity_value_rules":"no","exclude_category_quantity_rules":"no","combine_variations":"no","exclude_global_add_ons":[],"addons":[],"_links":{"self":[{"href":"https:\/\/www.huntersfriend.eu\/sv\/wp-json\/wp\/v2\/product\/287622","targetHints":{"allow":["GET"]}}],"collection":[{"href":"https:\/\/www.huntersfriend.eu\/sv\/wp-json\/wp\/v2\/product"}],"about":[{"href":"https:\/\/www.huntersfriend.eu\/sv\/wp-json\/wp\/v2\/types\/product"}],"replies":[{"embeddable":true,"href":"https:\/\/www.huntersfriend.eu\/sv\/wp-json\/wp\/v2\/comments?post=287622"}],"wp:featuredmedia":[{"embeddable":true,"href":"https:\/\/www.huntersfriend.eu\/sv\/wp-json\/wp\/v2\/media\/235914"}],"wp:attachment":[{"href":"https:\/\/www.huntersfriend.eu\/sv\/wp-json\/wp\/v2\/media?parent=287622"}],"wp:term":[{"taxonomy":"product_brand","embeddable":true,"href":"https:\/\/www.huntersfriend.eu\/sv\/wp-json\/wp\/v2\/product_brand?post=287622"},{"taxonomy":"product_cat","embeddable":true,"href":"https:\/\/www.huntersfriend.eu\/sv\/wp-json\/wp\/v2\/product_cat?post=287622"},{"taxonomy":"product_tag","embeddable":true,"href":"https:\/\/www.huntersfriend.eu\/sv\/wp-json\/wp\/v2\/product_tag?post=287622"}],"curies":[{"name":"wp","href":"https:\/\/api.w.org\/{rel}","templated":true}]}}