{"id":287620,"date":"2022-08-30T12:47:44","date_gmt":"2022-08-30T10:47:44","guid":{"rendered":"https:\/\/www.huntersfriend.eu\/product\/uppvarmd-sittdyna-for-upptining-stor\/"},"modified":"2025-08-27T06:24:12","modified_gmt":"2025-08-27T04:24:12","slug":"uppvarmd-sittdyna-for-upptining-stor","status":"publish","type":"product","link":"https:\/\/www.huntersfriend.eu\/sv\/produkt\/uppvarmd-sittdyna-for-upptining-stor\/","title":{"rendered":"Uppv\u00e4rmd sittdyna f\u00f6r upptining &#8211; stor"},"content":{"rendered":"<p>Din utomhusaktivitet blev just mycket roligare med den uppladdningsbara uppv\u00e4rmda sittdynan. Bekv\u00e4m nog f\u00f6r alla \u00e5rstider, denna sittdyna har ocks\u00e5 en USB-anslutning som kan generera upp till 6 timmars v\u00e4rme n\u00e4r den \u00e4r ansluten till en powerbank. S\u00e4tt dig ner, koppla av och njut av din utomhusaktivitet med komfort och v\u00e4rme.  <\/p>\n<p>Viktiga funktioner:<\/p>\n<ul>\n<li>L\u00e4tt, b\u00e4rbar design<\/li>\n<li>5 cm skumvaddering<\/li>\n<li>V\u00e4rmebevarande isolering<\/li>\n<li>Dold ficka f\u00f6r laddningskabel<\/li>\n<li>Dubbelsydd, slitstark konstruktion<\/li>\n<li>Fl\u00e4ck- och vattenavvisande utsida<\/li>\n<li>Tryckknapp p\u00e5\/av med LED-indikatorlampa<\/li>\n<\/ul>\n<p>Inkluderar:<\/p>\n<ul>\n<li>1 x Uppv\u00e4rmd sittdyna<\/li>\n<li>1 x 10 000 mAh Power Bank<\/li>\n<li>1 x USB-laddningskabel<\/li>\n<li>1 x Anv\u00e4ndarmanual<\/li>\n<\/ul>\n<h4>L\u00e4gen och drifttider<\/h4>\n<ul>\n<li>H\u00f6g (58\u2070 c \/ 136\u2070 f): 2,5 timmar<\/li>\n<li>Medium (52\u2070 c \/ 125\u2070 f): 4 timmar<\/li>\n<li>L\u00e5g (43\u2070 c \/ 109\u2070 f): 5 timmar<\/li>\n<\/ul>\n","protected":false},"excerpt":{"rendered":"<p>5 cm x 39,3 cm x 38,1 cm, vikt 725 g<\/p>\n","protected":false},"featured_media":0,"comment_status":"open","ping_status":"closed","template":"","meta":[],"product_brand":[],"product_cat":[878],"product_tag":[],"class_list":{"0":"post-287620","1":"product","2":"type-product","3":"status-publish","5":"product_cat-uncategorized-sv","7":"first","8":"outofstock","9":"taxable","10":"shipping-taxable","11":"purchasable","12":"product-type-simple"},"composite_virtual":false,"composite_layout":"","composite_add_to_cart_form_location":"","composite_editable_in_cart":false,"composite_sold_individually_context":"","composite_shop_price_calc":"","composite_components":[],"composite_scenarios":[],"group_of_quantity":0,"min_quantity":0,"max_quantity":"","exclude_order_quantity_value_rules":"no","exclude_category_quantity_rules":"no","combine_variations":"no","exclude_global_add_ons":[],"addons":[],"_links":{"self":[{"href":"https:\/\/www.huntersfriend.eu\/sv\/wp-json\/wp\/v2\/product\/287620","targetHints":{"allow":["GET"]}}],"collection":[{"href":"https:\/\/www.huntersfriend.eu\/sv\/wp-json\/wp\/v2\/product"}],"about":[{"href":"https:\/\/www.huntersfriend.eu\/sv\/wp-json\/wp\/v2\/types\/product"}],"replies":[{"embeddable":true,"href":"https:\/\/www.huntersfriend.eu\/sv\/wp-json\/wp\/v2\/comments?post=287620"}],"wp:attachment":[{"href":"https:\/\/www.huntersfriend.eu\/sv\/wp-json\/wp\/v2\/media?parent=287620"}],"wp:term":[{"taxonomy":"product_brand","embeddable":true,"href":"https:\/\/www.huntersfriend.eu\/sv\/wp-json\/wp\/v2\/product_brand?post=287620"},{"taxonomy":"product_cat","embeddable":true,"href":"https:\/\/www.huntersfriend.eu\/sv\/wp-json\/wp\/v2\/product_cat?post=287620"},{"taxonomy":"product_tag","embeddable":true,"href":"https:\/\/www.huntersfriend.eu\/sv\/wp-json\/wp\/v2\/product_tag?post=287620"}],"curies":[{"name":"wp","href":"https:\/\/api.w.org\/{rel}","templated":true}]}}