{"id":287616,"date":"2022-08-30T12:47:43","date_gmt":"2022-08-30T10:47:43","guid":{"rendered":"https:\/\/www.huntersfriend.eu\/product\/dick-rapid-steel-knivslip-med-snabbstal\/"},"modified":"2025-08-27T06:24:10","modified_gmt":"2025-08-27T04:24:10","slug":"dick-rapid-steel-knivslip-med-snabbstal","status":"publish","type":"product","link":"https:\/\/www.huntersfriend.eu\/sv\/produkt\/dick-rapid-steel-knivslip-med-snabbstal\/","title":{"rendered":"Dick Rapid Steel knivslip med snabbst\u00e5l"},"content":{"rendered":"<p class=\"Paragraph SCXW6355190 BCX2\">L\u00e4ttanv\u00e4nd Rapid Steel knivslip. Den sparar tid, underl\u00e4ttar ditt arbete och den enkla hanteringen kommer att imponera p\u00e5 dig. Dra bara kniven igenom n\u00e5gra g\u00e5nger och din kniv kommer att slipas om med en exakt, optimal sk\u00e4regg. Knivslipens volym g\u00f6r den s\u00e4ker, vilket minskar risken f\u00f6r skador j\u00e4mf\u00f6rt med ett bryne.   <\/p>\n<p class=\"Paragraph SCXW6355190 BCX2\">V\u00e5r Rapid Steel har en ergonomisk design f\u00f6r ett b\u00e4ttre och s\u00e4krare grepp. Tack vare de robusta sp\u00e4nningsfj\u00e4drarna och slipst\u00e4ngerna i rostfritt st\u00e5l \u00e4r underh\u00e5ll och sk\u00f6tsel enkelt och billigt. Enhetens mekanik \u00e4r s\u00e4kert och hygieniskt skyddad i en l\u00e5st mekanisml\u00e5da. Du kan ocks\u00e5 f\u00e4sta Rapid Steel p\u00e5 disken eller bordet eller st\u00e4lla upp den med den halkfria bottenplattan med sugkoppar som finns som tillbeh\u00f6r.   <\/p>\n<p class=\"Paragraph SCXW6355190 BCX2\">\n","protected":false},"excerpt":{"rendered":"<p>L\u00e4ttanv\u00e4nd Rapid Steel knivslip. Den sparar tid, underl\u00e4ttar ditt arbete och den enkla hanteringen kommer att imponera p\u00e5 dig. Dra bara kniven igenom n\u00e5gra g\u00e5nger och din kniv kommer att slipas om med en exakt, optimal sk\u00e4regg. Knivslipens volym g\u00f6r den s\u00e4ker, vilket minskar risken f\u00f6r skador j\u00e4mf\u00f6rt med ett bryne. V\u00e5r Rapid Steel har [&#8230;]\n","protected":false},"featured_media":241930,"comment_status":"open","ping_status":"closed","template":"","meta":[],"product_brand":[],"product_cat":[2610],"product_tag":[],"class_list":{"0":"post-287616","1":"product","2":"type-product","3":"status-publish","4":"has-post-thumbnail","6":"product_cat-knivar-yxor-och-slipar","8":"first","9":"instock","10":"taxable","11":"shipping-taxable","12":"purchasable","13":"product-type-simple"},"composite_virtual":false,"composite_layout":"","composite_add_to_cart_form_location":"","composite_editable_in_cart":false,"composite_sold_individually_context":"","composite_shop_price_calc":"","composite_components":[],"composite_scenarios":[],"group_of_quantity":0,"min_quantity":0,"max_quantity":"","exclude_order_quantity_value_rules":"no","exclude_category_quantity_rules":"no","combine_variations":"no","exclude_global_add_ons":[],"addons":[],"_links":{"self":[{"href":"https:\/\/www.huntersfriend.eu\/sv\/wp-json\/wp\/v2\/product\/287616","targetHints":{"allow":["GET"]}}],"collection":[{"href":"https:\/\/www.huntersfriend.eu\/sv\/wp-json\/wp\/v2\/product"}],"about":[{"href":"https:\/\/www.huntersfriend.eu\/sv\/wp-json\/wp\/v2\/types\/product"}],"replies":[{"embeddable":true,"href":"https:\/\/www.huntersfriend.eu\/sv\/wp-json\/wp\/v2\/comments?post=287616"}],"wp:featuredmedia":[{"embeddable":true,"href":"https:\/\/www.huntersfriend.eu\/sv\/wp-json\/wp\/v2\/media\/241930"}],"wp:attachment":[{"href":"https:\/\/www.huntersfriend.eu\/sv\/wp-json\/wp\/v2\/media?parent=287616"}],"wp:term":[{"taxonomy":"product_brand","embeddable":true,"href":"https:\/\/www.huntersfriend.eu\/sv\/wp-json\/wp\/v2\/product_brand?post=287616"},{"taxonomy":"product_cat","embeddable":true,"href":"https:\/\/www.huntersfriend.eu\/sv\/wp-json\/wp\/v2\/product_cat?post=287616"},{"taxonomy":"product_tag","embeddable":true,"href":"https:\/\/www.huntersfriend.eu\/sv\/wp-json\/wp\/v2\/product_tag?post=287616"}],"curies":[{"name":"wp","href":"https:\/\/api.w.org\/{rel}","templated":true}]}}