{"id":287613,"date":"2022-08-30T14:16:41","date_gmt":"2022-08-30T12:16:41","guid":{"rendered":"https:\/\/www.huntersfriend.eu\/product\/dorr-explorer-modell-2712-forvaringslada\/"},"modified":"2025-08-27T06:24:09","modified_gmt":"2025-08-27T04:24:09","slug":"dorr-explorer-modell-2712-forvaringslada","status":"publish","type":"product","link":"https:\/\/www.huntersfriend.eu\/sv\/produkt\/dorr-explorer-modell-2712-forvaringslada\/","title":{"rendered":"D\u00f6rr explorer modell 2712 f\u00f6rvaringsl\u00e5da"},"content":{"rendered":"<p><span class=\"jCAhz ChMk0b\"><span class=\"ryNqvb\">Det finns saker som helt enkelt m\u00e5ste transporteras och f\u00f6rvaras s\u00e4kert.<\/span><\/span> <span class=\"jCAhz ChMk0b\"><span class=\"ryNqvb\">D\u00f6rr explorer mod.<\/span><\/span> <span class=\"jCAhz ChMk0b\"><span class=\"ryNqvb\">2712 tillbeh\u00f6rsl\u00e5da, du har en professionell b\u00e4rv\u00e4ska d\u00e4r du s\u00e4kert kan f\u00f6rvara k\u00e4nsliga och viktiga f\u00f6rem\u00e5l &#8211; till exempel pl\u00e5nb\u00f6cker, k\u00e4nsliga enheter, kikare, surfplattor, smartphones eller viktiga dokument, v\u00e4rdesaker eller ammunition.<\/span><\/span> <span class=\"jCAhz ChMk0b\"><span class=\"ryNqvb\">Oavsett om du \u00e4r utomhus, jagar eller arbetar: den t\u00e5liga D\u00f6rr Explorer Mod. <\/span><\/span><span class=\"jCAhz ChMk0b\"><span class=\"ryNqvb\">2712 tillbeh\u00f6rsl\u00e5da \u00e4r det r\u00e4tta valet.<\/span><\/span> <span class=\"jCAhz ChMk0b\"><span class=\"ryNqvb\">Med den manuella tryckutj\u00e4mningsventilen kan du till och med st\u00e4nga h\u00f6ljet helt luftt\u00e4tt om det beh\u00f6vs.<\/span><\/span> <span class=\"jCAhz ChMk0b\"><span class=\"ryNqvb\">Den praktiska D\u00f6rr Explorer Mod.<\/span><\/span> <span class=\"jCAhz ChMk0b\"><span class=\"ryNqvb\">2712 tillbeh\u00f6rsl\u00e5da, du skyddar och transporterar dina varor p\u00e5 ett tillf\u00f6rlitligt s\u00e4tt utan kompromisser.<\/span><\/span><\/p>\n<p><span class=\"jCAhz ChMk0b\"><span class=\"ryNqvb\">En h\u00f6gkvalitativ tillbeh\u00f6rsl\u00e5da f\u00f6r f\u00f6rvaring och transport av viktig utrustning<\/span><\/span><\/p>\n<p><span class=\"jCAhz ChMk0b\"><span class=\"ryNqvb\">Perfekt l\u00e4mpad, till exempel, f\u00f6r att s\u00e4kra handbagage p\u00e5 ett flygplan<\/span><\/span><\/p>\n<p><span class=\"jCAhz ChMk0b\"><span class=\"ryNqvb\">St\u00e4ngs t\u00e4tt<\/span><\/span><\/p>\n<p><span class=\"jCAhz ChMk0b\"><span class=\"ryNqvb\">Tillverkad av mycket slitstarkt material<\/span><\/span><\/p>\n<p><span class=\"jCAhz ChMk0b\"><span class=\"ryNqvb\">Damm- och vattent\u00e4t enligt IP67-klassificering<\/span><\/span><\/p>\n<p><span class=\"jCAhz ChMk0b\"><span class=\"ryNqvb\">Slagt\u00e5lig<\/span><\/span><\/p>\n<p><span class=\"jCAhz ChMk0b\"><span class=\"ryNqvb\">Best\u00e4ndig mot v\u00e4rme och syra<\/span><\/span><\/p>\n<p><span class=\"jCAhz ChMk0b\"><span class=\"ryNqvb\">Manuell tryckutj\u00e4mningsventil<\/span><\/span><\/p>\n<p><span class=\"jCAhz ChMk0b\"><span class=\"ryNqvb\">Stapelbar tack vare sina ben<\/span><\/span><\/p>\n<p><span class=\"jCAhz ChMk0b\"><span class=\"ryNqvb\">Stadiga sp\u00e4nnen<\/span><\/span><\/p>\n<p><span class=\"jCAhz ChMk0b\"><span class=\"ryNqvb\">Gummibelagt f\u00e4llbart handtag<\/span><\/span><\/p>\n<p><span class=\"jCAhz ChMk0b\"><span class=\"ryNqvb\">En plats f\u00f6r en plastetikett<\/span><\/span><\/p>\n<p><span class=\"jCAhz ChMk0b\"><span class=\"ryNqvb\">\u00d6glor f\u00f6r l\u00e5sning med ett kombinationsl\u00e5s (ing\u00e5r ej)<\/span><\/span><\/p>\n<p><span class=\"jCAhz ChMk0b\"><span class=\"ryNqvb\">Volym 6,6 liter<\/span><\/span><\/p>\n<p><span class=\"jCAhz ChMk0b\"><span class=\"ryNqvb\">Ytterm\u00e5tt 14,4 x 30,5 x 27 cm<\/span><\/span><\/p>\n<p><span class=\"jCAhz ChMk0b\"><span class=\"ryNqvb\">Innerm\u00e5tt 12 x 27,6 x 20 cm<\/span><\/span><\/p>\n<p><span class=\"jCAhz ChMk0b\"><span class=\"ryNqvb\">Vikt 1830 g<\/span><\/span><\/p>\n","protected":false},"excerpt":{"rendered":"<p>Det finns saker som helt enkelt m\u00e5ste transporteras och f\u00f6rvaras s\u00e4kert. D\u00f6rr explorer mod. 2712 tillbeh\u00f6rsl\u00e5da, du har en professionell b\u00e4rv\u00e4ska d\u00e4r du s\u00e4kert kan f\u00f6rvara k\u00e4nsliga och viktiga f\u00f6rem\u00e5l &#8211; till exempel pl\u00e5nb\u00f6cker, k\u00e4nsliga enheter, kikare, surfplattor, smartphones eller viktiga dokument, v\u00e4rdesaker eller ammunition. Oavsett om du \u00e4r utomhus, jagar eller arbetar: den t\u00e5liga [&#8230;]\n","protected":false},"featured_media":250828,"comment_status":"open","ping_status":"closed","template":"","meta":[],"product_brand":[],"product_cat":[878],"product_tag":[],"class_list":{"0":"post-287613","1":"product","2":"type-product","3":"status-publish","4":"has-post-thumbnail","6":"product_cat-uncategorized-sv","8":"first","9":"outofstock","10":"taxable","11":"shipping-taxable","12":"purchasable","13":"product-type-simple"},"composite_virtual":false,"composite_layout":"","composite_add_to_cart_form_location":"","composite_editable_in_cart":false,"composite_sold_individually_context":"","composite_shop_price_calc":"","composite_components":[],"composite_scenarios":[],"group_of_quantity":0,"min_quantity":0,"max_quantity":"","exclude_order_quantity_value_rules":"no","exclude_category_quantity_rules":"no","combine_variations":"no","exclude_global_add_ons":[],"addons":[],"_links":{"self":[{"href":"https:\/\/www.huntersfriend.eu\/sv\/wp-json\/wp\/v2\/product\/287613","targetHints":{"allow":["GET"]}}],"collection":[{"href":"https:\/\/www.huntersfriend.eu\/sv\/wp-json\/wp\/v2\/product"}],"about":[{"href":"https:\/\/www.huntersfriend.eu\/sv\/wp-json\/wp\/v2\/types\/product"}],"replies":[{"embeddable":true,"href":"https:\/\/www.huntersfriend.eu\/sv\/wp-json\/wp\/v2\/comments?post=287613"}],"wp:featuredmedia":[{"embeddable":true,"href":"https:\/\/www.huntersfriend.eu\/sv\/wp-json\/wp\/v2\/media\/250828"}],"wp:attachment":[{"href":"https:\/\/www.huntersfriend.eu\/sv\/wp-json\/wp\/v2\/media?parent=287613"}],"wp:term":[{"taxonomy":"product_brand","embeddable":true,"href":"https:\/\/www.huntersfriend.eu\/sv\/wp-json\/wp\/v2\/product_brand?post=287613"},{"taxonomy":"product_cat","embeddable":true,"href":"https:\/\/www.huntersfriend.eu\/sv\/wp-json\/wp\/v2\/product_cat?post=287613"},{"taxonomy":"product_tag","embeddable":true,"href":"https:\/\/www.huntersfriend.eu\/sv\/wp-json\/wp\/v2\/product_tag?post=287613"}],"curies":[{"name":"wp","href":"https:\/\/api.w.org\/{rel}","templated":true}]}}