{"id":287612,"date":"2022-08-30T12:21:09","date_gmt":"2022-08-30T10:21:09","guid":{"rendered":"https:\/\/www.huntersfriend.eu\/product\/maximalt-armskydd\/"},"modified":"2025-08-27T06:24:09","modified_gmt":"2025-08-27T04:24:09","slug":"maximalt-armskydd","status":"publish","type":"product","link":"https:\/\/www.huntersfriend.eu\/sv\/produkt\/maximalt-armskydd\/","title":{"rendered":"Maximalt armskydd"},"content":{"rendered":"<p>Maximalt armskydd f\u00f6r vuxna <strong>PU Camo-l\u00e4der.<\/strong> P\u00e5 baksidan \u00e4r det svart med rivstoppande ballistisk v\u00e4vd nylon. 3 robusta justerbara elastiska f\u00e4stremmar f\u00f6r en s\u00e4ker och bekv\u00e4m passform. <\/p>\n<p>L\u00e4ngd: 19 cm<\/p>\n<p>F\u00e4rger: svart och camo<\/p>\n","protected":false},"excerpt":{"rendered":"<p>19 cm Svart och Camo<\/p>\n","protected":false},"featured_media":235861,"comment_status":"open","ping_status":"closed","template":"","meta":[],"product_brand":[],"product_cat":[2926],"product_tag":[],"class_list":{"0":"post-287612","1":"product","2":"type-product","3":"status-publish","4":"has-post-thumbnail","6":"product_cat-armskydd-for-jakt-och-malskytte","8":"first","9":"instock","10":"taxable","11":"shipping-taxable","12":"purchasable","13":"product-type-variable"},"composite_virtual":false,"composite_layout":"","composite_add_to_cart_form_location":"","composite_editable_in_cart":false,"composite_sold_individually_context":"","composite_shop_price_calc":"","composite_components":[],"composite_scenarios":[],"group_of_quantity":0,"min_quantity":0,"max_quantity":"","exclude_order_quantity_value_rules":"no","exclude_category_quantity_rules":"no","combine_variations":"no","exclude_global_add_ons":[],"addons":[],"_links":{"self":[{"href":"https:\/\/www.huntersfriend.eu\/sv\/wp-json\/wp\/v2\/product\/287612","targetHints":{"allow":["GET"]}}],"collection":[{"href":"https:\/\/www.huntersfriend.eu\/sv\/wp-json\/wp\/v2\/product"}],"about":[{"href":"https:\/\/www.huntersfriend.eu\/sv\/wp-json\/wp\/v2\/types\/product"}],"replies":[{"embeddable":true,"href":"https:\/\/www.huntersfriend.eu\/sv\/wp-json\/wp\/v2\/comments?post=287612"}],"wp:featuredmedia":[{"embeddable":true,"href":"https:\/\/www.huntersfriend.eu\/sv\/wp-json\/wp\/v2\/media\/235861"}],"wp:attachment":[{"href":"https:\/\/www.huntersfriend.eu\/sv\/wp-json\/wp\/v2\/media?parent=287612"}],"wp:term":[{"taxonomy":"product_brand","embeddable":true,"href":"https:\/\/www.huntersfriend.eu\/sv\/wp-json\/wp\/v2\/product_brand?post=287612"},{"taxonomy":"product_cat","embeddable":true,"href":"https:\/\/www.huntersfriend.eu\/sv\/wp-json\/wp\/v2\/product_cat?post=287612"},{"taxonomy":"product_tag","embeddable":true,"href":"https:\/\/www.huntersfriend.eu\/sv\/wp-json\/wp\/v2\/product_tag?post=287612"}],"curies":[{"name":"wp","href":"https:\/\/api.w.org\/{rel}","templated":true}]}}