{"id":287610,"date":"2022-08-30T12:08:44","date_gmt":"2022-08-30T10:08:44","guid":{"rendered":"https:\/\/www.huntersfriend.eu\/product\/vorn-utrustning-fagelnat\/"},"modified":"2025-08-27T06:24:08","modified_gmt":"2025-08-27T04:24:08","slug":"vorn-utrustning-fagelnat","status":"publish","type":"product","link":"https:\/\/www.huntersfriend.eu\/sv\/produkt\/vorn-utrustning-fagelnat\/","title":{"rendered":"Vorn-utrustning F\u00e5geln\u00e4t"},"content":{"rendered":"<p>Vorn F\u00e5geln\u00e4t f\u00e4sts enkelt p\u00e5 baksidan av din Vorn-ryggs\u00e4ck. Detta g\u00f6r att du kan transportera ditt byte och forts\u00e4tta jakten. F\u00e5geln\u00e4tet \u00e4r avtagbart och kan enkelt f\u00e4stas eller tas bort fr\u00e5n ryggs\u00e4cken. Det \u00e4r v\u00e4lventilerat och har en elastisk sn\u00f6r\u00f6ppning upptill.   <\/p>\n<ul>\n<li>Storlek: 22 x 30 x 13 cm.<\/li>\n<li>Vikt: 165 g.<\/li>\n<li>Volym: 10 liter.<\/li>\n<\/ul>\n","protected":false},"excerpt":{"rendered":"<p>Tillbeh\u00f6r f\u00f6r Vorn-ryggs\u00e4ck<\/p>\n","protected":false},"featured_media":235867,"comment_status":"open","ping_status":"closed","template":"","meta":[],"product_brand":[],"product_cat":[878],"product_tag":[],"class_list":{"0":"post-287610","1":"product","2":"type-product","3":"status-publish","4":"has-post-thumbnail","6":"product_cat-uncategorized-sv","8":"first","9":"outofstock","10":"taxable","11":"shipping-taxable","12":"purchasable","13":"product-type-simple"},"composite_virtual":false,"composite_layout":"","composite_add_to_cart_form_location":"","composite_editable_in_cart":false,"composite_sold_individually_context":"","composite_shop_price_calc":"","composite_components":[],"composite_scenarios":[],"group_of_quantity":0,"min_quantity":0,"max_quantity":"","exclude_order_quantity_value_rules":"no","exclude_category_quantity_rules":"no","combine_variations":"no","exclude_global_add_ons":[],"addons":[],"_links":{"self":[{"href":"https:\/\/www.huntersfriend.eu\/sv\/wp-json\/wp\/v2\/product\/287610","targetHints":{"allow":["GET"]}}],"collection":[{"href":"https:\/\/www.huntersfriend.eu\/sv\/wp-json\/wp\/v2\/product"}],"about":[{"href":"https:\/\/www.huntersfriend.eu\/sv\/wp-json\/wp\/v2\/types\/product"}],"replies":[{"embeddable":true,"href":"https:\/\/www.huntersfriend.eu\/sv\/wp-json\/wp\/v2\/comments?post=287610"}],"wp:featuredmedia":[{"embeddable":true,"href":"https:\/\/www.huntersfriend.eu\/sv\/wp-json\/wp\/v2\/media\/235867"}],"wp:attachment":[{"href":"https:\/\/www.huntersfriend.eu\/sv\/wp-json\/wp\/v2\/media?parent=287610"}],"wp:term":[{"taxonomy":"product_brand","embeddable":true,"href":"https:\/\/www.huntersfriend.eu\/sv\/wp-json\/wp\/v2\/product_brand?post=287610"},{"taxonomy":"product_cat","embeddable":true,"href":"https:\/\/www.huntersfriend.eu\/sv\/wp-json\/wp\/v2\/product_cat?post=287610"},{"taxonomy":"product_tag","embeddable":true,"href":"https:\/\/www.huntersfriend.eu\/sv\/wp-json\/wp\/v2\/product_tag?post=287610"}],"curies":[{"name":"wp","href":"https:\/\/api.w.org\/{rel}","templated":true}]}}