{"id":287609,"date":"2022-08-30T12:47:44","date_gmt":"2022-08-30T10:47:44","guid":{"rendered":"https:\/\/www.huntersfriend.eu\/product\/mjoelner-jakt-kindstod\/"},"modified":"2025-08-27T06:24:08","modified_gmt":"2025-08-27T04:24:08","slug":"mjoelner-jakt-kindstod","status":"publish","type":"product","link":"https:\/\/www.huntersfriend.eu\/sv\/produkt\/mjoelner-jakt-kindstod\/","title":{"rendered":"Mjoelner jakt kindst\u00f6d"},"content":{"rendered":"<p><span class=\"jCAhz ChMk0b\"><span class=\"ryNqvb\">Mjoelner jakt kindst\u00f6d l\u00e5ter dig justera h\u00f6jden p\u00e5 kindomr\u00e5det efter siktlinjen.<\/span><\/span> <span class=\"jCAhz ChMk0b\"><span class=\"ryNqvb\">Detta \u00e4r s\u00e4rskilt viktigt n\u00e4r kikarsiktet \u00e4r f\u00e4st vid gev\u00e4ret med h\u00f6ga monteringsringar.<\/span><\/span> <span class=\"jCAhz ChMk0b\"><span class=\"ryNqvb\">Mjoelner jakt kindst\u00f6d \u00e4r tillverkat av ett neoprenskydd och erbjuder plats f\u00f6r upp till 3 skumdelar inuti.<\/span><\/span> <span class=\"jCAhz ChMk0b\"><span class=\"ryNqvb\">Dessa kan anv\u00e4ndas individuellt eller i kombination f\u00f6r att f\u00e5 b\u00e4sta m\u00f6jliga sikt genom kikarsiktet.<\/span><\/span> <span class=\"jCAhz ChMk0b\"><span class=\"ryNqvb\">Mjoelner jakt kindst\u00f6d har \u00f6glor f\u00f6r upp till 9 gev\u00e4rsk patroner.<\/span><\/span><\/p>\n","protected":false},"excerpt":{"rendered":"<p>Mjoelner jakt kindst\u00f6d l\u00e5ter dig justera h\u00f6jden p\u00e5 kindomr\u00e5det efter siktlinjen. Detta \u00e4r s\u00e4rskilt viktigt n\u00e4r kikarsiktet \u00e4r f\u00e4st vid gev\u00e4ret med h\u00f6ga monteringsringar. Mjoelner jakt kindst\u00f6d \u00e4r tillverkat av ett neoprenskydd och erbjuder plats f\u00f6r upp till 3 skumdelar inuti. Dessa kan anv\u00e4ndas individuellt eller i kombination f\u00f6r att f\u00e5 b\u00e4sta m\u00f6jliga sikt genom [&#8230;]\n","protected":false},"featured_media":250835,"comment_status":"open","ping_status":"closed","template":"","meta":[],"product_brand":[],"product_cat":[2568,2564],"product_tag":[],"class_list":{"0":"post-287609","1":"product","2":"type-product","3":"status-publish","4":"has-post-thumbnail","6":"product_cat-jakt-tillbehor","7":"product_cat-remmar-tillbehor","9":"first","10":"instock","11":"taxable","12":"shipping-taxable","13":"purchasable","14":"product-type-simple"},"composite_virtual":false,"composite_layout":"","composite_add_to_cart_form_location":"","composite_editable_in_cart":false,"composite_sold_individually_context":"","composite_shop_price_calc":"","composite_components":[],"composite_scenarios":[],"group_of_quantity":0,"min_quantity":0,"max_quantity":"","exclude_order_quantity_value_rules":"no","exclude_category_quantity_rules":"no","combine_variations":"no","exclude_global_add_ons":[],"addons":[],"_links":{"self":[{"href":"https:\/\/www.huntersfriend.eu\/sv\/wp-json\/wp\/v2\/product\/287609","targetHints":{"allow":["GET"]}}],"collection":[{"href":"https:\/\/www.huntersfriend.eu\/sv\/wp-json\/wp\/v2\/product"}],"about":[{"href":"https:\/\/www.huntersfriend.eu\/sv\/wp-json\/wp\/v2\/types\/product"}],"replies":[{"embeddable":true,"href":"https:\/\/www.huntersfriend.eu\/sv\/wp-json\/wp\/v2\/comments?post=287609"}],"wp:featuredmedia":[{"embeddable":true,"href":"https:\/\/www.huntersfriend.eu\/sv\/wp-json\/wp\/v2\/media\/250835"}],"wp:attachment":[{"href":"https:\/\/www.huntersfriend.eu\/sv\/wp-json\/wp\/v2\/media?parent=287609"}],"wp:term":[{"taxonomy":"product_brand","embeddable":true,"href":"https:\/\/www.huntersfriend.eu\/sv\/wp-json\/wp\/v2\/product_brand?post=287609"},{"taxonomy":"product_cat","embeddable":true,"href":"https:\/\/www.huntersfriend.eu\/sv\/wp-json\/wp\/v2\/product_cat?post=287609"},{"taxonomy":"product_tag","embeddable":true,"href":"https:\/\/www.huntersfriend.eu\/sv\/wp-json\/wp\/v2\/product_tag?post=287609"}],"curies":[{"name":"wp","href":"https:\/\/api.w.org\/{rel}","templated":true}]}}